{"id":325,"date":"2024-05-23T14:04:44","date_gmt":"2024-05-23T12:04:44","guid":{"rendered":"https:\/\/momenta.no\/?page_id=325"},"modified":"2026-03-05T15:42:16","modified_gmt":"2026-03-05T14:42:16","slug":"pumper","status":"publish","type":"page","link":"https:\/\/momenta.no\/da\/pumper\/","title":{"rendered":"Pumper"},"content":{"rendered":"<div class=\"wp-block-columns alignfull is-layout-flex wp-container-core-columns-is-layout-665c0c14 wp-block-columns-is-layout-flex\" style=\"border-radius:20px;margin-top:0;margin-bottom:0;padding-top:0;padding-right:var(--wp--preset--spacing--40);padding-bottom:0;padding-left:var(--wp--preset--spacing--40)\">\n<div class=\"wp-block-column is-vertically-aligned-center is-layout-constrained wp-container-core-column-is-layout-19e250f3 wp-block-column-is-layout-constrained\">\n<div class=\"wp-block-cover alignfull\" style=\"border-radius:20px;min-height:60vh;aspect-ratio:unset;\"><img loading=\"lazy\" decoding=\"async\" width=\"1024\" height=\"576\" class=\"wp-block-cover__image-background wp-image-2522 size-large\" alt=\"\" src=\"https:\/\/momenta.no\/wp-content\/uploads\/2026\/01\/momenta_1a-1024x576.jpg\" style=\"object-position:66% 52%\" data-object-fit=\"cover\" data-object-position=\"66% 52%\" srcset=\"https:\/\/momenta.no\/wp-content\/uploads\/2026\/01\/momenta_1a-1024x576.jpg 1024w, https:\/\/momenta.no\/wp-content\/uploads\/2026\/01\/momenta_1a-300x169.jpg 300w, https:\/\/momenta.no\/wp-content\/uploads\/2026\/01\/momenta_1a-768x432.jpg 768w, https:\/\/momenta.no\/wp-content\/uploads\/2026\/01\/momenta_1a-1536x864.jpg 1536w, https:\/\/momenta.no\/wp-content\/uploads\/2026\/01\/momenta_1a.jpg 1920w\" sizes=\"auto, (max-width: 1024px) 100vw, 1024px\" \/><span aria-hidden=\"true\" class=\"wp-block-cover__background has-palette-color-2-background-color has-background-dim\"><\/span><div class=\"wp-block-cover__inner-container is-layout-constrained wp-block-cover-is-layout-constrained\">\n<div class=\"wp-block-essential-blocks-row alignfull  root-eb-row-p7seu\"><div class=\"eb-parent-wrapper eb-parent-eb-row-p7seu\"><div class=\"eb-row-root-container eb-row-p7seu\" data-id=\"eb-row-p7seu\"><div class=\"eb-row-wrapper\"><div class=\"eb-row-inner\">\n<div class=\"wp-block-essential-blocks-column  root-eb-column-bcp26\"><div class=\"eb-parent-wrapper eb-parent-eb-column-bcp26\"><div class=\"eb-column-wrapper eb-column-bcp26\"><div class=\"eb-column-inner\"><\/div><\/div><\/div><\/div>\n\n\n\n<div class=\"wp-block-essential-blocks-column  root-eb-column-k5l7a\"><div class=\"eb-parent-wrapper eb-parent-eb-column-k5l7a\"><div class=\"eb-column-wrapper eb-column-k5l7a\"><div class=\"eb-column-inner\">\n<h1 class=\"wp-block-heading has-palette-color-8-color has-text-color has-link-color wp-elements-be55eac38037c63fbbb9719e69135215\">Pumper<\/h1>\n\n\n\n<h3 class=\"wp-block-heading has-palette-color-8-color has-text-color has-link-color wp-elements-ec89307494ca2ebd4595eba1c0c3d7b9\">Vi leverer altid topkvalitet. Det er derfor, vi er den eneste certificerede distribut\u00f8r af Lewa-kvalitetspumper.<\/h3>\n<\/div><\/div><\/div><\/div>\n\n\n\n<div class=\"wp-block-essential-blocks-column  root-eb-column-f58wr\"><div class=\"eb-parent-wrapper eb-parent-eb-column-f58wr\"><div class=\"eb-column-wrapper eb-column-f58wr\"><div class=\"eb-column-inner\"><\/div><\/div><\/div><\/div>\n<\/div><\/div><\/div><\/div><\/div>\n<\/div><\/div>\n<\/div>\n<\/div>\n\n\n\n<div style=\"height:115px\" aria-hidden=\"true\" class=\"wp-block-spacer\"><\/div>\n\n\n\n<div class=\"wp-block-columns is-layout-flex wp-container-core-columns-is-layout-28f84493 wp-block-columns-is-layout-flex\">\n<div class=\"wp-block-column is-layout-flow wp-block-column-is-layout-flow\">\n<div class=\"wp-block-cover\" style=\"border-top-left-radius:10px;border-top-right-radius:10px;border-bottom-left-radius:10px;border-bottom-right-radius:10px;min-height:30vh;aspect-ratio:unset;\"><span aria-hidden=\"true\" class=\"wp-block-cover__background has-palette-color-5-background-color has-background-dim-100 has-background-dim\"><\/span><div class=\"wp-block-cover__inner-container is-layout-constrained wp-block-cover-is-layout-constrained\">\n<figure class=\"wp-block-image aligncenter size-full is-resized\"><a href=\"https:\/\/momenta.no\/discflo-pumer\/\"><img loading=\"lazy\" decoding=\"async\" width=\"727\" height=\"539\" src=\"https:\/\/momenta.no\/wp-content\/uploads\/2024\/05\/Glass-Lined-Pumps-1.png\" alt=\"\" class=\"wp-image-347\" style=\"aspect-ratio:1.3488482545713607;width:196px;height:auto\" srcset=\"https:\/\/momenta.no\/wp-content\/uploads\/2024\/05\/Glass-Lined-Pumps-1.png 727w, https:\/\/momenta.no\/wp-content\/uploads\/2024\/05\/Glass-Lined-Pumps-1-300x222.png 300w, https:\/\/momenta.no\/wp-content\/uploads\/2024\/05\/Glass-Lined-Pumps-1-600x445.png 600w\" sizes=\"auto, (max-width: 727px) 100vw, 727px\" \/><\/a><\/figure>\n\n\n\n<p class=\"has-text-align-center has-palette-color-3-color has-text-color has-link-color wp-elements-2ae5245e3a68fd9eeff9c4fbdc022b8d\"><strong>Discflo-pumper<\/strong><\/p>\n<\/div><\/div>\n<\/div>\n\n\n\n<div class=\"wp-block-column is-layout-flow wp-block-column-is-layout-flow\">\n<div class=\"wp-block-cover\" style=\"border-top-left-radius:10px;border-top-right-radius:10px;border-bottom-left-radius:10px;border-bottom-right-radius:10px;min-height:30vh;aspect-ratio:unset;\"><span aria-hidden=\"true\" class=\"wp-block-cover__background has-palette-color-5-background-color has-background-dim-100 has-background-dim\"><\/span><div class=\"wp-block-cover__inner-container is-layout-constrained wp-block-cover-is-layout-constrained\">\n<figure class=\"wp-block-image aligncenter size-full is-resized\"><a href=\"https:\/\/momenta.no\/aro-pumper\/\"><img loading=\"lazy\" decoding=\"async\" width=\"648\" height=\"712\" src=\"https:\/\/momenta.no\/wp-content\/uploads\/2024\/05\/aro_s-l1200-1.png\" alt=\"\" class=\"wp-image-345\" style=\"aspect-ratio:1;object-fit:cover;width:145px;height:auto\" srcset=\"https:\/\/momenta.no\/wp-content\/uploads\/2024\/05\/aro_s-l1200-1.png 648w, https:\/\/momenta.no\/wp-content\/uploads\/2024\/05\/aro_s-l1200-1-273x300.png 273w, https:\/\/momenta.no\/wp-content\/uploads\/2024\/05\/aro_s-l1200-1-600x659.png 600w\" sizes=\"auto, (max-width: 648px) 100vw, 648px\" \/><\/a><\/figure>\n\n\n\n<p class=\"has-text-align-center has-palette-color-3-color has-text-color has-link-color wp-elements-a0fe29ba3253103031be6ee15f94c2cf\"><strong>ARO-pumper<\/strong><\/p>\n<\/div><\/div>\n<\/div>\n\n\n\n<div class=\"wp-block-column is-layout-flow wp-block-column-is-layout-flow\">\n<div class=\"wp-block-cover\" style=\"border-top-left-radius:10px;border-top-right-radius:10px;border-bottom-left-radius:10px;border-bottom-right-radius:10px;min-height:30vh;aspect-ratio:unset;\"><span aria-hidden=\"true\" class=\"wp-block-cover__background has-palette-color-5-background-color has-background-dim-100 has-background-dim\"><\/span><div class=\"wp-block-cover__inner-container is-layout-constrained wp-block-cover-is-layout-constrained\">\n<figure class=\"wp-block-image aligncenter size-full\"><a href=\"https:\/\/momenta.no\/lewapumper\/\"><img loading=\"lazy\" decoding=\"async\" width=\"859\" height=\"453\" src=\"https:\/\/momenta.no\/wp-content\/uploads\/2024\/05\/LEWA-ecoflow\u00ae-packed-plunger-metering-pump.png\" alt=\"\" class=\"wp-image-314\" srcset=\"https:\/\/momenta.no\/wp-content\/uploads\/2024\/05\/LEWA-ecoflow\u00ae-packed-plunger-metering-pump.png 859w, https:\/\/momenta.no\/wp-content\/uploads\/2024\/05\/LEWA-ecoflow\u00ae-packed-plunger-metering-pump-300x158.png 300w, https:\/\/momenta.no\/wp-content\/uploads\/2024\/05\/LEWA-ecoflow\u00ae-packed-plunger-metering-pump-768x405.png 768w, https:\/\/momenta.no\/wp-content\/uploads\/2024\/05\/LEWA-ecoflow\u00ae-packed-plunger-metering-pump-600x316.png 600w\" sizes=\"auto, (max-width: 859px) 100vw, 859px\" \/><\/a><\/figure>\n\n\n\n<p class=\"has-text-align-center has-palette-color-3-color has-text-color has-link-color wp-elements-a3d2819c90f09a42216446d5ae67c018\"><strong>LEWA-pumper<\/strong><\/p>\n<\/div><\/div>\n<\/div>\n\n\n\n<div class=\"wp-block-column is-layout-flow wp-block-column-is-layout-flow\">\n<div class=\"wp-block-cover\" style=\"border-top-left-radius:10px;border-top-right-radius:10px;border-bottom-left-radius:10px;border-bottom-right-radius:10px;min-height:30vh;aspect-ratio:unset;\"><span aria-hidden=\"true\" class=\"wp-block-cover__background has-palette-color-5-background-color has-background-dim-100 has-background-dim\"><\/span><div class=\"wp-block-cover__inner-container is-layout-constrained wp-block-cover-is-layout-constrained\">\n<figure class=\"wp-block-image aligncenter size-full is-resized\"><a href=\"https:\/\/momenta.no\/flowserve-pumper\/\"><img loading=\"lazy\" decoding=\"async\" width=\"1080\" height=\"961\" src=\"https:\/\/momenta.no\/wp-content\/uploads\/2024\/06\/Durco-Mark-3.png\" alt=\"\" class=\"wp-image-1553\" style=\"aspect-ratio:1.3488482545713607;width:209px;height:auto\" srcset=\"https:\/\/momenta.no\/wp-content\/uploads\/2024\/06\/Durco-Mark-3.png 1080w, https:\/\/momenta.no\/wp-content\/uploads\/2024\/06\/Durco-Mark-3-300x267.png 300w, https:\/\/momenta.no\/wp-content\/uploads\/2024\/06\/Durco-Mark-3-1024x911.png 1024w, https:\/\/momenta.no\/wp-content\/uploads\/2024\/06\/Durco-Mark-3-768x683.png 768w, https:\/\/momenta.no\/wp-content\/uploads\/2024\/06\/Durco-Mark-3-600x534.png 600w\" sizes=\"auto, (max-width: 1080px) 100vw, 1080px\" \/><\/a><\/figure>\n\n\n\n<p class=\"has-text-align-center has-palette-color-3-color has-text-color has-link-color wp-elements-2d999286e77877f7d712e2e28be27ef8\"><strong>Flowserve-pumper<\/strong><\/p>\n<\/div><\/div>\n<\/div>\n<\/div>\n\n\n\n<div class=\"wp-block-columns is-layout-flex wp-container-core-columns-is-layout-28f84493 wp-block-columns-is-layout-flex\">\n<div class=\"wp-block-column is-layout-flow wp-block-column-is-layout-flow\">\n<div class=\"wp-block-cover\" style=\"border-top-left-radius:10px;border-top-right-radius:10px;border-bottom-left-radius:10px;border-bottom-right-radius:10px;min-height:30vh;aspect-ratio:unset;\"><span aria-hidden=\"true\" class=\"wp-block-cover__background has-palette-color-5-background-color has-background-dim-100 has-background-dim\"><\/span><div class=\"wp-block-cover__inner-container is-layout-constrained wp-block-cover-is-layout-constrained\">\n<figure class=\"wp-block-image aligncenter size-full is-resized\"><a href=\"https:\/\/momenta.no\/flowserve-seal\"><img loading=\"lazy\" decoding=\"async\" width=\"676\" height=\"676\" src=\"https:\/\/momenta.no\/wp-content\/uploads\/2024\/05\/Standard-Cartridge-Seals-ISC2-682-1.png\" alt=\"\" class=\"wp-image-348\" style=\"object-fit:cover;width:176px;height:auto\" srcset=\"https:\/\/momenta.no\/wp-content\/uploads\/2024\/05\/Standard-Cartridge-Seals-ISC2-682-1.png 676w, https:\/\/momenta.no\/wp-content\/uploads\/2024\/05\/Standard-Cartridge-Seals-ISC2-682-1-300x300.png 300w, https:\/\/momenta.no\/wp-content\/uploads\/2024\/05\/Standard-Cartridge-Seals-ISC2-682-1-150x150.png 150w, https:\/\/momenta.no\/wp-content\/uploads\/2024\/05\/Standard-Cartridge-Seals-ISC2-682-1-500x500.png 500w, https:\/\/momenta.no\/wp-content\/uploads\/2024\/05\/Standard-Cartridge-Seals-ISC2-682-1-600x600.png 600w, https:\/\/momenta.no\/wp-content\/uploads\/2024\/05\/Standard-Cartridge-Seals-ISC2-682-1-100x100.png 100w\" sizes=\"auto, (max-width: 676px) 100vw, 676px\" \/><\/a><\/figure>\n\n\n\n<p class=\"has-text-align-center has-palette-color-3-color has-text-color has-link-color wp-elements-60a9c314abfc4b2cbc62a88ce26610e3\"><strong>Flowserve-t\u00e6tninger<\/strong><\/p>\n<\/div><\/div>\n<\/div>\n\n\n\n<div class=\"wp-block-column is-layout-flow wp-block-column-is-layout-flow\">\n<div class=\"wp-block-cover\" style=\"border-top-left-radius:10px;border-top-right-radius:10px;border-bottom-left-radius:10px;border-bottom-right-radius:10px;min-height:30vh;aspect-ratio:unset;\"><span aria-hidden=\"true\" class=\"wp-block-cover__background has-palette-color-5-background-color has-background-dim-100 has-background-dim\"><\/span><div class=\"wp-block-cover__inner-container is-layout-constrained wp-block-cover-is-layout-constrained\">\n<figure class=\"wp-block-image aligncenter size-full is-resized\"><a href=\"https:\/\/momenta.no\/williams-pumer\/#williams-standard\"><img loading=\"lazy\" decoding=\"async\" width=\"800\" height=\"640\" src=\"https:\/\/momenta.no\/wp-content\/uploads\/2024\/05\/Williams-CLD.png\" alt=\"\" class=\"wp-image-349\" style=\"aspect-ratio:1;object-fit:cover;width:181px;height:auto\" srcset=\"https:\/\/momenta.no\/wp-content\/uploads\/2024\/05\/Williams-CLD.png 800w, https:\/\/momenta.no\/wp-content\/uploads\/2024\/05\/Williams-CLD-300x240.png 300w, https:\/\/momenta.no\/wp-content\/uploads\/2024\/05\/Williams-CLD-768x614.png 768w, https:\/\/momenta.no\/wp-content\/uploads\/2024\/05\/Williams-CLD-600x480.png 600w\" sizes=\"auto, (max-width: 800px) 100vw, 800px\" \/><\/a><\/figure>\n\n\n\n<p class=\"has-text-align-center has-palette-color-3-color has-text-color has-link-color wp-elements-014477d3d70fb87a0a63c5c460375414\"><strong>Williams-pumper<\/strong><\/p>\n<\/div><\/div>\n<\/div>\n\n\n\n<div class=\"wp-block-column is-layout-flow wp-block-column-is-layout-flow\">\n<div class=\"wp-block-cover\" style=\"border-top-left-radius:10px;border-top-right-radius:10px;border-bottom-left-radius:10px;border-bottom-right-radius:10px;min-height:30vh;aspect-ratio:unset;\"><span aria-hidden=\"true\" class=\"wp-block-cover__background has-palette-color-5-background-color has-background-dim-100 has-background-dim\"><\/span><div class=\"wp-block-cover__inner-container is-layout-constrained wp-block-cover-is-layout-constrained\">\n<figure class=\"wp-block-image aligncenter size-full is-resized\"><a href=\"https:\/\/momenta.no\/graco-pumper\/#graco-innovation\"><img loading=\"lazy\" decoding=\"async\" width=\"602\" height=\"800\" src=\"https:\/\/momenta.no\/wp-content\/uploads\/2024\/05\/wolverine-pumps.png\" alt=\"\" class=\"wp-image-351\" style=\"aspect-ratio:1;object-fit:cover;width:168px;height:auto\" srcset=\"https:\/\/momenta.no\/wp-content\/uploads\/2024\/05\/wolverine-pumps.png 602w, https:\/\/momenta.no\/wp-content\/uploads\/2024\/05\/wolverine-pumps-226x300.png 226w, https:\/\/momenta.no\/wp-content\/uploads\/2024\/05\/wolverine-pumps-600x797.png 600w\" sizes=\"auto, (max-width: 602px) 100vw, 602px\" \/><\/a><\/figure>\n\n\n\n<p class=\"has-text-align-center has-palette-color-3-color has-text-color has-link-color wp-elements-20512eba921825be9b3c3c74ae496904\"><strong>Graco-pumper<\/strong><\/p>\n<\/div><\/div>\n<\/div>\n\n\n\n<div class=\"wp-block-column is-layout-flow wp-block-column-is-layout-flow\">\n<div class=\"wp-block-cover\" style=\"border-top-left-radius:10px;border-top-right-radius:10px;border-bottom-left-radius:10px;border-bottom-right-radius:10px;min-height:30vh;aspect-ratio:unset;\"><span aria-hidden=\"true\" class=\"wp-block-cover__background has-palette-color-5-background-color has-background-dim-100 has-background-dim\"><\/span><div class=\"wp-block-cover__inner-container is-layout-constrained wp-block-cover-is-layout-constrained\">\n<figure class=\"wp-block-image aligncenter size-full is-resized\"><a href=\"https:\/\/momenta.no\/scherzinger-pumps\/\"><img loading=\"lazy\" decoding=\"async\" width=\"1080\" height=\"865\" src=\"https:\/\/momenta.no\/wp-content\/uploads\/2026\/03\/51_151_351_551_Gruppe_2000_web_aea7fffa34.webp\" alt=\"\" class=\"wp-image-2729\" style=\"aspect-ratio:1.2485807947549372;width:209px;height:auto\" srcset=\"https:\/\/momenta.no\/wp-content\/uploads\/2026\/03\/51_151_351_551_Gruppe_2000_web_aea7fffa34.webp 1080w, https:\/\/momenta.no\/wp-content\/uploads\/2026\/03\/51_151_351_551_Gruppe_2000_web_aea7fffa34-300x240.webp 300w, https:\/\/momenta.no\/wp-content\/uploads\/2026\/03\/51_151_351_551_Gruppe_2000_web_aea7fffa34-1024x820.webp 1024w, https:\/\/momenta.no\/wp-content\/uploads\/2026\/03\/51_151_351_551_Gruppe_2000_web_aea7fffa34-768x615.webp 768w, https:\/\/momenta.no\/wp-content\/uploads\/2026\/03\/51_151_351_551_Gruppe_2000_web_aea7fffa34-15x12.webp 15w\" sizes=\"auto, (max-width: 1080px) 100vw, 1080px\" \/><\/a><\/figure>\n\n\n\n<p class=\"has-text-align-center has-palette-color-3-color has-text-color has-link-color wp-elements-9e3121167a2546f570b2783b7cfbc13d\"><strong>Scherzinger-pumper<\/strong><\/p>\n<\/div><\/div>\n<\/div>\n<\/div>\n\n\n\n<div style=\"height:15px\" aria-hidden=\"true\" class=\"wp-block-spacer\"><\/div>\n\n\n\n<div class=\"wp-block-columns is-layout-flex wp-container-core-columns-is-layout-28f84493 wp-block-columns-is-layout-flex\">\n<div class=\"wp-block-column is-layout-flow wp-block-column-is-layout-flow\" style=\"flex-basis:5vw\"><\/div>\n\n\n\n<div class=\"wp-block-column is-layout-flow wp-block-column-is-layout-flow\">\n<div style=\"height:4px\" aria-hidden=\"true\" class=\"wp-block-spacer\"><\/div>\n\n\n\n<h3 class=\"wp-block-heading has-text-align-center has-x-large-font-size\">Perfekte pumper til dine behov<\/h3>\n\n\n\n<h6 class=\"wp-block-heading has-text-align-center\">Momenta tilbyder et bredt udvalg af pumper til forskellige behov. Vi har pumper til h\u00e5ndtering af v\u00e6sker samt membran- og pulvermembranpumper. Vi leverer kun pumper, der er kendt for deres p\u00e5lidelighed og effektivitet til forskellige industrielle anvendelser. Vi har pumper, der er specielt designet til pr\u00e6cis kemikaliedosering og h\u00f8jtryksanvendelser, til pumper, der d\u00e6kker centrifugal-, doserings- og procesbehov.<\/h6>\n\n\n\n<div style=\"height:70px\" aria-hidden=\"true\" class=\"wp-block-spacer\"><\/div>\n<\/div>\n\n\n\n<div class=\"wp-block-column is-layout-flow wp-block-column-is-layout-flow\" style=\"flex-basis:5vw\"><\/div>\n<\/div>\n\n\n\n<div style=\"height:89px\" aria-hidden=\"true\" class=\"wp-block-spacer\"><\/div>\n\n\n\n<p><\/p>","protected":false},"excerpt":{"rendered":"<p>Perfekte pumper for ditt behov Momenta tilbyr et bredt utvalg av pumper for ulike behov. Vi har pumper for h\u00e5ndtering av v\u00e6sker, samt membran- og pulvermembranpumper. Vi leverer kun pumper som er kjent for p\u00e5litelighet og effektivitet, til ulike industrielle applikasjoner. Vi har pumper spesielt designet for presis kjemisk dosering og h\u00f8ytrykksapplikasjoner, til pumper som [&hellip;]<\/p>\n","protected":false},"author":4,"featured_media":0,"parent":0,"menu_order":0,"comment_status":"closed","ping_status":"closed","template":"","meta":{"_eb_attr":"","footnotes":""},"class_list":["post-325","page","type-page","status-publish","hentry"],"blocksy_meta":[],"_links":{"self":[{"href":"https:\/\/momenta.no\/da\/wp-json\/wp\/v2\/pages\/325","targetHints":{"allow":["GET"]}}],"collection":[{"href":"https:\/\/momenta.no\/da\/wp-json\/wp\/v2\/pages"}],"about":[{"href":"https:\/\/momenta.no\/da\/wp-json\/wp\/v2\/types\/page"}],"author":[{"embeddable":true,"href":"https:\/\/momenta.no\/da\/wp-json\/wp\/v2\/users\/4"}],"replies":[{"embeddable":true,"href":"https:\/\/momenta.no\/da\/wp-json\/wp\/v2\/comments?post=325"}],"version-history":[{"count":103,"href":"https:\/\/momenta.no\/da\/wp-json\/wp\/v2\/pages\/325\/revisions"}],"predecessor-version":[{"id":2758,"href":"https:\/\/momenta.no\/da\/wp-json\/wp\/v2\/pages\/325\/revisions\/2758"}],"wp:attachment":[{"href":"https:\/\/momenta.no\/da\/wp-json\/wp\/v2\/media?parent=325"}],"curies":[{"name":"wp","href":"https:\/\/api.w.org\/{rel}","templated":true}]}}