{"id":2734,"date":"2026-03-05T15:41:37","date_gmt":"2026-03-05T14:41:37","guid":{"rendered":"https:\/\/momenta.no\/?page_id=2734"},"modified":"2026-03-06T09:03:29","modified_gmt":"2026-03-06T08:03:29","slug":"scherzinger-pumper","status":"publish","type":"page","link":"https:\/\/momenta.no\/da\/scherzinger-pumps\/","title":{"rendered":"Scherzinger\u00a0Pumps"},"content":{"rendered":"<div class=\"wp-block-columns alignfull is-layout-flex wp-container-core-columns-is-layout-665c0c14 wp-block-columns-is-layout-flex\" style=\"border-radius:20px;margin-top:0;margin-bottom:0;padding-top:0;padding-right:var(--wp--preset--spacing--40);padding-bottom:0;padding-left:var(--wp--preset--spacing--40)\">\n<div class=\"wp-block-column is-vertically-aligned-center is-layout-constrained wp-container-core-column-is-layout-19e250f3 wp-block-column-is-layout-constrained\">\n<div class=\"wp-block-cover alignfull is-light\" style=\"border-radius:20px;min-height:50vh;aspect-ratio:unset;\"><img loading=\"lazy\" decoding=\"async\" width=\"1024\" height=\"683\" class=\"wp-block-cover__image-background wp-image-2742 size-large\" alt=\"\" src=\"https:\/\/momenta.no\/wp-content\/uploads\/2026\/03\/Scherzinger-1024x683.jpg\" data-object-fit=\"cover\" srcset=\"https:\/\/momenta.no\/wp-content\/uploads\/2026\/03\/Scherzinger-1024x683.jpg 1024w, https:\/\/momenta.no\/wp-content\/uploads\/2026\/03\/Scherzinger-300x200.jpg 300w, https:\/\/momenta.no\/wp-content\/uploads\/2026\/03\/Scherzinger-768x512.jpg 768w, https:\/\/momenta.no\/wp-content\/uploads\/2026\/03\/Scherzinger-1536x1024.jpg 1536w, https:\/\/momenta.no\/wp-content\/uploads\/2026\/03\/Scherzinger-18x12.jpg 18w, https:\/\/momenta.no\/wp-content\/uploads\/2026\/03\/Scherzinger.jpg 1920w\" sizes=\"auto, (max-width: 1024px) 100vw, 1024px\" \/><span aria-hidden=\"true\" class=\"wp-block-cover__background has-palette-color-3-background-color has-background-dim-30 has-background-dim\"><\/span><div class=\"wp-block-cover__inner-container is-layout-constrained wp-block-cover-is-layout-constrained\">\n<div class=\"wp-block-essential-blocks-row alignfull  root-eb-row-p7seu\"><div class=\"eb-parent-wrapper eb-parent-eb-row-p7seu\"><div class=\"eb-row-root-container eb-row-p7seu\" data-id=\"eb-row-p7seu\"><div class=\"eb-row-wrapper\"><div class=\"eb-row-inner\">\n<div class=\"wp-block-essential-blocks-column  root-eb-column-f58wr\"><div class=\"eb-parent-wrapper eb-parent-eb-column-f58wr\"><div class=\"eb-column-wrapper eb-column-f58wr\"><div class=\"eb-column-inner\"><\/div><\/div><\/div><\/div>\n\n\n\n<div class=\"wp-block-essential-blocks-column  root-eb-column-k5l7a\"><div class=\"eb-parent-wrapper eb-parent-eb-column-k5l7a\"><div class=\"eb-column-wrapper eb-column-k5l7a\"><div class=\"eb-column-inner\">\n<h1 class=\"wp-block-heading has-palette-color-8-color has-text-color has-link-color wp-elements-9cd6c1673eb609b76b2f052f807fe7e0\">Scherzinger Pumper<\/h1>\n<\/div><\/div><\/div><\/div>\n<\/div><\/div><\/div><\/div><\/div>\n<\/div><\/div>\n\n\n\n<div style=\"height:115px\" aria-hidden=\"true\" class=\"wp-block-spacer\"><\/div>\n<\/div>\n<\/div>\n\n\n\n<div class=\"wp-block-columns is-layout-flex wp-container-core-columns-is-layout-28f84493 wp-block-columns-is-layout-flex\">\n<div class=\"wp-block-column is-layout-flow wp-block-column-is-layout-flow\">\n<div class=\"wp-block-columns is-layout-flex wp-container-core-columns-is-layout-28f84493 wp-block-columns-is-layout-flex\">\n<div class=\"wp-block-column is-layout-flow wp-block-column-is-layout-flow\" style=\"flex-basis:5vw\"><\/div>\n\n\n\n<div class=\"wp-block-column is-layout-flow wp-block-column-is-layout-flow\">\n<h2 class=\"wp-block-heading has-text-align-center has-x-large-font-size\">Hvorfor Scherzinger<\/h2>\n\n\n\n<h6 class=\"wp-block-heading has-text-align-center\">Scherzingers pumper er ikke bare robuste, de er ogs\u00e5 bygget med pr\u00e6cision og kvalitet, der g\u00f8r en forskel i hverdagen. Det handler om p\u00e5lidelighed, skr\u00e6ddersyede l\u00f8sninger og sikkerhed for de systemer, der bare k\u00f8rer dag efter dag. Den er bygget til kontrolleret dosering af aggressive og \u00e6tsende v\u00e6sker\/medier og sikrer, at alle kritiske punkter f\u00e5r den n\u00f8dvendige sm\u00f8ring, og at dine procesv\u00e6sker doseres n\u00f8jagtigt. Uanset om det drejer sig om kemi, procesteknik eller specielle anvendelser, tilbyder Scherzinger over 1 million konfigurationsmuligheder for at sikre, at din pumpe er et n\u00f8jagtigt match til mediet.<\/h6>\n\n\n\n<div style=\"height:45px\" aria-hidden=\"true\" class=\"wp-block-spacer\"><\/div>\n\n\n\n<figure class=\"wp-block-image aligncenter size-full\"><img loading=\"lazy\" decoding=\"async\" width=\"802\" height=\"339\" src=\"https:\/\/momenta.no\/wp-content\/uploads\/2026\/03\/momenta_Scherzinger_pumps.png\" alt=\"\" class=\"wp-image-2748\" srcset=\"https:\/\/momenta.no\/wp-content\/uploads\/2026\/03\/momenta_Scherzinger_pumps.png 802w, https:\/\/momenta.no\/wp-content\/uploads\/2026\/03\/momenta_Scherzinger_pumps-300x127.png 300w, https:\/\/momenta.no\/wp-content\/uploads\/2026\/03\/momenta_Scherzinger_pumps-768x325.png 768w, https:\/\/momenta.no\/wp-content\/uploads\/2026\/03\/momenta_Scherzinger_pumps-18x8.png 18w\" sizes=\"auto, (max-width: 802px) 100vw, 802px\" \/><\/figure>\n\n\n\n<div style=\"height:70px\" aria-hidden=\"true\" class=\"wp-block-spacer\"><\/div>\n<\/div>\n\n\n\n<div class=\"wp-block-column is-layout-flow wp-block-column-is-layout-flow\" style=\"flex-basis:5vw\"><\/div>\n<\/div>\n\n\n\n<div class=\"wp-block-columns alignwide are-vertically-aligned-top is-layout-flex wp-container-core-columns-is-layout-28f84493 wp-block-columns-is-layout-flex\">\n<div class=\"wp-block-column is-vertically-aligned-top is-layout-flow wp-block-column-is-layout-flow\" style=\"flex-basis:10%\"><\/div>\n\n\n\n<div class=\"wp-block-column is-vertically-aligned-top is-layout-flow wp-block-column-is-layout-flow\" style=\"padding-right:0;padding-left:0;flex-basis:50%\">\n<h4 class=\"wp-block-heading\"><strong>Scherzinger pumper<\/strong><\/h4>\n\n\n\n<ul class=\"wp-block-list\">\n<li>H\u00f8j pr\u00e6cision og h\u00f8jt og lavt flow, selv under kr\u00e6vende forhold<\/li>\n\n\n\n<li>Kemikalieresistente materialer<\/li>\n\n\n\n<li>Minimal vedligeholdelse og h\u00f8j p\u00e5lidelighed<\/li>\n\n\n\n<li>Kompakt og modul\u00e6rt design<\/li>\n\n\n\n<li>Materialer fra 316SS til titanium<\/li>\n<\/ul>\n<\/div>\n\n\n\n<div class=\"wp-block-column is-vertically-aligned-top is-layout-flow wp-block-column-is-layout-flow\" style=\"flex-basis:3%\"><\/div>\n\n\n\n<div class=\"wp-block-column is-vertically-aligned-top is-layout-flow wp-block-column-is-layout-flow\">\n<p class=\"has-text-align-left\"><strong>Har du brug for pumper indenfor:&nbsp;<\/strong><\/p>\n\n\n\n<ul class=\"wp-block-list\">\n<li>Sm\u00f8resystemer&nbsp;<\/li>\n\n\n\n<li>Hydrauliske systemer<\/li>\n\n\n\n<li>Behandl ans\u00f8gninger&nbsp;<\/li>\n\n\n\n<li>Sm\u00f8ring af gear&nbsp;<\/li>\n\n\n\n<li>Dosering af kemikalier&nbsp;<\/li>\n\n\n\n<li>2-komponent kl\u00e6bemiddel&nbsp;<\/li>\n\n\n\n<li>Dosering af br\u00e6ndstofadditiver&nbsp;<\/li>\n<\/ul>\n\n\n\n<p class=\"has-text-align-left\"><strong>S\u00e5 er Scherzinger-pumperne lige noget for dig.<\/strong><\/p>\n<\/div>\n\n\n\n<div class=\"wp-block-column is-vertically-aligned-top is-layout-flow wp-block-column-is-layout-flow\" style=\"flex-basis:10%\"><\/div>\n<\/div>\n<\/div>\n<\/div>\n\n\n\n<div style=\"height:200px\" aria-hidden=\"true\" class=\"wp-block-spacer\"><\/div>","protected":false},"excerpt":{"rendered":"<p>Hvorfor Scherzinger Scherzinger-pumper er ikke bare robuste, men er bygget med presisjon og kvalitet som utgj\u00f8r en forskjell i hverdagen. Det handler om driftssikkerhet, skreddersydde l\u00f8sninger og sikkerheten til systemene som bare kj\u00f8rer dag etter dag. Den er bygget for kontrollert dosering av aggressive og korrosive v\u00e6sker\/medier, og sikrer at alle kritiske punkter f\u00e5r n\u00f8dvendig [&hellip;]<\/p>\n","protected":false},"author":25,"featured_media":0,"parent":0,"menu_order":0,"comment_status":"closed","ping_status":"closed","template":"","meta":{"_eb_attr":"","footnotes":""},"class_list":["post-2734","page","type-page","status-publish","hentry"],"blocksy_meta":[],"_links":{"self":[{"href":"https:\/\/momenta.no\/da\/wp-json\/wp\/v2\/pages\/2734","targetHints":{"allow":["GET"]}}],"collection":[{"href":"https:\/\/momenta.no\/da\/wp-json\/wp\/v2\/pages"}],"about":[{"href":"https:\/\/momenta.no\/da\/wp-json\/wp\/v2\/types\/page"}],"author":[{"embeddable":true,"href":"https:\/\/momenta.no\/da\/wp-json\/wp\/v2\/users\/25"}],"replies":[{"embeddable":true,"href":"https:\/\/momenta.no\/da\/wp-json\/wp\/v2\/comments?post=2734"}],"version-history":[{"count":9,"href":"https:\/\/momenta.no\/da\/wp-json\/wp\/v2\/pages\/2734\/revisions"}],"predecessor-version":[{"id":2759,"href":"https:\/\/momenta.no\/da\/wp-json\/wp\/v2\/pages\/2734\/revisions\/2759"}],"wp:attachment":[{"href":"https:\/\/momenta.no\/da\/wp-json\/wp\/v2\/media?parent=2734"}],"curies":[{"name":"wp","href":"https:\/\/api.w.org\/{rel}","templated":true}]}}