{"id":26,"date":"2024-05-13T09:48:10","date_gmt":"2024-05-13T07:48:10","guid":{"rendered":"https:\/\/momenta.no\/?page_id=26"},"modified":"2026-01-26T13:24:47","modified_gmt":"2026-01-26T12:24:47","slug":"kontakt-os","status":"publish","type":"page","link":"https:\/\/momenta.no\/da\/kontakt-oss\/","title":{"rendered":"Kontakt os"},"content":{"rendered":"<div class=\"wp-block-columns alignfull is-layout-flex wp-container-core-columns-is-layout-665c0c14 wp-block-columns-is-layout-flex\" style=\"border-radius:20px;margin-top:0;margin-bottom:0;padding-top:0;padding-right:var(--wp--preset--spacing--40);padding-bottom:0;padding-left:var(--wp--preset--spacing--40)\">\n<div class=\"wp-block-column is-vertically-aligned-center is-layout-constrained wp-container-core-column-is-layout-19e250f3 wp-block-column-is-layout-constrained\">\n<div class=\"wp-block-cover alignfull is-light wp-duotone-midnight\" style=\"border-radius:20px;min-height:75vh;aspect-ratio:unset;\"><img loading=\"lazy\" decoding=\"async\" width=\"1920\" height=\"1280\" class=\"wp-block-cover__image-background wp-image-1855\" alt=\"\" src=\"https:\/\/momenta.no\/wp-content\/uploads\/\/2024\/06\/Morten_Momenta-1.jpg\" style=\"object-position:46% 31%\" data-object-fit=\"cover\" data-object-position=\"46% 31%\" srcset=\"https:\/\/momenta.no\/wp-content\/uploads\/2024\/06\/Morten_Momenta-1.jpg 1920w, https:\/\/momenta.no\/wp-content\/uploads\/2024\/06\/Morten_Momenta-1-300x200.jpg 300w, https:\/\/momenta.no\/wp-content\/uploads\/2024\/06\/Morten_Momenta-1-1024x683.jpg 1024w, https:\/\/momenta.no\/wp-content\/uploads\/2024\/06\/Morten_Momenta-1-768x512.jpg 768w, https:\/\/momenta.no\/wp-content\/uploads\/2024\/06\/Morten_Momenta-1-1536x1024.jpg 1536w, https:\/\/momenta.no\/wp-content\/uploads\/2024\/06\/Morten_Momenta-1-600x400.jpg 600w\" sizes=\"auto, (max-width: 1920px) 100vw, 1920px\" \/><span aria-hidden=\"true\" class=\"wp-block-cover__background has-palette-color-2-background-color has-background-dim-0 has-background-dim\"><\/span><div class=\"wp-block-cover__inner-container is-layout-flow wp-block-cover-is-layout-flow\">\n<div class=\"wp-block-essential-blocks-row alignfull  root-eb-row-p7seu\"><div class=\"eb-parent-wrapper eb-parent-eb-row-p7seu\"><div class=\"eb-row-root-container eb-row-p7seu\" data-id=\"eb-row-p7seu\"><div class=\"eb-row-wrapper\"><div class=\"eb-row-inner\">\n<div class=\"wp-block-essential-blocks-column  root-eb-column-bcp26\"><div class=\"eb-parent-wrapper eb-parent-eb-column-bcp26\"><div class=\"eb-column-wrapper eb-column-bcp26\"><div class=\"eb-column-inner\"><\/div><\/div><\/div><\/div>\n\n\n\n<div class=\"wp-block-essential-blocks-column  root-eb-column-k5l7a\"><div class=\"eb-parent-wrapper eb-parent-eb-column-k5l7a\"><div class=\"eb-column-wrapper eb-column-k5l7a\"><div class=\"eb-column-inner\">\n<h1 class=\"wp-block-heading has-palette-color-8-color has-text-color has-link-color wp-elements-e676848faa7a9b28411b9de106745559\">Velkommen til os<\/h1>\n<\/div><\/div><\/div><\/div>\n\n\n\n<div class=\"wp-block-essential-blocks-column  root-eb-column-f58wr\"><div class=\"eb-parent-wrapper eb-parent-eb-column-f58wr\"><div class=\"eb-column-wrapper eb-column-f58wr\"><div class=\"eb-column-inner\"><\/div><\/div><\/div><\/div>\n<\/div><\/div><\/div><\/div><\/div>\n\n\n\n<div class=\"wp-block-essential-blocks-wrapper alignwide  root-eb-wrapper-fdsh8\"><div class=\"eb-parent-wrapper eb-parent-eb-wrapper-fdsh8 eb_animation eb___animated eb___bounceInUp\"><div class=\"eb-wrapper-outer eb-wrapper-fdsh8\"><div class=\"eb-wrapper-inner\"><div class=\"eb-wrapper-inner-blocks eb-wrapper-align-center\">\n<figure class=\"wp-block-image size-full\"><img loading=\"lazy\" decoding=\"async\" width=\"286\" height=\"801\" src=\"https:\/\/momenta.no\/wp-content\/uploads\/\/2024\/05\/image.png\" alt=\"Dette billede mangler alt-tekst; dets filnavn er symbol_white.png\" class=\"wp-image-472\" srcset=\"https:\/\/momenta.no\/wp-content\/uploads\/2024\/05\/image.png 286w, https:\/\/momenta.no\/wp-content\/uploads\/2024\/05\/image-107x300.png 107w\" sizes=\"auto, (max-width: 286px) 100vw, 286px\" \/><\/figure>\n<\/div><\/div><\/div><\/div><\/div>\n<\/div><\/div>\n<\/div>\n<\/div>\n\n\n\n<div class=\"wp-block-columns is-layout-flex wp-container-core-columns-is-layout-28f84493 wp-block-columns-is-layout-flex\">\n<div class=\"wp-block-column is-layout-flow wp-block-column-is-layout-flow\">\n<div class=\"wp-block-columns is-layout-flex wp-container-core-columns-is-layout-28f84493 wp-block-columns-is-layout-flex\">\n<div class=\"wp-block-column is-layout-flow wp-block-column-is-layout-flow\" style=\"flex-basis:5vw\"><\/div>\n\n\n\n<div class=\"wp-block-column is-layout-flow wp-block-column-is-layout-flow\">\n<div style=\"height:32px\" aria-hidden=\"true\" class=\"wp-block-spacer\"><\/div>\n\n\n\n<h3 class=\"wp-block-heading has-text-align-center\">Vores medarbejdere er den vigtigste ressource, vi har. Det vil du opleve med vores l\u00f8sninger.<\/h3>\n\n\n\n<h6 class=\"wp-block-heading has-text-align-center\">Selvf\u00f8lgelig vil vi hj\u00e6lpe dig. Her finder du e-mailadresser og telefonnumre til et lille udvalg af vores venlige medarbejdere, som altid har tid til en snak.<\/h6>\n\n\n\n<div style=\"height:23px\" aria-hidden=\"true\" class=\"wp-block-spacer\"><\/div>\n<\/div>\n\n\n\n<div class=\"wp-block-column is-layout-flow wp-block-column-is-layout-flow\" style=\"flex-basis:5vw\"><\/div>\n<\/div>\n<\/div>\n<\/div>\n\n\n\n<div class=\"wp-block-columns is-layout-flex wp-container-core-columns-is-layout-28f84493 wp-block-columns-is-layout-flex\">\n<div class=\"wp-block-column is-layout-flow wp-block-column-is-layout-flow\">\n<div class=\"wp-block-essential-blocks-advanced-image  root-eb-advanced-image-l6va5\"><div class=\"eb-parent-wrapper eb-parent-eb-advanced-image-l6va5\"><figure class=\"eb-advanced-image-wrapper eb-advanced-image-l6va5 zoom-in\" data-id=\"eb-advanced-image-l6va5\"><div class=\"eb-image-wrapper\"><div class=\"eb-image-wrapper-inner eb-img-style-rounded\"><img decoding=\"async\" src=\"https:\/\/momenta.no\/wp-content\/uploads\/\/2024\/06\/morten.jpg\" alt=\"\" \/><\/div><a class=\"eb-image-link\" href=\"mailto:ree@momenta.no\" target=\"_self\"><\/a><\/div><\/figure><\/div><\/div>\n\n\n\n<h6 class=\"wp-block-heading has-text-align-center\">Morten Eines Ree<\/h6>\n\n\n\n<p class=\"has-text-align-center\" style=\"margin-top:0;margin-bottom:0;padding-top:0;padding-bottom:0\"><strong>ADMINISTRERENDE DIREKT\u00d8R<\/strong><br><strong><br>M<\/strong>&nbsp;+47 92 01 60 67<br><strong>T<\/strong>&nbsp;+47 51 41 90 53<br><a href=\"mailto:ree@momenta.no\">ree@momenta.no<\/a><\/p>\n<\/div>\n\n\n\n<div class=\"wp-block-column is-layout-flow wp-block-column-is-layout-flow\">\n<div class=\"wp-block-essential-blocks-advanced-image  root-eb-advanced-image-7aho5\"><div class=\"eb-parent-wrapper eb-parent-eb-advanced-image-7aho5\"><figure class=\"eb-advanced-image-wrapper eb-advanced-image-7aho5 zoom-in\" data-id=\"eb-advanced-image-7aho5\"><div class=\"eb-image-wrapper\"><div class=\"eb-image-wrapper-inner eb-img-style-rounded\"><img decoding=\"async\" src=\"https:\/\/momenta.no\/wp-content\/uploads\/\/2024\/06\/grete.jpg\" alt=\"\" \/><\/div><a class=\"eb-image-link\" href=\"mailto:dahle@momenta.no\" target=\"_self\"><\/a><\/div><\/figure><\/div><\/div>\n\n\n\n<h6 class=\"wp-block-heading has-text-align-center\">Grete Dahle<\/h6>\n\n\n\n<p class=\"has-text-align-center\" style=\"margin-top:0;margin-bottom:0;padding-top:0;padding-bottom:0\"><strong>Operationer <\/strong><strong>Leder<\/strong><br><br><strong>M<\/strong>&nbsp;+ 47 97 01 03 57<br><strong>T<\/strong>&nbsp;+47 51 41 90 53<br><a href=\"mailto:dahle@momenta.no\">dahle@momenta.no<\/a><\/p>\n<\/div>\n\n\n\n<div class=\"wp-block-column is-layout-flow wp-block-column-is-layout-flow\">\n<div class=\"wp-block-essential-blocks-advanced-image  root-eb-advanced-image-g0nag\"><div class=\"eb-parent-wrapper eb-parent-eb-advanced-image-g0nag\"><figure class=\"eb-advanced-image-wrapper eb-advanced-image-g0nag zoom-in\" data-id=\"eb-advanced-image-g0nag\"><div class=\"eb-image-wrapper\"><div class=\"eb-image-wrapper-inner eb-img-style-rounded\"><img decoding=\"async\" src=\"https:\/\/momenta.no\/wp-content\/uploads\/2024\/10\/Hilde_Momenta.jpg\" alt=\"\" \/><\/div><a class=\"eb-image-link\" href=\"mailto:helland@momenta.no\" target=\"_self\"><\/a><\/div><\/figure><\/div><\/div>\n\n\n\n<h6 class=\"wp-block-heading has-text-align-center\">Hilde Svangtun Helland<\/h6>\n\n\n\n<p class=\"has-text-align-center\" style=\"margin-top:0;margin-bottom:0;padding-top:0;padding-bottom:0\"><strong>Projekt <\/strong><strong>Leder<\/strong><br><strong><br>M<\/strong>&nbsp;+47 97 15 11 50<br><strong>T<\/strong>&nbsp;+47 51 41 90 53<br><a href=\"mailto:helland@momenta.no\">helland@momenta.no<\/a><\/p>\n<\/div>\n\n\n\n<div class=\"wp-block-column is-layout-flow wp-block-column-is-layout-flow\">\n<div class=\"wp-block-essential-blocks-advanced-image  root-eb-advanced-image-0dsl3\"><div class=\"eb-parent-wrapper eb-parent-eb-advanced-image-0dsl3\"><figure class=\"eb-advanced-image-wrapper eb-advanced-image-0dsl3 zoom-in\" data-id=\"eb-advanced-image-0dsl3\"><div class=\"eb-image-wrapper\"><div class=\"eb-image-wrapper-inner eb-img-style-rounded\"><img decoding=\"async\" src=\"https:\/\/momenta.no\/wp-content\/uploads\/\/2024\/06\/kjell.jpg\" alt=\"\" \/><\/div><a class=\"eb-image-link\" href=\"mailto:wold@momenta.no\" target=\"_self\"><\/a><\/div><\/figure><\/div><\/div>\n\n\n\n<h6 class=\"wp-block-heading has-text-align-center\">Kjell Wold<\/h6>\n\n\n\n<p class=\"has-text-align-center\" style=\"margin-top:0;margin-bottom:0;padding-top:0;padding-bottom:0\"><strong>CSO<\/strong><br><strong><br>M<\/strong>&nbsp;+47 90 54 08 19<br><strong>T<\/strong>&nbsp;+47 51 41 90 53<br><a href=\"mailto:wold@momenta.no\">wold@momenta.no<\/a><\/p>\n<\/div>\n\n\n\n<div class=\"wp-block-column is-layout-flow wp-block-column-is-layout-flow\">\n<div class=\"wp-block-essential-blocks-advanced-image  root-eb-advanced-image-nkoy0\"><div class=\"eb-parent-wrapper eb-parent-eb-advanced-image-nkoy0\"><figure class=\"eb-advanced-image-wrapper eb-advanced-image-nkoy0 zoom-in\" data-id=\"eb-advanced-image-nkoy0\"><div class=\"eb-image-wrapper\"><div class=\"eb-image-wrapper-inner eb-img-style-rounded\"><img decoding=\"async\" src=\"https:\/\/momenta.no\/wp-content\/uploads\/\/2024\/06\/christian.jpg\" alt=\"\" \/><\/div><a class=\"eb-image-link\" href=\"mailto:haugland@momenta.no\" target=\"_self\"><\/a><\/div><\/figure><\/div><\/div>\n\n\n\n<h6 class=\"wp-block-heading has-text-align-center\">Christian Haugland<\/h6>\n\n\n\n<p class=\"has-text-align-center\" style=\"margin-top:0;margin-bottom:0;padding-top:0;padding-bottom:0\"><strong>Teknisk <\/strong><strong>Leder<br><br>M<\/strong>&nbsp;+47 90 70 52 62<br><strong>T<\/strong>&nbsp;+47 51 41 90 53<br><a href=\"mailto:haugland@momenta.no\">haugland@momenta.no<\/a><\/p>\n<\/div>\n<\/div>\n\n\n\n<div class=\"wp-block-columns is-layout-flex wp-container-core-columns-is-layout-28f84493 wp-block-columns-is-layout-flex\">\n<div class=\"wp-block-column is-layout-flow wp-block-column-is-layout-flow\">\n<div class=\"wp-block-essential-blocks-advanced-image  root-eb-advanced-image-wsrys\"><div class=\"eb-parent-wrapper eb-parent-eb-advanced-image-wsrys\"><figure class=\"eb-advanced-image-wrapper eb-advanced-image-wsrys zoom-in\" data-id=\"eb-advanced-image-wsrys\"><div class=\"eb-image-wrapper\"><div class=\"eb-image-wrapper-inner eb-img-style-rounded\"><img decoding=\"async\" src=\"https:\/\/momenta.no\/wp-content\/uploads\/2026\/01\/Arild-1.jpg\" alt=\"\" \/><\/div><a class=\"eb-image-link\" href=\"mailto:vestnes@momenta.no\" target=\"_self\"><\/a><\/div><\/figure><\/div><\/div>\n\n\n\n<h6 class=\"wp-block-heading has-text-align-center\">Arild Vestnes<\/h6>\n\n\n\n<p class=\"has-text-align-center\" style=\"margin-top:0;margin-bottom:0;padding-top:0;padding-bottom:0\"><strong>Salgschef<\/strong><br><strong><br>M<\/strong>&nbsp;+47 91 70 03 48<br><strong>T<\/strong>&nbsp;+47 51 41 90 53<br><a href=\"mailto:vestnes@momenta.no\" data-type=\"mailto\" data-id=\"mailto:vestnes@momenta.no\">vestnes@momenta.no<\/a><\/p>\n<\/div>\n\n\n\n<div class=\"wp-block-column is-layout-flow wp-block-column-is-layout-flow\">\n<div class=\"wp-block-essential-blocks-advanced-image  root-eb-advanced-image-schm5\"><div class=\"eb-parent-wrapper eb-parent-eb-advanced-image-schm5\"><figure class=\"eb-advanced-image-wrapper eb-advanced-image-schm5 zoom-in\" data-id=\"eb-advanced-image-schm5\"><div class=\"eb-image-wrapper\"><div class=\"eb-image-wrapper-inner eb-img-style-rounded\"><img decoding=\"async\" src=\"https:\/\/momenta.no\/wp-content\/uploads\/2026\/01\/Giang.jpg\" alt=\"\" \/><\/div><a class=\"eb-image-link\" href=\"mailto:nguyen@momenta.no\" target=\"_self\"><\/a><\/div><\/figure><\/div><\/div>\n\n\n\n<h6 class=\"wp-block-heading has-text-align-center\">Giang Nguyen<\/h6>\n\n\n\n<p class=\"has-text-align-center\" style=\"margin-top:0;margin-bottom:0;padding-top:0;padding-bottom:0\"><strong>Salgsingeni\u00f8r<\/strong><br><br><strong>M<\/strong>&nbsp;+ 47 91 88 23 82<br><strong>T<\/strong>&nbsp;+47 51 41 90 53<br><a href=\"mailto:nguyen@momenta.no\" data-type=\"mailto\" data-id=\"mailto:nguyen@momenta.no\">nguyen@momenta.no<\/a><\/p>\n<\/div>\n\n\n\n<div class=\"wp-block-column is-layout-flow wp-block-column-is-layout-flow\">\n<div class=\"wp-block-essential-blocks-advanced-image  root-eb-advanced-image-kqcqd\"><div class=\"eb-parent-wrapper eb-parent-eb-advanced-image-kqcqd\"><figure class=\"eb-advanced-image-wrapper eb-advanced-image-kqcqd zoom-in\" data-id=\"eb-advanced-image-kqcqd\"><div class=\"eb-image-wrapper\"><div class=\"eb-image-wrapper-inner eb-img-style-rounded\"><img decoding=\"async\" src=\"https:\/\/momenta.no\/wp-content\/uploads\/2026\/01\/Runar-4.jpg\" alt=\"\" \/><\/div><a class=\"eb-image-link\" href=\"mailto:hauge@momenta.no\" target=\"_self\"><\/a><\/div><\/figure><\/div><\/div>\n\n\n\n<h6 class=\"wp-block-heading has-text-align-center\">Runar Sletten Hauge<\/h6>\n\n\n\n<p class=\"has-text-align-center\" style=\"margin-top:0;margin-bottom:0;padding-top:0;padding-bottom:0\"><strong>Salgsingeni\u00f8r<\/strong><br><br><strong>M<\/strong> +47 95 91 84 98<\/p>\n\n\n\n<p class=\"has-text-align-center\" style=\"margin-top:0;margin-bottom:0;padding-top:0;padding-bottom:0\"><strong>T<\/strong> +47 51 41 90 53 <\/p>\n\n\n\n<p class=\"has-text-align-center\" style=\"margin-top:0;margin-bottom:0;padding-top:0;padding-bottom:0\"><a href=\"mailto:hauge@momenta.no\" data-type=\"mailto\" data-id=\"mailto:nguyen@momenta.no\">hauge@momenta.no<\/a><\/p>\n<\/div>\n\n\n\n<div class=\"wp-block-column is-layout-flow wp-block-column-is-layout-flow\">\n<h6 class=\"wp-block-heading has-text-align-center\"><\/h6>\n\n\n\n<p class=\"has-text-align-center\" style=\"margin-top:0;margin-bottom:0;padding-top:0;padding-bottom:0\"><\/p>\n<\/div>\n\n\n\n<div class=\"wp-block-column is-layout-flow wp-block-column-is-layout-flow\">\n<h6 class=\"wp-block-heading has-text-align-center\"><\/h6>\n\n\n\n<p class=\"has-text-align-center\" style=\"margin-top:0;margin-bottom:0;padding-top:0;padding-bottom:0\"><\/p>\n<\/div>\n<\/div>\n\n\n\n<div style=\"height:100px\" aria-hidden=\"true\" class=\"wp-block-spacer\"><\/div>\n\n\n\n<div class=\"wp-block-columns are-vertically-aligned-center has-palette-color-5-background-color has-background is-layout-flex wp-container-core-columns-is-layout-1ec2ec05 wp-block-columns-is-layout-flex\" style=\"border-radius:20px;margin-top:0;margin-bottom:0;padding-top:0;padding-right:0;padding-bottom:0;padding-left:0\">\n<div class=\"wp-block-column is-vertically-aligned-center is-layout-constrained wp-container-core-column-is-layout-a0135418 wp-block-column-is-layout-constrained\" style=\"padding-top:var(--wp--preset--spacing--50);padding-right:var(--wp--preset--spacing--50);padding-bottom:var(--wp--preset--spacing--50);padding-left:var(--wp--preset--spacing--50);flex-basis:33%\">\n<p><strong>Momenta<\/strong><\/p>\n\n\n\n<p>T\u00e6nger 11<br>4072 Randaberg<br>Norge<br><br>Tlf: +47 51 41 90 53<br>E-mail: logistics@momenta.no<\/p>\n\n\n\n<div style=\"height:37px\" aria-hidden=\"true\" class=\"wp-block-spacer\"><\/div>\n\n\n\n<figure class=\"wp-block-image size-large\"><img loading=\"lazy\" decoding=\"async\" width=\"1024\" height=\"576\" src=\"https:\/\/momenta.no\/wp-content\/uploads\/2024\/09\/Momenta-bygg-nettsia-1-1024x576.jpg\" alt=\"\" class=\"wp-image-2240\" srcset=\"https:\/\/momenta.no\/wp-content\/uploads\/2024\/09\/Momenta-bygg-nettsia-1-1024x576.jpg 1024w, https:\/\/momenta.no\/wp-content\/uploads\/2024\/09\/Momenta-bygg-nettsia-1-300x169.jpg 300w, https:\/\/momenta.no\/wp-content\/uploads\/2024\/09\/Momenta-bygg-nettsia-1-768x432.jpg 768w, https:\/\/momenta.no\/wp-content\/uploads\/2024\/09\/Momenta-bygg-nettsia-1-1536x864.jpg 1536w, https:\/\/momenta.no\/wp-content\/uploads\/2024\/09\/Momenta-bygg-nettsia-1.jpg 1920w\" sizes=\"auto, (max-width: 1024px) 100vw, 1024px\" \/><\/figure>\n<\/div>\n\n\n\n<div class=\"wp-block-column is-vertically-aligned-center is-layout-constrained wp-container-core-column-is-layout-466948bd wp-block-column-is-layout-constrained\" style=\"padding-top:var(--wp--preset--spacing--30);padding-right:var(--wp--preset--spacing--30);padding-bottom:var(--wp--preset--spacing--30);padding-left:var(--wp--preset--spacing--30);flex-basis:100%\">\n<div class=\"wp-block-telex-garpcity-maps-block\"><div class=\"google-maps-container\"><\/div><\/div>\n<\/div>\n<\/div>\n\n\n\n<div style=\"height:124px\" aria-hidden=\"true\" class=\"wp-block-spacer\"><\/div>","protected":false},"excerpt":{"rendered":"<p>V\u00e5re ansatte er den viktigste ressursen vi har. Det vil du erfare med l\u00f8sningene v\u00e5re. Klart vi skal hjelpe deg. Her finner du mailadresser og telefonnummer til et lite utvalg av v\u00e5re hyggelige ansatte som alltid har tid til en prat. Morten Eines Ree CEOM&nbsp;+47 92 01 60 67T&nbsp;+47 51 41 90 53ree@momenta.no Grete Dahle [&hellip;]<\/p>\n","protected":false},"author":4,"featured_media":0,"parent":0,"menu_order":0,"comment_status":"closed","ping_status":"closed","template":"","meta":{"_eb_attr":"","footnotes":""},"class_list":["post-26","page","type-page","status-publish","hentry"],"blocksy_meta":[],"_links":{"self":[{"href":"https:\/\/momenta.no\/da\/wp-json\/wp\/v2\/pages\/26","targetHints":{"allow":["GET"]}}],"collection":[{"href":"https:\/\/momenta.no\/da\/wp-json\/wp\/v2\/pages"}],"about":[{"href":"https:\/\/momenta.no\/da\/wp-json\/wp\/v2\/types\/page"}],"author":[{"embeddable":true,"href":"https:\/\/momenta.no\/da\/wp-json\/wp\/v2\/users\/4"}],"replies":[{"embeddable":true,"href":"https:\/\/momenta.no\/da\/wp-json\/wp\/v2\/comments?post=26"}],"version-history":[{"count":108,"href":"https:\/\/momenta.no\/da\/wp-json\/wp\/v2\/pages\/26\/revisions"}],"predecessor-version":[{"id":2597,"href":"https:\/\/momenta.no\/da\/wp-json\/wp\/v2\/pages\/26\/revisions\/2597"}],"wp:attachment":[{"href":"https:\/\/momenta.no\/da\/wp-json\/wp\/v2\/media?parent=26"}],"curies":[{"name":"wp","href":"https:\/\/api.w.org\/{rel}","templated":true}]}}