{"id":2555,"date":"2026-01-21T13:07:43","date_gmt":"2026-01-21T12:07:43","guid":{"rendered":"https:\/\/momenta.no\/?page_id=2555"},"modified":"2026-01-29T09:58:38","modified_gmt":"2026-01-29T08:58:38","slug":"momenta-gruppe","status":"publish","type":"page","link":"https:\/\/momenta.no\/da\/momenta-gruppen\/","title":{"rendered":"Momenta-gruppen"},"content":{"rendered":"<div class=\"wp-block-columns alignfull is-layout-flex wp-container-core-columns-is-layout-665c0c14 wp-block-columns-is-layout-flex\" style=\"border-radius:20px;margin-top:0;margin-bottom:0;padding-top:0;padding-right:var(--wp--preset--spacing--40);padding-bottom:0;padding-left:var(--wp--preset--spacing--40)\">\n<div class=\"wp-block-column is-vertically-aligned-center is-layout-constrained wp-container-core-column-is-layout-19e250f3 wp-block-column-is-layout-constrained\">\n<div class=\"wp-block-cover alignfull wp-duotone-unset-1\" style=\"border-radius:20px;min-height:75vh;aspect-ratio:unset;\"><img loading=\"lazy\" decoding=\"async\" width=\"1024\" height=\"576\" class=\"wp-block-cover__image-background wp-image-2560 size-large\" alt=\"\" src=\"https:\/\/momenta.no\/wp-content\/uploads\/2026\/01\/momenta_gruppen-1024x576.jpg\" data-object-fit=\"cover\" srcset=\"https:\/\/momenta.no\/wp-content\/uploads\/2026\/01\/momenta_gruppen-1024x576.jpg 1024w, https:\/\/momenta.no\/wp-content\/uploads\/2026\/01\/momenta_gruppen-300x169.jpg 300w, https:\/\/momenta.no\/wp-content\/uploads\/2026\/01\/momenta_gruppen-768x432.jpg 768w, https:\/\/momenta.no\/wp-content\/uploads\/2026\/01\/momenta_gruppen-1536x864.jpg 1536w, https:\/\/momenta.no\/wp-content\/uploads\/2026\/01\/momenta_gruppen.jpg 1920w\" sizes=\"auto, (max-width: 1024px) 100vw, 1024px\" \/><span aria-hidden=\"true\" class=\"wp-block-cover__background has-palette-color-2-background-color has-background-dim-70 has-background-dim\"><\/span><div class=\"wp-block-cover__inner-container is-layout-flow wp-block-cover-is-layout-flow\">\n<div class=\"wp-block-columns is-layout-flex wp-container-core-columns-is-layout-28f84493 wp-block-columns-is-layout-flex\">\n<div class=\"wp-block-column is-layout-flow wp-block-column-is-layout-flow\">\n<h1 class=\"wp-block-heading has-text-align-center has-palette-color-8-color has-text-color has-link-color wp-elements-c3fdcce27b66448d3922bf8f21ceccd5\">Momenta-gruppen<\/h1>\n<\/div>\n<\/div>\n\n\n\n<div class=\"wp-block-essential-blocks-wrapper alignwide  root-eb-wrapper-fdsh8\"><div class=\"eb-parent-wrapper eb-parent-eb-wrapper-fdsh8 eb_animation eb___animated eb___bounceInUp\"><div class=\"eb-wrapper-outer eb-wrapper-fdsh8\"><div class=\"eb-wrapper-inner\"><div class=\"eb-wrapper-inner-blocks eb-wrapper-align-center\">\n<figure class=\"wp-block-image size-full\"><img loading=\"lazy\" decoding=\"async\" width=\"286\" height=\"801\" src=\"https:\/\/momenta.no\/wp-content\/uploads\/\/2024\/05\/image.png\" alt=\"Dette billede mangler alt-tekst; dets filnavn er symbol_white.png\" class=\"wp-image-472\" srcset=\"https:\/\/momenta.no\/wp-content\/uploads\/2024\/05\/image.png 286w, https:\/\/momenta.no\/wp-content\/uploads\/2024\/05\/image-107x300.png 107w\" sizes=\"auto, (max-width: 286px) 100vw, 286px\" \/><\/figure>\n<\/div><\/div><\/div><\/div><\/div>\n<\/div><\/div>\n<\/div>\n<\/div>\n\n\n\n<div class=\"wp-block-columns is-layout-flex wp-container-core-columns-is-layout-28f84493 wp-block-columns-is-layout-flex\">\n<div class=\"wp-block-column is-layout-flow wp-block-column-is-layout-flow\">\n<div class=\"wp-block-columns is-layout-flex wp-container-core-columns-is-layout-28f84493 wp-block-columns-is-layout-flex\">\n<div class=\"wp-block-column is-layout-flow wp-block-column-is-layout-flow\" style=\"flex-basis:5vw\"><\/div>\n\n\n\n<div class=\"wp-block-column is-layout-flow wp-block-column-is-layout-flow\">\n<div style=\"height:32px\" aria-hidden=\"true\" class=\"wp-block-spacer\"><\/div>\n\n\n\n<h3 class=\"wp-block-heading has-text-align-center\">Vi leverer kvalitetsprodukter, systeml\u00f8sninger og serviceydelser til alle proces- og energimarkeder.<\/h3>\n\n\n\n<p class=\"has-text-align-center\">Med fokus p\u00e5 kvalitet, lydh\u00f8rhed og ekspertise er vi en markedsledende leverand\u00f8r inden for vores omr\u00e5der. <br>Momenta Gruppen har i dag omkring 45 ansatte og en \u00e5rlig oms\u00e6tning p\u00e5 350-450 millioner kroner.<br>Momenta Group best\u00e5r af tre juridiske enheder: Momenta AS, Momenta ApS (Danmark) og Indutech AS.<\/p>\n\n\n\n<div style=\"height:36px\" aria-hidden=\"true\" class=\"wp-block-spacer\"><\/div>\n<\/div>\n\n\n\n<div class=\"wp-block-column is-layout-flow wp-block-column-is-layout-flow\" style=\"flex-basis:5vw\"><\/div>\n<\/div>\n\n\n\n<div class=\"wp-block-columns is-layout-flex wp-container-core-columns-is-layout-28f84493 wp-block-columns-is-layout-flex\">\n<div class=\"wp-block-column is-layout-flow wp-block-column-is-layout-flow\">\n<div style=\"height:100px\" aria-hidden=\"true\" class=\"wp-block-spacer\"><\/div>\n<\/div>\n\n\n\n<div class=\"wp-block-column is-layout-flow wp-block-column-is-layout-flow\">\n<figure class=\"wp-block-image aligncenter size-full is-resized\"><img loading=\"lazy\" decoding=\"async\" width=\"621\" height=\"99\" src=\"https:\/\/momenta.no\/wp-content\/uploads\/2024\/05\/momenta.jpg\" alt=\"\" class=\"wp-image-107\" style=\"aspect-ratio:6.273614085177254;width:176px;height:auto\" srcset=\"https:\/\/momenta.no\/wp-content\/uploads\/2024\/05\/momenta.jpg 621w, https:\/\/momenta.no\/wp-content\/uploads\/2024\/05\/momenta-300x48.jpg 300w, https:\/\/momenta.no\/wp-content\/uploads\/2024\/05\/momenta-600x96.jpg 600w\" sizes=\"auto, (max-width: 621px) 100vw, 621px\" \/><\/figure>\n\n\n\n<p class=\"has-text-align-center\">Momenta AS<\/p>\n<\/div>\n\n\n\n<div class=\"wp-block-column is-layout-flow wp-block-column-is-layout-flow\">\n<figure class=\"wp-block-image aligncenter size-full is-resized\"><a href=\"https:\/\/momenta.no\/da\/\"><img loading=\"lazy\" decoding=\"async\" width=\"621\" height=\"99\" src=\"https:\/\/momenta.no\/wp-content\/uploads\/2024\/05\/momenta.jpg\" alt=\"\" class=\"wp-image-107\" style=\"aspect-ratio:6.273614085177254;width:176px;height:auto\" srcset=\"https:\/\/momenta.no\/wp-content\/uploads\/2024\/05\/momenta.jpg 621w, https:\/\/momenta.no\/wp-content\/uploads\/2024\/05\/momenta-300x48.jpg 300w, https:\/\/momenta.no\/wp-content\/uploads\/2024\/05\/momenta-600x96.jpg 600w\" sizes=\"auto, (max-width: 621px) 100vw, 621px\" \/><\/a><\/figure>\n\n\n\n<p class=\"has-text-align-center\">Momenta ApS<\/p>\n<\/div>\n\n\n\n<div class=\"wp-block-column is-layout-flow wp-block-column-is-layout-flow\">\n<figure class=\"wp-block-image aligncenter size-full is-resized\"><a href=\"https:\/\/indutech.no\/\"><img loading=\"lazy\" decoding=\"async\" width=\"2560\" height=\"467\" src=\"https:\/\/momenta.no\/wp-content\/uploads\/2026\/01\/Logo-scaled.png\" alt=\"\" class=\"wp-image-2594\" style=\"aspect-ratio:6.273614085177254;width:176px;height:auto\" srcset=\"https:\/\/momenta.no\/wp-content\/uploads\/2026\/01\/Logo-scaled.png 2560w, https:\/\/momenta.no\/wp-content\/uploads\/2026\/01\/Logo-300x55.png 300w, https:\/\/momenta.no\/wp-content\/uploads\/2026\/01\/Logo-1024x187.png 1024w, https:\/\/momenta.no\/wp-content\/uploads\/2026\/01\/Logo-768x140.png 768w, https:\/\/momenta.no\/wp-content\/uploads\/2026\/01\/Logo-1536x280.png 1536w, https:\/\/momenta.no\/wp-content\/uploads\/2026\/01\/Logo-2048x374.png 2048w, https:\/\/momenta.no\/wp-content\/uploads\/2026\/01\/Logo-18x3.png 18w\" sizes=\"auto, (max-width: 2560px) 100vw, 2560px\" \/><\/a><\/figure>\n\n\n\n<p class=\"has-text-align-center\">Indutech AS<\/p>\n<\/div>\n\n\n\n<div class=\"wp-block-column is-layout-flow wp-block-column-is-layout-flow\">\n<div style=\"height:100px\" aria-hidden=\"true\" class=\"wp-block-spacer\"><\/div>\n<\/div>\n<\/div>\n<\/div>\n<\/div>\n\n\n\n<p><\/p>","protected":false},"excerpt":{"rendered":"<p>Vi leverer kvalitetsprodukter, systeml\u00f8sninger og servicetjenester til alle prosess- og energimarkeder. Med fokus p\u00e5 kvalitet, respons og kompetanse er vi markedsledende leverand\u00f8r innen v\u00e5re fagfelt. Momenta Gruppen har i dag ca 45 ansatte og har en \u00e5rlig omsetning mellom 350-450 MNK.Momenta Gruppen best\u00e5r av tre juridiske selskap; Momenta AS, Momenta ApS (Danmark) og Indutech AS. [&hellip;]<\/p>\n","protected":false},"author":25,"featured_media":0,"parent":0,"menu_order":0,"comment_status":"closed","ping_status":"closed","template":"","meta":{"_eb_attr":"","footnotes":""},"class_list":["post-2555","page","type-page","status-publish","hentry"],"blocksy_meta":[],"_links":{"self":[{"href":"https:\/\/momenta.no\/da\/wp-json\/wp\/v2\/pages\/2555","targetHints":{"allow":["GET"]}}],"collection":[{"href":"https:\/\/momenta.no\/da\/wp-json\/wp\/v2\/pages"}],"about":[{"href":"https:\/\/momenta.no\/da\/wp-json\/wp\/v2\/types\/page"}],"author":[{"embeddable":true,"href":"https:\/\/momenta.no\/da\/wp-json\/wp\/v2\/users\/25"}],"replies":[{"embeddable":true,"href":"https:\/\/momenta.no\/da\/wp-json\/wp\/v2\/comments?post=2555"}],"version-history":[{"count":9,"href":"https:\/\/momenta.no\/da\/wp-json\/wp\/v2\/pages\/2555\/revisions"}],"predecessor-version":[{"id":2615,"href":"https:\/\/momenta.no\/da\/wp-json\/wp\/v2\/pages\/2555\/revisions\/2615"}],"wp:attachment":[{"href":"https:\/\/momenta.no\/da\/wp-json\/wp\/v2\/media?parent=2555"}],"curies":[{"name":"wp","href":"https:\/\/api.w.org\/{rel}","templated":true}]}}