{"id":24,"date":"2024-05-13T09:47:19","date_gmt":"2024-05-13T07:47:19","guid":{"rendered":"https:\/\/momenta.no\/?page_id=24"},"modified":"2026-01-29T13:12:43","modified_gmt":"2026-01-29T12:12:43","slug":"markeder","status":"publish","type":"page","link":"https:\/\/momenta.no\/da\/markeder\/","title":{"rendered":"Markeder"},"content":{"rendered":"<div class=\"wp-block-columns alignfull is-layout-flex wp-container-core-columns-is-layout-665c0c14 wp-block-columns-is-layout-flex\" style=\"border-radius:20px;margin-top:0;margin-bottom:0;padding-top:0;padding-right:var(--wp--preset--spacing--40);padding-bottom:0;padding-left:var(--wp--preset--spacing--40)\">\n<div class=\"wp-block-column is-vertically-aligned-center is-layout-constrained wp-container-core-column-is-layout-19e250f3 wp-block-column-is-layout-constrained\">\n<div class=\"wp-block-cover alignfull has-parallax\" style=\"border-radius:20px;min-height:70vh;aspect-ratio:unset;\"><div class=\"wp-block-cover__image-background wp-image-60 size-large has-parallax\" style=\"background-position:50% 50%;background-image:url(https:\/\/momenta.no\/wp-content\/uploads\/2024\/05\/AdobeStock_295930305-1024x576.jpg)\"><\/div><span aria-hidden=\"true\" class=\"wp-block-cover__background has-palette-color-2-background-color has-background-dim-70 has-background-dim\"><\/span><div class=\"wp-block-cover__inner-container is-layout-constrained wp-block-cover-is-layout-constrained\">\n<h1 class=\"wp-block-heading has-palette-color-8-color has-text-color has-link-color wp-elements-29800270fb361bd8f98a4ae2e3a33471\">Vi r\u00e5dgiver, designer, konstruerer og producerer. Det tilf\u00f8rer v\u00e6rdi til vores leverancer.<\/h1>\n<\/div><\/div>\n<\/div>\n<\/div>\n\n\n\n<div class=\"wp-block-columns is-layout-flex wp-container-core-columns-is-layout-28f84493 wp-block-columns-is-layout-flex\">\n<div class=\"wp-block-column is-layout-flow wp-block-column-is-layout-flow\">\n<div class=\"wp-block-columns is-layout-flex wp-container-core-columns-is-layout-28f84493 wp-block-columns-is-layout-flex\">\n<div class=\"wp-block-column is-layout-flow wp-block-column-is-layout-flow\" style=\"flex-basis:5vw\"><\/div>\n\n\n\n<div class=\"wp-block-column is-layout-flow wp-block-column-is-layout-flow\">\n<div style=\"height:70px\" aria-hidden=\"true\" class=\"wp-block-spacer\"><\/div>\n\n\n\n<h2 class=\"wp-block-heading has-text-align-center\">Vores markeder<\/h2>\n\n\n\n<h6 class=\"wp-block-heading has-text-align-center\">Momenta AS leverer l\u00f8sninger til industri-, marine-, proces-, olie- og gas- samt vedvarende energiindustrien. Vi tilbyder markedsledende produkter og systeml\u00f8sninger, der lever op til vores kunders h\u00f8je krav. Med fokus p\u00e5 kvalitet, effektivitet og b\u00e6redygtighed sikrer vi dokumenterede og rettidige leverancer i alle vores projekter.<\/h6>\n\n\n\n<div style=\"height:70px\" aria-hidden=\"true\" class=\"wp-block-spacer\"><\/div>\n<\/div>\n\n\n\n<div class=\"wp-block-column is-layout-flow wp-block-column-is-layout-flow\" style=\"flex-basis:5vw\"><\/div>\n<\/div>\n\n\n\n<div class=\"wp-block-columns is-layout-flex wp-container-core-columns-is-layout-28f84493 wp-block-columns-is-layout-flex\">\n<div class=\"wp-block-column is-layout-flow wp-block-column-is-layout-flow\">\n<div class=\"wp-block-cover has-aspect-ratio wp-duotone-unset-1\" style=\"border-radius:15px;aspect-ratio:1;min-height:unset;\"><img loading=\"lazy\" decoding=\"async\" width=\"1024\" height=\"576\" class=\"wp-block-cover__image-background wp-image-62\" alt=\"\" src=\"https:\/\/momenta.no\/wp-content\/uploads\/\/2024\/05\/AdobeStock_388002172-1024x576.jpg\" style=\"object-position:76% 52%\" data-object-fit=\"cover\" data-object-position=\"76% 52%\" srcset=\"https:\/\/momenta.no\/wp-content\/uploads\/2024\/05\/AdobeStock_388002172-1024x576.jpg 1024w, https:\/\/momenta.no\/wp-content\/uploads\/2024\/05\/AdobeStock_388002172-300x169.jpg 300w, https:\/\/momenta.no\/wp-content\/uploads\/2024\/05\/AdobeStock_388002172-768x432.jpg 768w, https:\/\/momenta.no\/wp-content\/uploads\/2024\/05\/AdobeStock_388002172-1536x864.jpg 1536w, https:\/\/momenta.no\/wp-content\/uploads\/2024\/05\/AdobeStock_388002172-600x338.jpg 600w, https:\/\/momenta.no\/wp-content\/uploads\/2024\/05\/AdobeStock_388002172.jpg 1920w\" sizes=\"auto, (max-width: 1024px) 100vw, 1024px\" \/><span aria-hidden=\"true\" class=\"wp-block-cover__background has-palette-color-2-background-color has-background-dim-30 has-background-dim\"><\/span><div class=\"wp-block-cover__inner-container is-layout-flow wp-block-cover-is-layout-flow\">\n<h2 class=\"wp-block-heading has-text-align-center has-palette-color-8-color has-text-color has-link-color has-large-font-size wp-elements-e92f10cf71e7d9a670e326a47b0297b5\">INDUSTRI &amp; <a href=\"https:\/\/momenta.no\/markeder\/#industri\" data-type=\"page\" data-id=\"24\">MARINE<\/a><\/h2>\n<\/div><\/div>\n<\/div>\n\n\n\n<div class=\"wp-block-column is-layout-flow wp-block-column-is-layout-flow\">\n<div class=\"wp-block-cover has-aspect-ratio wp-duotone-unset-2\" style=\"border-radius:15px;aspect-ratio:1;min-height:unset;\"><img loading=\"lazy\" decoding=\"async\" width=\"1024\" height=\"576\" class=\"wp-block-cover__image-background wp-image-67\" alt=\"\" src=\"https:\/\/momenta.no\/wp-content\/uploads\/\/2024\/05\/AdobeStock_647415045-1024x576.jpg\" style=\"object-position:0% 47%\" data-object-fit=\"cover\" data-object-position=\"0% 47%\" srcset=\"https:\/\/momenta.no\/wp-content\/uploads\/2024\/05\/AdobeStock_647415045-1024x576.jpg 1024w, https:\/\/momenta.no\/wp-content\/uploads\/2024\/05\/AdobeStock_647415045-300x169.jpg 300w, https:\/\/momenta.no\/wp-content\/uploads\/2024\/05\/AdobeStock_647415045-768x432.jpg 768w, https:\/\/momenta.no\/wp-content\/uploads\/2024\/05\/AdobeStock_647415045-1536x864.jpg 1536w, https:\/\/momenta.no\/wp-content\/uploads\/2024\/05\/AdobeStock_647415045-600x338.jpg 600w, https:\/\/momenta.no\/wp-content\/uploads\/2024\/05\/AdobeStock_647415045.jpg 1920w\" sizes=\"auto, (max-width: 1024px) 100vw, 1024px\" \/><span aria-hidden=\"true\" class=\"wp-block-cover__background has-palette-color-2-background-color has-background-dim-30 has-background-dim\"><\/span><div class=\"wp-block-cover__inner-container is-layout-flow wp-block-cover-is-layout-flow\">\n<h2 class=\"wp-block-heading has-text-align-center has-palette-color-8-color has-text-color has-link-color has-large-font-size wp-elements-785a98ee07f24c5175b684ab6ff99408\"><a href=\"https:\/\/momenta.no\/markeder\/#prosess\" data-type=\"page\" data-id=\"24\">PROCESINDUSTRIEN<\/a><\/h2>\n<\/div><\/div>\n<\/div>\n\n\n\n<div class=\"wp-block-column is-layout-flow wp-block-column-is-layout-flow\">\n<div class=\"wp-block-cover has-aspect-ratio\" style=\"border-radius:15px;aspect-ratio:1;min-height:unset;\"><img loading=\"lazy\" decoding=\"async\" width=\"1024\" height=\"576\" class=\"wp-block-cover__image-background wp-image-60\" alt=\"\" src=\"https:\/\/momenta.no\/wp-content\/uploads\/\/2024\/05\/AdobeStock_295930305-1024x576.jpg\" style=\"object-position:23% 48%\" data-object-fit=\"cover\" data-object-position=\"23% 48%\" srcset=\"https:\/\/momenta.no\/wp-content\/uploads\/2024\/05\/AdobeStock_295930305-1024x576.jpg 1024w, https:\/\/momenta.no\/wp-content\/uploads\/2024\/05\/AdobeStock_295930305-300x169.jpg 300w, https:\/\/momenta.no\/wp-content\/uploads\/2024\/05\/AdobeStock_295930305-768x432.jpg 768w, https:\/\/momenta.no\/wp-content\/uploads\/2024\/05\/AdobeStock_295930305-1536x864.jpg 1536w, https:\/\/momenta.no\/wp-content\/uploads\/2024\/05\/AdobeStock_295930305-600x338.jpg 600w, https:\/\/momenta.no\/wp-content\/uploads\/2024\/05\/AdobeStock_295930305.jpg 1920w\" sizes=\"auto, (max-width: 1024px) 100vw, 1024px\" \/><span aria-hidden=\"true\" class=\"wp-block-cover__background has-palette-color-2-background-color has-background-dim-30 has-background-dim\"><\/span><div class=\"wp-block-cover__inner-container is-layout-flow wp-block-cover-is-layout-flow\">\n<h2 class=\"wp-block-heading has-text-align-center has-palette-color-8-color has-text-color has-link-color has-large-font-size wp-elements-bb3d6a4ff15b9f37b7670c480d4c3e61\"><a href=\"https:\/\/momenta.no\/markeder\/#olje\" data-type=\"page\" data-id=\"24\">OLIE OG GAS<\/a><\/h2>\n<\/div><\/div>\n<\/div>\n\n\n\n<div class=\"wp-block-column is-layout-flow wp-block-column-is-layout-flow\">\n<div class=\"wp-block-cover has-aspect-ratio\" style=\"border-radius:15px;aspect-ratio:1;min-height:unset;\"><img loading=\"lazy\" decoding=\"async\" width=\"1024\" height=\"576\" class=\"wp-block-cover__image-background wp-image-63\" alt=\"\" src=\"https:\/\/momenta.no\/wp-content\/uploads\/\/2024\/05\/AdobeStock_424627604-1024x576.jpg\" style=\"object-position:100% 47%\" data-object-fit=\"cover\" data-object-position=\"100% 47%\" srcset=\"https:\/\/momenta.no\/wp-content\/uploads\/2024\/05\/AdobeStock_424627604-1024x576.jpg 1024w, https:\/\/momenta.no\/wp-content\/uploads\/2024\/05\/AdobeStock_424627604-300x169.jpg 300w, https:\/\/momenta.no\/wp-content\/uploads\/2024\/05\/AdobeStock_424627604-768x432.jpg 768w, https:\/\/momenta.no\/wp-content\/uploads\/2024\/05\/AdobeStock_424627604-1536x864.jpg 1536w, https:\/\/momenta.no\/wp-content\/uploads\/2024\/05\/AdobeStock_424627604-600x338.jpg 600w, https:\/\/momenta.no\/wp-content\/uploads\/2024\/05\/AdobeStock_424627604.jpg 1920w\" sizes=\"auto, (max-width: 1024px) 100vw, 1024px\" \/><span aria-hidden=\"true\" class=\"wp-block-cover__background has-palette-color-2-background-color has-background-dim-30 has-background-dim\"><\/span><div class=\"wp-block-cover__inner-container is-layout-flow wp-block-cover-is-layout-flow\">\n<h2 class=\"wp-block-heading has-text-align-center has-palette-color-8-color has-text-color has-link-color has-large-font-size wp-elements-a59ba48e0ade9229aaa73989f7348ee3\"><a href=\"https:\/\/momenta.no\/markeder\/#fornybar\" data-type=\"page\" data-id=\"24\">VEDVARENDE ENERGI<\/a><\/h2>\n<\/div><\/div>\n<\/div>\n<\/div>\n\n\n\n<div style=\"height:100px\" aria-hidden=\"true\" class=\"wp-block-spacer\"><\/div>\n<\/div>\n<\/div>\n\n\n\n<div class=\"wp-block-columns alignwide has-palette-color-5-background-color has-background is-layout-flex wp-container-core-columns-is-layout-172e7097 wp-block-columns-is-layout-flex\" id=\"industri\" style=\"border-radius:20px;margin-top:0;margin-bottom:0;padding-top:var(--wp--preset--spacing--30);padding-right:var(--wp--preset--spacing--30);padding-bottom:var(--wp--preset--spacing--30);padding-left:var(--wp--preset--spacing--30)\">\n<div class=\"wp-block-column is-layout-constrained wp-block-column-is-layout-constrained\" style=\"flex-basis:42%\">\n<div class=\"wp-block-cover alignwide is-light\" style=\"border-radius:15px;min-height:550px;aspect-ratio:unset;\"><img loading=\"lazy\" decoding=\"async\" width=\"1920\" height=\"1080\" class=\"wp-block-cover__image-background wp-image-83\" alt=\"\" src=\"https:\/\/momenta.no\/wp-content\/uploads\/\/2024\/05\/AdobeStock_665650503.jpg\" style=\"object-position:0% 38%\" data-object-fit=\"cover\" data-object-position=\"0% 38%\" srcset=\"https:\/\/momenta.no\/wp-content\/uploads\/2024\/05\/AdobeStock_665650503.jpg 1920w, https:\/\/momenta.no\/wp-content\/uploads\/2024\/05\/AdobeStock_665650503-300x169.jpg 300w, https:\/\/momenta.no\/wp-content\/uploads\/2024\/05\/AdobeStock_665650503-1024x576.jpg 1024w, https:\/\/momenta.no\/wp-content\/uploads\/2024\/05\/AdobeStock_665650503-768x432.jpg 768w, https:\/\/momenta.no\/wp-content\/uploads\/2024\/05\/AdobeStock_665650503-1536x864.jpg 1536w, https:\/\/momenta.no\/wp-content\/uploads\/2024\/05\/AdobeStock_665650503-600x338.jpg 600w\" sizes=\"auto, (max-width: 1920px) 100vw, 1920px\" \/><span aria-hidden=\"true\" class=\"wp-block-cover__background has-background-dim-0 has-background-dim\" style=\"background-color:#aba7ac\"><\/span><div class=\"wp-block-cover__inner-container is-layout-constrained wp-block-cover-is-layout-constrained\">\n<p class=\"has-text-align-center has-large-font-size\"><\/p>\n<\/div><\/div>\n<\/div>\n\n\n\n<div class=\"wp-block-column is-layout-flow wp-block-column-is-layout-flow\" style=\"flex-basis:3%\"><\/div>\n\n\n\n<div class=\"wp-block-column is-vertically-aligned-center is-layout-flow wp-block-column-is-layout-flow\" style=\"padding-top:var(--wp--preset--spacing--60);padding-right:0;padding-bottom:var(--wp--preset--spacing--60);padding-left:0\">\n<h2 class=\"wp-block-heading\" id=\"utleie\">Industri og marine<\/h2>\n\n\n\n<h6 class=\"wp-block-heading\"><strong>Vores fokus p\u00e5 industri- og marinesektoren er vigtig for b\u00e5de Momenta AS og vores partnere. <\/strong><\/h6>\n\n\n\n<p>Producenternes standard er til dette marked, og vi kan tilbyde b\u00e5de produkter og systeml\u00f8sninger.<br><br><strong>Vores fokusomr\u00e5der:<br><\/strong>- Effektivitet i produktionen<br>- Omkostningseffektiv<br>- Standardl\u00f8sninger<\/p>\n<\/div>\n<\/div>\n\n\n\n<div style=\"height:100px\" aria-hidden=\"true\" class=\"wp-block-spacer\"><\/div>\n\n\n\n<div class=\"wp-block-columns alignwide is-layout-flex wp-container-core-columns-is-layout-172e7097 wp-block-columns-is-layout-flex\" id=\"prosess\" style=\"border-radius:20px;margin-top:0;margin-bottom:0;padding-top:var(--wp--preset--spacing--30);padding-right:var(--wp--preset--spacing--30);padding-bottom:var(--wp--preset--spacing--30);padding-left:var(--wp--preset--spacing--30)\">\n<div class=\"wp-block-column is-vertically-aligned-center is-layout-flow wp-block-column-is-layout-flow\" style=\"padding-top:var(--wp--preset--spacing--60);padding-right:0;padding-bottom:var(--wp--preset--spacing--60);padding-left:0\">\n<h2 class=\"wp-block-heading\" id=\"kurs\">Procesindustrien<\/h2>\n\n\n\n<h6 class=\"wp-block-heading\"><strong>Vi leverer produkter til procesapplikationer.<\/strong><\/h6>\n\n\n\n<p>Dette omfatter l\u00f8sninger til produktion af kemikalier, medicin, sundhedspleje, f\u00f8devarer, olie, tekstiler, tr\u00e6bearbejdning, mineraler, metallegeringer og anden produktion. Vores leverancer omfatter pumper, pulsationsd\u00e6mpere, ventiler, reguleringsventiler, r\u00f8r og andre produkter.<br><br><strong>Vores fokusomr\u00e5der:<br><\/strong>- Kr\u00e6vende applikationer<br>- B\u00e6redygtig produktion<br>- Produkter af h\u00f8j kvalitet<br>- Dokumentation<\/p>\n<\/div>\n\n\n\n<div class=\"wp-block-column is-layout-flow wp-block-column-is-layout-flow\" style=\"flex-basis:3%\"><\/div>\n\n\n\n<div class=\"wp-block-column is-layout-constrained wp-block-column-is-layout-constrained\" style=\"flex-basis:42%\">\n<div class=\"wp-block-cover alignwide is-light\" style=\"border-radius:15px;min-height:550px;aspect-ratio:unset;\"><img loading=\"lazy\" decoding=\"async\" width=\"1920\" height=\"1080\" class=\"wp-block-cover__image-background wp-image-71\" alt=\"\" src=\"https:\/\/momenta.no\/wp-content\/uploads\/\/2024\/05\/AdobeStock_712453648.jpg\" data-object-fit=\"cover\" srcset=\"https:\/\/momenta.no\/wp-content\/uploads\/2024\/05\/AdobeStock_712453648.jpg 1920w, https:\/\/momenta.no\/wp-content\/uploads\/2024\/05\/AdobeStock_712453648-300x169.jpg 300w, https:\/\/momenta.no\/wp-content\/uploads\/2024\/05\/AdobeStock_712453648-1024x576.jpg 1024w, https:\/\/momenta.no\/wp-content\/uploads\/2024\/05\/AdobeStock_712453648-768x432.jpg 768w, https:\/\/momenta.no\/wp-content\/uploads\/2024\/05\/AdobeStock_712453648-1536x864.jpg 1536w, https:\/\/momenta.no\/wp-content\/uploads\/2024\/05\/AdobeStock_712453648-600x338.jpg 600w\" sizes=\"auto, (max-width: 1920px) 100vw, 1920px\" \/><span aria-hidden=\"true\" class=\"wp-block-cover__background has-background-dim-0 has-background-dim\" style=\"background-color:#aba7ac\"><\/span><div class=\"wp-block-cover__inner-container is-layout-constrained wp-block-cover-is-layout-constrained\">\n<p class=\"has-text-align-center has-large-font-size\"><\/p>\n<\/div><\/div>\n<\/div>\n<\/div>\n\n\n\n<div style=\"height:100px\" aria-hidden=\"true\" class=\"wp-block-spacer\"><\/div>\n\n\n\n<div class=\"wp-block-columns alignwide has-palette-color-5-background-color has-background is-layout-flex wp-container-core-columns-is-layout-172e7097 wp-block-columns-is-layout-flex\" id=\"olje\" style=\"border-radius:20px;margin-top:0;margin-bottom:0;padding-top:var(--wp--preset--spacing--30);padding-right:var(--wp--preset--spacing--30);padding-bottom:var(--wp--preset--spacing--30);padding-left:var(--wp--preset--spacing--30)\">\n<div class=\"wp-block-column is-layout-constrained wp-block-column-is-layout-constrained\" style=\"flex-basis:42%\">\n<div class=\"wp-block-cover alignwide is-light\" style=\"border-radius:15px;min-height:550px;aspect-ratio:unset;\"><img loading=\"lazy\" decoding=\"async\" width=\"1920\" height=\"1080\" class=\"wp-block-cover__image-background wp-image-60\" alt=\"\" src=\"https:\/\/momenta.no\/wp-content\/uploads\/\/2024\/05\/AdobeStock_295930305.jpg\" style=\"object-position:14% 50%\" data-object-fit=\"cover\" data-object-position=\"14% 50%\" srcset=\"https:\/\/momenta.no\/wp-content\/uploads\/2024\/05\/AdobeStock_295930305.jpg 1920w, https:\/\/momenta.no\/wp-content\/uploads\/2024\/05\/AdobeStock_295930305-300x169.jpg 300w, https:\/\/momenta.no\/wp-content\/uploads\/2024\/05\/AdobeStock_295930305-1024x576.jpg 1024w, https:\/\/momenta.no\/wp-content\/uploads\/2024\/05\/AdobeStock_295930305-768x432.jpg 768w, https:\/\/momenta.no\/wp-content\/uploads\/2024\/05\/AdobeStock_295930305-1536x864.jpg 1536w, https:\/\/momenta.no\/wp-content\/uploads\/2024\/05\/AdobeStock_295930305-600x338.jpg 600w\" sizes=\"auto, (max-width: 1920px) 100vw, 1920px\" \/><span aria-hidden=\"true\" class=\"wp-block-cover__background has-background-dim-0 has-background-dim\" style=\"background-color:#aba7ac\"><\/span><div class=\"wp-block-cover__inner-container is-layout-constrained wp-block-cover-is-layout-constrained\">\n<p class=\"has-text-align-center has-large-font-size\"><\/p>\n<\/div><\/div>\n<\/div>\n\n\n\n<div class=\"wp-block-column is-layout-flow wp-block-column-is-layout-flow\" style=\"flex-basis:3%\"><\/div>\n\n\n\n<div class=\"wp-block-column is-vertically-aligned-center is-layout-flow wp-block-column-is-layout-flow\" style=\"padding-top:var(--wp--preset--spacing--40);padding-right:0;padding-bottom:var(--wp--preset--spacing--40);padding-left:0\">\n<h2 class=\"wp-block-heading\" id=\"service\">Olie og gas<\/h2>\n\n\n\n<h6 class=\"wp-block-heading\"><strong>De mest udfordrende applikationer kommer fra olie- og gasmarkedet.<\/strong><\/h6>\n\n\n\n<p>Med markedsledende produkter og f\u00f8rende producenter har vi den n\u00f8dvendige kvalitet til at levere i overensstemmelse med kundernes forventninger. Momenta har stor erfaring og gode referencer inden for design, konstruktion og fremstilling af komplette pakker til de mest kr\u00e6vende industrier.<br><br><strong>Vores fokusomr\u00e5der:<br><\/strong>- Kvalitet<br>- Erfaring og referencer<br>- Dokumentation<br>- Levering til tiden<\/p>\n<\/div>\n<\/div>\n\n\n\n<div style=\"height:150px\" aria-hidden=\"true\" class=\"wp-block-spacer\"><\/div>\n\n\n\n<div class=\"wp-block-columns alignwide is-layout-flex wp-container-core-columns-is-layout-172e7097 wp-block-columns-is-layout-flex\" id=\"fornybar\" style=\"border-radius:20px;margin-top:0;margin-bottom:0;padding-top:var(--wp--preset--spacing--30);padding-right:var(--wp--preset--spacing--30);padding-bottom:var(--wp--preset--spacing--30);padding-left:var(--wp--preset--spacing--30)\">\n<div class=\"wp-block-column is-vertically-aligned-center is-layout-flow wp-block-column-is-layout-flow\" style=\"padding-top:var(--wp--preset--spacing--60);padding-right:0;padding-bottom:var(--wp--preset--spacing--40);padding-left:0\">\n<h2 class=\"wp-block-heading\" id=\"kurs\">Vedvarende industri<\/h2>\n\n\n\n<h6 class=\"wp-block-heading\"><strong>Momenta AS har en klar strategi for at udvikle vores forretning inden for den vedvarende industri.<\/strong><\/h6>\n\n\n\n<p>Vi arbejder p\u00e5 langsigtede projekter og har erfaring og referencer inden for design, konstruktion og fremstilling af komplette pakker til denne sp\u00e6ndende og vigtige industri.<br><br><strong>Vores fokusomr\u00e5der:<br><\/strong>- Udvikling af teknologi<br>- Langvarige relationer<br>- Referencer<br>- Effektivitet og l\u00f8nsomhed<\/p>\n<\/div>\n\n\n\n<div class=\"wp-block-column is-layout-constrained wp-block-column-is-layout-constrained\" style=\"flex-basis:42%\">\n<div class=\"wp-block-cover alignwide\" style=\"border-radius:15px;min-height:550px;aspect-ratio:unset;\"><img loading=\"lazy\" decoding=\"async\" width=\"1920\" height=\"1080\" class=\"wp-block-cover__image-background wp-image-63\" alt=\"\" src=\"https:\/\/momenta.no\/wp-content\/uploads\/2024\/05\/AdobeStock_424627604.jpg\" data-object-fit=\"cover\" srcset=\"https:\/\/momenta.no\/wp-content\/uploads\/2024\/05\/AdobeStock_424627604.jpg 1920w, https:\/\/momenta.no\/wp-content\/uploads\/2024\/05\/AdobeStock_424627604-300x169.jpg 300w, https:\/\/momenta.no\/wp-content\/uploads\/2024\/05\/AdobeStock_424627604-1024x576.jpg 1024w, https:\/\/momenta.no\/wp-content\/uploads\/2024\/05\/AdobeStock_424627604-768x432.jpg 768w, https:\/\/momenta.no\/wp-content\/uploads\/2024\/05\/AdobeStock_424627604-1536x864.jpg 1536w, https:\/\/momenta.no\/wp-content\/uploads\/2024\/05\/AdobeStock_424627604-600x338.jpg 600w\" sizes=\"auto, (max-width: 1920px) 100vw, 1920px\" \/><span aria-hidden=\"true\" class=\"wp-block-cover__background has-background-dim-0 has-background-dim\" style=\"background-color:#aba7ac\"><\/span><div class=\"wp-block-cover__inner-container is-layout-constrained wp-block-cover-is-layout-constrained\">\n<p class=\"has-text-align-center has-large-font-size\"><\/p>\n<\/div><\/div>\n<\/div>\n\n\n\n<div class=\"wp-block-column is-layout-constrained wp-block-column-is-layout-constrained\" style=\"flex-basis:3%\"><\/div>\n<\/div>\n\n\n\n<div style=\"height:150px\" aria-hidden=\"true\" class=\"wp-block-spacer\"><\/div>","protected":false},"excerpt":{"rendered":"<p>V\u00e5re markeder Momenta AS leverer l\u00f8sninger til industri, marine, prosess, olje og gass, samt fornybar industri. Vi tilbyr markedsledende produkter og systeml\u00f8sninger for \u00e5 m\u00f8te kundenes h\u00f8ye krav. Med fokus p\u00e5 kvalitet, effektivitet og b\u00e6rekraft, sikrer vi dokumenterte og tidsriktige leveranser i alle v\u00e5re prosjekter. Industri &amp; marine V\u00e5rt fokus p\u00e5 industri- og marinebransjen er [&hellip;]<\/p>\n","protected":false},"author":4,"featured_media":0,"parent":0,"menu_order":0,"comment_status":"closed","ping_status":"closed","template":"","meta":{"_eb_attr":"","footnotes":""},"class_list":["post-24","page","type-page","status-publish","hentry"],"blocksy_meta":[],"_links":{"self":[{"href":"https:\/\/momenta.no\/da\/wp-json\/wp\/v2\/pages\/24","targetHints":{"allow":["GET"]}}],"collection":[{"href":"https:\/\/momenta.no\/da\/wp-json\/wp\/v2\/pages"}],"about":[{"href":"https:\/\/momenta.no\/da\/wp-json\/wp\/v2\/types\/page"}],"author":[{"embeddable":true,"href":"https:\/\/momenta.no\/da\/wp-json\/wp\/v2\/users\/4"}],"replies":[{"embeddable":true,"href":"https:\/\/momenta.no\/da\/wp-json\/wp\/v2\/comments?post=24"}],"version-history":[{"count":155,"href":"https:\/\/momenta.no\/da\/wp-json\/wp\/v2\/pages\/24\/revisions"}],"predecessor-version":[{"id":2653,"href":"https:\/\/momenta.no\/da\/wp-json\/wp\/v2\/pages\/24\/revisions\/2653"}],"wp:attachment":[{"href":"https:\/\/momenta.no\/da\/wp-json\/wp\/v2\/media?parent=24"}],"curies":[{"name":"wp","href":"https:\/\/api.w.org\/{rel}","templated":true}]}}