{"id":232,"date":"2024-05-22T12:40:56","date_gmt":"2024-05-22T10:40:56","guid":{"rendered":"https:\/\/momenta.no\/?page_id=232"},"modified":"2026-03-09T11:16:58","modified_gmt":"2026-03-09T10:16:58","slug":"produkter","status":"publish","type":"page","link":"https:\/\/momenta.no\/da\/produkter\/","title":{"rendered":"Vores produkter"},"content":{"rendered":"<div class=\"wp-block-columns alignfull is-not-stacked-on-mobile is-layout-flex wp-container-core-columns-is-layout-665c0c14 wp-block-columns-is-layout-flex\" style=\"border-radius:20px;margin-top:0;margin-bottom:0;padding-top:0;padding-right:var(--wp--preset--spacing--40);padding-bottom:0;padding-left:var(--wp--preset--spacing--40)\">\n<div class=\"wp-block-column is-vertically-aligned-center is-layout-constrained wp-container-core-column-is-layout-19e250f3 wp-block-column-is-layout-constrained\">\n<div class=\"wp-block-cover alignfull wp-duotone-unset-1\" style=\"border-radius:20px;min-height:75vh;aspect-ratio:unset;\"><img loading=\"lazy\" decoding=\"async\" width=\"1920\" height=\"1080\" class=\"wp-block-cover__image-background wp-image-1583\" alt=\"\" src=\"https:\/\/momenta.no\/wp-content\/uploads\/\/2024\/06\/prosess.jpg\" style=\"object-position:51% 22%\" data-object-fit=\"cover\" data-object-position=\"51% 22%\" srcset=\"https:\/\/momenta.no\/wp-content\/uploads\/2024\/06\/prosess.jpg 1920w, https:\/\/momenta.no\/wp-content\/uploads\/2024\/06\/prosess-300x169.jpg 300w, https:\/\/momenta.no\/wp-content\/uploads\/2024\/06\/prosess-1024x576.jpg 1024w, https:\/\/momenta.no\/wp-content\/uploads\/2024\/06\/prosess-768x432.jpg 768w, https:\/\/momenta.no\/wp-content\/uploads\/2024\/06\/prosess-1536x864.jpg 1536w, https:\/\/momenta.no\/wp-content\/uploads\/2024\/06\/prosess-600x338.jpg 600w\" sizes=\"auto, (max-width: 1920px) 100vw, 1920px\" \/><span aria-hidden=\"true\" class=\"wp-block-cover__background has-palette-color-2-background-color has-background-dim-70 has-background-dim\"><\/span><div class=\"wp-block-cover__inner-container is-layout-constrained wp-block-cover-is-layout-constrained\">\n<div class=\"wp-block-columns is-layout-flex wp-container-core-columns-is-layout-28f84493 wp-block-columns-is-layout-flex\">\n<div class=\"wp-block-column is-layout-flow wp-block-column-is-layout-flow\" style=\"flex-basis:25%\"><\/div>\n\n\n\n<div class=\"wp-block-column is-layout-flow wp-block-column-is-layout-flow\">\n<h1 class=\"wp-block-heading has-palette-color-8-color has-text-color has-link-color wp-elements-89814a497f23c05ae4ac5a4ce4f8ba38\">Vi har et bredt udvalg af produkter til procesindustrien<\/h1>\n<\/div>\n\n\n\n<div class=\"wp-block-column is-layout-flow wp-block-column-is-layout-flow\" style=\"flex-basis:2%\"><\/div>\n<\/div>\n<\/div><\/div>\n<\/div>\n<\/div>\n\n\n\n<div class=\"wp-block-columns is-layout-flex wp-container-core-columns-is-layout-28f84493 wp-block-columns-is-layout-flex\">\n<div class=\"wp-block-column is-layout-flow wp-block-column-is-layout-flow\">\n<div style=\"height:100px\" aria-hidden=\"true\" class=\"wp-block-spacer\"><\/div>\n\n\n\n<div class=\"wp-block-columns is-layout-flex wp-container-core-columns-is-layout-28f84493 wp-block-columns-is-layout-flex\">\n<div class=\"wp-block-column is-layout-flow wp-block-column-is-layout-flow\" style=\"flex-basis:5vw\"><\/div>\n\n\n\n<div class=\"wp-block-column is-layout-flow wp-block-column-is-layout-flow\">\n<h2 class=\"wp-block-heading has-text-align-center has-x-large-font-size\">Vores produkter<\/h2>\n\n\n\n<h6 class=\"wp-block-heading has-text-align-center\">Momenta AS har partnerskabsaftaler med f\u00f8rende internationale leverand\u00f8rer, der producerer produkter af h\u00f8j kvalitet. Vi tilbyder et komplet sortiment af produkter inden for alle vores forretningsomr\u00e5der, og vi er forpligtet til at sikre, at det rigtige valg af produkt sikrer forudsigelige og omkostningseffektive l\u00f8sninger for vores kunder. Vores ekspertise og erfaring skal v\u00e6re en ressource for vores kunder og sikre de bedste tekniske l\u00f8sninger.<\/h6>\n\n\n\n<div style=\"height:70px\" aria-hidden=\"true\" class=\"wp-block-spacer\"><\/div>\n<\/div>\n\n\n\n<div class=\"wp-block-column is-layout-flow wp-block-column-is-layout-flow\" style=\"flex-basis:5vw\"><\/div>\n<\/div>\n\n\n\n<div class=\"wp-block-columns is-layout-flex wp-container-core-columns-is-layout-28f84493 wp-block-columns-is-layout-flex\">\n<div class=\"wp-block-column is-layout-flow wp-block-column-is-layout-flow\">\n<div class=\"wp-block-cover has-aspect-ratio\" style=\"border-radius:15px;aspect-ratio:1;min-height:unset;\"><img loading=\"lazy\" decoding=\"async\" width=\"1920\" height=\"1080\" class=\"wp-block-cover__image-background wp-image-255\" alt=\"\" src=\"https:\/\/momenta.no\/wp-content\/uploads\/\/2024\/05\/Instrumentation.jpg\" data-object-fit=\"cover\" srcset=\"https:\/\/momenta.no\/wp-content\/uploads\/2024\/05\/Instrumentation.jpg 1920w, https:\/\/momenta.no\/wp-content\/uploads\/2024\/05\/Instrumentation-300x169.jpg 300w, https:\/\/momenta.no\/wp-content\/uploads\/2024\/05\/Instrumentation-1024x576.jpg 1024w, https:\/\/momenta.no\/wp-content\/uploads\/2024\/05\/Instrumentation-768x432.jpg 768w, https:\/\/momenta.no\/wp-content\/uploads\/2024\/05\/Instrumentation-1536x864.jpg 1536w, https:\/\/momenta.no\/wp-content\/uploads\/2024\/05\/Instrumentation-600x338.jpg 600w\" sizes=\"auto, (max-width: 1920px) 100vw, 1920px\" \/><span aria-hidden=\"true\" class=\"wp-block-cover__background has-palette-color-2-background-color has-background-dim-30 has-background-dim\"><\/span><div class=\"wp-block-cover__inner-container is-layout-constrained wp-block-cover-is-layout-constrained\">\n<h2 class=\"wp-block-heading has-text-align-center has-palette-color-8-color has-text-color has-link-color has-large-font-size wp-elements-56c63a51ad4e5f007daa2e7f3c56ecbb\"><a href=\"https:\/\/momenta.no\/pumper\/\" data-type=\"link\" data-id=\"https:\/\/momenta.no\/tjenester\/#service\">PUMPER<\/a><\/h2>\n<\/div><\/div>\n<\/div>\n\n\n\n<div class=\"wp-block-column is-layout-flow wp-block-column-is-layout-flow\">\n<div class=\"wp-block-cover has-aspect-ratio\" style=\"border-radius:15px;aspect-ratio:1;min-height:unset;\"><img loading=\"lazy\" decoding=\"async\" width=\"1920\" height=\"1080\" class=\"wp-block-cover__image-background wp-image-848\" alt=\"\" src=\"https:\/\/momenta.no\/wp-content\/uploads\/\/2024\/05\/pumps.jpg\" data-object-fit=\"cover\" srcset=\"https:\/\/momenta.no\/wp-content\/uploads\/2024\/05\/pumps.jpg 1920w, https:\/\/momenta.no\/wp-content\/uploads\/2024\/05\/pumps-300x169.jpg 300w, https:\/\/momenta.no\/wp-content\/uploads\/2024\/05\/pumps-1024x576.jpg 1024w, https:\/\/momenta.no\/wp-content\/uploads\/2024\/05\/pumps-768x432.jpg 768w, https:\/\/momenta.no\/wp-content\/uploads\/2024\/05\/pumps-1536x864.jpg 1536w, https:\/\/momenta.no\/wp-content\/uploads\/2024\/05\/pumps-600x338.jpg 600w\" sizes=\"auto, (max-width: 1920px) 100vw, 1920px\" \/><span aria-hidden=\"true\" class=\"wp-block-cover__background has-palette-color-2-background-color has-background-dim-30 has-background-dim\"><\/span><div class=\"wp-block-cover__inner-container is-layout-constrained wp-block-cover-is-layout-constrained\">\n<h2 class=\"wp-block-heading has-text-align-center has-palette-color-8-color has-text-color has-link-color has-large-font-size wp-elements-80d2f14d8a765632949ed8b13d59083c\"><a href=\"https:\/\/momenta.no\/kjemisk-injeksjon\/\" data-type=\"link\" data-id=\"https:\/\/momenta.no\/tjenester\/#kurs\">KEMISK INDSPR\u00d8JTNING<\/a><\/h2>\n<\/div><\/div>\n<\/div>\n\n\n\n<div class=\"wp-block-column is-layout-flow wp-block-column-is-layout-flow\" style=\"padding-top:0;padding-bottom:0\">\n<div class=\"wp-block-cover has-aspect-ratio wp-duotone-unset-2\" style=\"border-radius:15px;aspect-ratio:1;min-height:unset;\"><img loading=\"lazy\" decoding=\"async\" width=\"1920\" height=\"1080\" class=\"wp-block-cover__image-background wp-image-847\" alt=\"\" src=\"https:\/\/momenta.no\/wp-content\/uploads\/\/2024\/05\/instrument.jpg\" style=\"object-position:60% 51%\" data-object-fit=\"cover\" data-object-position=\"60% 51%\" srcset=\"https:\/\/momenta.no\/wp-content\/uploads\/2024\/05\/instrument.jpg 1920w, https:\/\/momenta.no\/wp-content\/uploads\/2024\/05\/instrument-300x169.jpg 300w, https:\/\/momenta.no\/wp-content\/uploads\/2024\/05\/instrument-1024x576.jpg 1024w, https:\/\/momenta.no\/wp-content\/uploads\/2024\/05\/instrument-768x432.jpg 768w, https:\/\/momenta.no\/wp-content\/uploads\/2024\/05\/instrument-1536x864.jpg 1536w, https:\/\/momenta.no\/wp-content\/uploads\/2024\/05\/instrument-600x338.jpg 600w\" sizes=\"auto, (max-width: 1920px) 100vw, 1920px\" \/><span aria-hidden=\"true\" class=\"wp-block-cover__background has-palette-color-2-background-color has-background-dim-30 has-background-dim\"><\/span><div class=\"wp-block-cover__inner-container is-layout-constrained wp-block-cover-is-layout-constrained\">\n<h2 class=\"wp-block-heading has-text-align-center has-palette-color-8-color has-text-color has-link-color has-large-font-size wp-elements-8998840289c1a4b8ee7857772558a453\"><a href=\"https:\/\/momenta.no\/instrumentering\/\" data-type=\"page\" data-id=\"20\">INSTRUMENTERING<\/a><\/h2>\n<\/div><\/div>\n<\/div>\n<\/div>\n\n\n\n<div class=\"wp-block-columns is-layout-flex wp-container-core-columns-is-layout-28f84493 wp-block-columns-is-layout-flex\">\n<div class=\"wp-block-column is-layout-flow wp-block-column-is-layout-flow\" style=\"flex-basis:5vw\"><\/div>\n\n\n\n<div class=\"wp-block-column is-layout-flow wp-block-column-is-layout-flow\">\n<div style=\"height:4px\" aria-hidden=\"true\" class=\"wp-block-spacer\"><\/div>\n\n\n\n<h3 class=\"wp-block-heading has-text-align-center has-x-large-font-size\">Kvalitet - respons - respekt<\/h3>\n\n\n\n<h6 class=\"wp-block-heading has-text-align-center\">Ved at kombinere h\u00f8j kvalitet og lang erfaring har Momenta AS etableret sig som markedsleder inden for kemisk injektion og instrumentering. Vores fantastiske team bruger principperne \u00abKvalitet - Respons - Respekt\u00bb til at tage markedsandele p\u00e5 et kr\u00e6vende marked.<br><br>Vi har t\u00e6tte partnerskaber med f\u00f8rende internationale producenter, som alle tilbyder den h\u00f8jeste kvalitet p\u00e5 markedet, hvilket giver os et komplet udvalg af produkter inden for alle vores forretningsomr\u00e5der. Det rigtige produktvalg sikrer en forudsigelig levetid og en omkostningseffektiv produktion. Vores viden og erfaring vil v\u00e6re en ressource for vores kunder, n\u00e5r de evaluerer tekniske l\u00f8sninger.<\/h6>\n\n\n\n<div style=\"height:70px\" aria-hidden=\"true\" class=\"wp-block-spacer\"><\/div>\n<\/div>\n\n\n\n<div class=\"wp-block-column is-layout-flow wp-block-column-is-layout-flow\" style=\"flex-basis:5vw\"><\/div>\n<\/div>\n\n\n\n<div style=\"height:100px\" aria-hidden=\"true\" class=\"wp-block-spacer\"><\/div>\n<\/div>\n<\/div>","protected":false},"excerpt":{"rendered":"<p>V\u00e5re produkter Momenta AS har partneravtaler med ledende internasjonale leverand\u00f8rer som produserer produkter av h\u00f8y kvalitet. Vi kan tilby et komplett produktspekter innenfor alle v\u00e5re forretningsomr\u00e5der, og er opptatt av at riktig produktvalg sikrer forutsigbare og kostnadseffektive l\u00f8sninger for v\u00e5re kunder. V\u00e5r kompetanse og erfaring skal v\u00e6re en ressurs for v\u00e5re kunder, og s\u00f8rge for [&hellip;]<\/p>\n","protected":false},"author":4,"featured_media":0,"parent":0,"menu_order":0,"comment_status":"closed","ping_status":"closed","template":"","meta":{"_eb_attr":"","footnotes":""},"class_list":["post-232","page","type-page","status-publish","hentry"],"blocksy_meta":[],"_links":{"self":[{"href":"https:\/\/momenta.no\/da\/wp-json\/wp\/v2\/pages\/232","targetHints":{"allow":["GET"]}}],"collection":[{"href":"https:\/\/momenta.no\/da\/wp-json\/wp\/v2\/pages"}],"about":[{"href":"https:\/\/momenta.no\/da\/wp-json\/wp\/v2\/types\/page"}],"author":[{"embeddable":true,"href":"https:\/\/momenta.no\/da\/wp-json\/wp\/v2\/users\/4"}],"replies":[{"embeddable":true,"href":"https:\/\/momenta.no\/da\/wp-json\/wp\/v2\/comments?post=232"}],"version-history":[{"count":51,"href":"https:\/\/momenta.no\/da\/wp-json\/wp\/v2\/pages\/232\/revisions"}],"predecessor-version":[{"id":2777,"href":"https:\/\/momenta.no\/da\/wp-json\/wp\/v2\/pages\/232\/revisions\/2777"}],"wp:attachment":[{"href":"https:\/\/momenta.no\/da\/wp-json\/wp\/v2\/media?parent=232"}],"curies":[{"name":"wp","href":"https:\/\/api.w.org\/{rel}","templated":true}]}}