{"id":2031,"date":"2024-08-20T11:07:22","date_gmt":"2024-08-20T09:07:22","guid":{"rendered":"https:\/\/momenta.no\/?page_id=2031"},"modified":"2026-01-26T09:34:55","modified_gmt":"2026-01-26T08:34:55","slug":"pensum","status":"publish","type":"page","link":"https:\/\/momenta.no\/da\/kursplan\/","title":{"rendered":"Kursusplan"},"content":{"rendered":"<div class=\"wp-block-columns alignfull is-layout-flex wp-container-core-columns-is-layout-665c0c14 wp-block-columns-is-layout-flex\" style=\"border-radius:20px;margin-top:0;margin-bottom:0;padding-top:0;padding-right:var(--wp--preset--spacing--40);padding-bottom:0;padding-left:var(--wp--preset--spacing--40)\">\n<div class=\"wp-block-column is-vertically-aligned-center is-layout-constrained wp-container-core-column-is-layout-19e250f3 wp-block-column-is-layout-constrained\">\n<div class=\"wp-block-cover alignfull is-light wp-duotone-midnight\" style=\"border-radius:20px;min-height:75vh;aspect-ratio:unset;\"><img loading=\"lazy\" decoding=\"async\" width=\"1920\" height=\"1080\" class=\"wp-block-cover__image-background wp-image-2035\" alt=\"\" src=\"https:\/\/momenta.no\/wp-content\/uploads\/\/2024\/08\/momenta_kurs.jpg\" data-object-fit=\"cover\" srcset=\"https:\/\/momenta.no\/wp-content\/uploads\/2024\/08\/momenta_kurs.jpg 1920w, https:\/\/momenta.no\/wp-content\/uploads\/2024\/08\/momenta_kurs-300x169.jpg 300w, https:\/\/momenta.no\/wp-content\/uploads\/2024\/08\/momenta_kurs-1024x576.jpg 1024w, https:\/\/momenta.no\/wp-content\/uploads\/2024\/08\/momenta_kurs-768x432.jpg 768w, https:\/\/momenta.no\/wp-content\/uploads\/2024\/08\/momenta_kurs-1536x864.jpg 1536w, https:\/\/momenta.no\/wp-content\/uploads\/2024\/08\/momenta_kurs-600x338.jpg 600w\" sizes=\"auto, (max-width: 1920px) 100vw, 1920px\" \/><span aria-hidden=\"true\" class=\"wp-block-cover__background has-palette-color-2-background-color has-background-dim-0 has-background-dim\"><\/span><div class=\"wp-block-cover__inner-container is-layout-constrained wp-block-cover-is-layout-constrained\">\n<div class=\"wp-block-essential-blocks-row alignfull  root-eb-row-p7seu\"><div class=\"eb-parent-wrapper eb-parent-eb-row-p7seu\"><div class=\"eb-row-root-container eb-row-p7seu\" data-id=\"eb-row-p7seu\"><div class=\"eb-row-wrapper\"><div class=\"eb-row-inner\">\n<div class=\"wp-block-essential-blocks-column  root-eb-column-bcp26\"><div class=\"eb-parent-wrapper eb-parent-eb-column-bcp26\"><div class=\"eb-column-wrapper eb-column-bcp26\"><div class=\"eb-column-inner\"><\/div><\/div><\/div><\/div>\n\n\n\n<div class=\"wp-block-essential-blocks-column  root-eb-column-k5l7a\"><div class=\"eb-parent-wrapper eb-parent-eb-column-k5l7a\"><div class=\"eb-column-wrapper eb-column-k5l7a\"><div class=\"eb-column-inner\">\n<h1 class=\"wp-block-heading has-palette-color-8-color has-text-color has-link-color wp-elements-d4e2e188e5201fc9227cd1f0b72720c9\">Vi tilbyder kurser, der er skr\u00e6ddersyet til kundens behov<\/h1>\n<\/div><\/div><\/div><\/div>\n<\/div><\/div><\/div><\/div><\/div>\n\n\n\n<div class=\"wp-block-essential-blocks-wrapper alignwide  root-eb-wrapper-fdsh8\"><div class=\"eb-parent-wrapper eb-parent-eb-wrapper-fdsh8 eb_animation eb___animated eb___bounceInUp\"><div class=\"eb-wrapper-outer eb-wrapper-fdsh8\"><div class=\"eb-wrapper-inner\"><div class=\"eb-wrapper-inner-blocks eb-wrapper-align-center\">\n<figure class=\"wp-block-image size-full\"><img loading=\"lazy\" decoding=\"async\" width=\"286\" height=\"801\" src=\"https:\/\/momenta.no\/wp-content\/uploads\/\/2024\/05\/image.png\" alt=\"Dette billede mangler alt-tekst; dets filnavn er symbol_white.png\" class=\"wp-image-472\" srcset=\"https:\/\/momenta.no\/wp-content\/uploads\/2024\/05\/image.png 286w, https:\/\/momenta.no\/wp-content\/uploads\/2024\/05\/image-107x300.png 107w\" sizes=\"auto, (max-width: 286px) 100vw, 286px\" \/><\/figure>\n<\/div><\/div><\/div><\/div><\/div>\n<\/div><\/div>\n<\/div>\n<\/div>\n\n\n\n<div class=\"wp-block-columns is-layout-flex wp-container-core-columns-is-layout-28f84493 wp-block-columns-is-layout-flex\">\n<div class=\"wp-block-column is-layout-flow wp-block-column-is-layout-flow\">\n<div class=\"wp-block-columns is-layout-flex wp-container-core-columns-is-layout-28f84493 wp-block-columns-is-layout-flex\">\n<div class=\"wp-block-column is-layout-flow wp-block-column-is-layout-flow\" style=\"flex-basis:5vw\"><\/div>\n\n\n\n<div class=\"wp-block-column is-layout-flow wp-block-column-is-layout-flow\">\n<div style=\"height:70px\" aria-hidden=\"true\" class=\"wp-block-spacer\"><\/div>\n\n\n\n<h2 class=\"wp-block-heading has-text-align-center\">Bedst p\u00e5 de kurser, vi tilbyder.<\/h2>\n\n\n\n<p><\/p>\n\n\n\n<p><\/p>\n\n\n\n<p><strong>NOG 143 Fitting og sm\u00e5borede slangesystemer:<\/strong><\/p>\n\n\n\n<p>Momenta AS tilbyder kurser i fitting og sm\u00e5borede r\u00f8rsystemer i overensstemmelse med NOG 143-standarden. Kurserne giver grundig tr\u00e6ning i fittings, gevind, r\u00f8rb\u00f8jning og trykpr\u00f8vning. Derudover f\u00e5r deltagerne praktisk erfaring i brugen af tilh\u00f8rende v\u00e6rkt\u00f8jer. Alle deltagere skal best\u00e5 b\u00e5de en teoretisk og en praktisk eksamen. Kurset l\u00f8ber over 2 dage, men kan tilpasses, hvis det \u00f8nskes.<\/p>\n\n\n\n<p><strong>Kegle- og gevindkurve (h\u00f8jt tryk):<\/strong><\/p>\n\n\n\n<p>Dette kursus er specielt designet til installation af h\u00f8jtryksr\u00f8r og tilh\u00f8rende fittings. Kurset d\u00e6kker koning og gevindsk\u00e6ring til h\u00f8jtryksr\u00f8r (Autoclave, Butech, HIP) og giver praktisk erfaring i brugen af v\u00e6rkt\u00f8jer og teknikker, der er afg\u00f8rende for en sikker og korrekt installation. Kurset l\u00f8ber over en dag og fokuserer p\u00e5 praktisk tr\u00e6ning.<\/p>\n\n\n\n<p><strong>Laboratoriekursus:<\/strong><\/p>\n\n\n\n<p>Dette kursus er specielt designet til laboratoriepersonale og er skr\u00e6ddersyet til kundens laboratorieops\u00e6tning. Kurset d\u00e6kker en bred vifte af fittings og koblinger, der typisk bruges i mindre laboratoriemilj\u00f8er. Det er et endagskursus, der giver grundig tr\u00e6ning i h\u00e5ndtering af sm\u00e5 og sarte komponenter.<\/p>\n\n\n\n<p><strong>Vores strategi er at v\u00e6re de bedste til de kurser, vi tilbyder, og det afspejler sig i vores moderne faciliteter og udstyr. Tidligere deltagere giver os meget god feedback p\u00e5 b\u00e5de indhold og udf\u00f8relse.<\/strong><\/p>\n\n\n\n<p><strong>Kursusgebyr:<\/strong><\/p>\n\n\n\n<p>\u2022<strong>NOG 143 Stavanger: <\/strong>NOK 7.500 pr. deltager<\/p>\n\n\n\n<p>\u2022<strong>NOG 143 Kundens lokaler: <\/strong>NOK 7.800 pr. deltager<\/p>\n\n\n\n<p>\u2022<strong>Kegle- og gevindkurve (h\u00f8jt tryk): <\/strong>NOK 4.800 pr. deltager<\/p>\n\n\n\n<p>\u2022<strong>Laboratoriekursus: <\/strong>NOK 5.665 pr. deltager<\/p>\n\n\n\n<p class=\"has-text-align-left\">For at gennemf\u00f8re et kursus skal der v\u00e6re mindst 8 tilmeldte deltagere. Nedenfor finder du en oversigt over kurserne, men hvis du \u00f8nsker yderligere kursusdatoer eller andre oplysninger, bedes du kontakte os p\u00e5 e-mail: logistics@momenta.no eller tlf. 51 41 90 53.<\/p>\n\n\n\n<div style=\"height:70px\" aria-hidden=\"true\" class=\"wp-block-spacer\"><\/div>\n<\/div>\n\n\n\n<div class=\"wp-block-column is-layout-flow wp-block-column-is-layout-flow\" style=\"flex-basis:5vw\"><\/div>\n<\/div>\n<\/div>\n<\/div>\n\n\n\n<h2 class=\"wp-block-heading has-text-align-center\">Oversigt over kurser<\/h2>\n\n\n\n<div class=\"wp-block-columns alignfull is-layout-flex wp-container-core-columns-is-layout-28f84493 wp-block-columns-is-layout-flex\">\n<div class=\"wp-block-column is-layout-flow wp-block-column-is-layout-flow\" style=\"flex-basis:10%\"><\/div>\n\n\n\n<div class=\"wp-block-column is-layout-flow wp-block-column-is-layout-flow\" style=\"flex-basis:80%\">\n<iframe src=\"https:\/\/momenta.vignita.com\/embed\/community\/35d9e549-39ee-4057-7735-08de10f0e7b6\/resources\" title=\"Momenta-forl\u00f8b\" style=\"width: 100%; height: 1080px; border: none;\"><\/iframe>\n<\/div>\n\n\n\n<div class=\"wp-block-column is-layout-flow wp-block-column-is-layout-flow\" style=\"flex-basis:10%\"><\/div>\n<\/div>\n\n\n\n<div style=\"height:100px\" aria-hidden=\"true\" class=\"wp-block-spacer\"><\/div>","protected":false},"excerpt":{"rendered":"<p>Best p\u00e5 kursene vi tilbyr. NOG 143 Fitting- og small-bore tubing-systemer: Momenta AS tilbyr kurs i fitting- og small-bore tubing-systemer i henhold til NOG 143-standarden. Kursene gir grundig oppl\u00e6ring i fittings, gjenger, r\u00f8rb\u00f8ying, og trykkpr\u00f8ving. I tillegg f\u00e5r deltakerne praktisk erfaring med bruk av tilh\u00f8rende verkt\u00f8y. Alle deltakere m\u00e5 best\u00e5 b\u00e5de en teoretisk og praktisk [&hellip;]<\/p>\n","protected":false},"author":25,"featured_media":0,"parent":0,"menu_order":0,"comment_status":"closed","ping_status":"closed","template":"","meta":{"_eb_attr":"","footnotes":""},"class_list":["post-2031","page","type-page","status-publish","hentry"],"blocksy_meta":[],"_links":{"self":[{"href":"https:\/\/momenta.no\/da\/wp-json\/wp\/v2\/pages\/2031","targetHints":{"allow":["GET"]}}],"collection":[{"href":"https:\/\/momenta.no\/da\/wp-json\/wp\/v2\/pages"}],"about":[{"href":"https:\/\/momenta.no\/da\/wp-json\/wp\/v2\/types\/page"}],"author":[{"embeddable":true,"href":"https:\/\/momenta.no\/da\/wp-json\/wp\/v2\/users\/25"}],"replies":[{"embeddable":true,"href":"https:\/\/momenta.no\/da\/wp-json\/wp\/v2\/comments?post=2031"}],"version-history":[{"count":26,"href":"https:\/\/momenta.no\/da\/wp-json\/wp\/v2\/pages\/2031\/revisions"}],"predecessor-version":[{"id":2580,"href":"https:\/\/momenta.no\/da\/wp-json\/wp\/v2\/pages\/2031\/revisions\/2580"}],"wp:attachment":[{"href":"https:\/\/momenta.no\/da\/wp-json\/wp\/v2\/media?parent=2031"}],"curies":[{"name":"wp","href":"https:\/\/api.w.org\/{rel}","templated":true}]}}