{"id":20,"date":"2024-05-13T09:45:47","date_gmt":"2024-05-13T07:45:47","guid":{"rendered":"https:\/\/momenta.no\/?page_id=20"},"modified":"2026-03-04T13:34:31","modified_gmt":"2026-03-04T12:34:31","slug":"tjenester","status":"publish","type":"page","link":"https:\/\/momenta.no\/da\/tjenester\/","title":{"rendered":"Serviceydelser"},"content":{"rendered":"<div class=\"wp-block-columns alignfull is-layout-flex wp-container-core-columns-is-layout-665c0c14 wp-block-columns-is-layout-flex\" style=\"border-radius:20px;margin-top:0;margin-bottom:0;padding-top:0;padding-right:var(--wp--preset--spacing--40);padding-bottom:0;padding-left:var(--wp--preset--spacing--40)\">\n<div class=\"wp-block-column is-vertically-aligned-center is-layout-constrained wp-container-core-column-is-layout-19e250f3 wp-block-column-is-layout-constrained\">\n<div class=\"wp-block-cover alignfull is-light wp-duotone-midnight\" style=\"border-radius:20px;min-height:75vh;aspect-ratio:unset;\"><img loading=\"lazy\" decoding=\"async\" width=\"1920\" height=\"1080\" class=\"wp-block-cover__image-background wp-image-158\" alt=\"\" src=\"https:\/\/momenta.no\/wp-content\/uploads\/\/2024\/05\/Momenta_April_2024_110.jpg\" style=\"object-position:26% 37%\" data-object-fit=\"cover\" data-object-position=\"26% 37%\" srcset=\"https:\/\/momenta.no\/wp-content\/uploads\/2024\/05\/Momenta_April_2024_110.jpg 1920w, https:\/\/momenta.no\/wp-content\/uploads\/2024\/05\/Momenta_April_2024_110-300x169.jpg 300w, https:\/\/momenta.no\/wp-content\/uploads\/2024\/05\/Momenta_April_2024_110-1024x576.jpg 1024w, https:\/\/momenta.no\/wp-content\/uploads\/2024\/05\/Momenta_April_2024_110-768x432.jpg 768w, https:\/\/momenta.no\/wp-content\/uploads\/2024\/05\/Momenta_April_2024_110-1536x864.jpg 1536w, https:\/\/momenta.no\/wp-content\/uploads\/2024\/05\/Momenta_April_2024_110-600x338.jpg 600w\" sizes=\"auto, (max-width: 1920px) 100vw, 1920px\" \/><span aria-hidden=\"true\" class=\"wp-block-cover__background has-palette-color-2-background-color has-background-dim-0 has-background-dim\"><\/span><div class=\"wp-block-cover__inner-container is-layout-constrained wp-block-cover-is-layout-constrained\">\n<div class=\"wp-block-essential-blocks-row alignfull  root-eb-row-p7seu\"><div class=\"eb-parent-wrapper eb-parent-eb-row-p7seu\"><div class=\"eb-row-root-container eb-row-p7seu\" data-id=\"eb-row-p7seu\"><div class=\"eb-row-wrapper\"><div class=\"eb-row-inner\">\n<div class=\"wp-block-essential-blocks-column  root-eb-column-bcp26\"><div class=\"eb-parent-wrapper eb-parent-eb-column-bcp26\"><div class=\"eb-column-wrapper eb-column-bcp26\"><div class=\"eb-column-inner\"><\/div><\/div><\/div><\/div>\n\n\n\n<div class=\"wp-block-essential-blocks-column  root-eb-column-k5l7a\"><div class=\"eb-parent-wrapper eb-parent-eb-column-k5l7a\"><div class=\"eb-column-wrapper eb-column-k5l7a\"><div class=\"eb-column-inner\">\n<h1 class=\"wp-block-heading has-palette-color-8-color has-text-color has-link-color wp-elements-e795100b728c034532204e7996d1002d\">Vi tilbyder servicekoncepter, der er skr\u00e6ddersyet til kundens behov<\/h1>\n<\/div><\/div><\/div><\/div>\n<\/div><\/div><\/div><\/div><\/div>\n\n\n\n<div class=\"wp-block-essential-blocks-wrapper alignwide  root-eb-wrapper-fdsh8\"><div class=\"eb-parent-wrapper eb-parent-eb-wrapper-fdsh8 eb_animation eb___animated eb___bounceInUp\"><div class=\"eb-wrapper-outer eb-wrapper-fdsh8\"><div class=\"eb-wrapper-inner\"><div class=\"eb-wrapper-inner-blocks eb-wrapper-align-center\">\n<figure class=\"wp-block-image size-full\"><img loading=\"lazy\" decoding=\"async\" width=\"286\" height=\"801\" src=\"https:\/\/momenta.no\/wp-content\/uploads\/\/2024\/05\/image.png\" alt=\"Dette billede mangler alt-tekst; dets filnavn er symbol_white.png\" class=\"wp-image-472\" srcset=\"https:\/\/momenta.no\/wp-content\/uploads\/2024\/05\/image.png 286w, https:\/\/momenta.no\/wp-content\/uploads\/2024\/05\/image-107x300.png 107w\" sizes=\"auto, (max-width: 286px) 100vw, 286px\" \/><\/figure>\n<\/div><\/div><\/div><\/div><\/div>\n<\/div><\/div>\n<\/div>\n<\/div>\n\n\n\n<div class=\"wp-block-columns is-layout-flex wp-container-core-columns-is-layout-28f84493 wp-block-columns-is-layout-flex\">\n<div class=\"wp-block-column is-layout-flow wp-block-column-is-layout-flow\">\n<div class=\"wp-block-columns is-layout-flex wp-container-core-columns-is-layout-28f84493 wp-block-columns-is-layout-flex\">\n<div class=\"wp-block-column is-layout-flow wp-block-column-is-layout-flow\" style=\"flex-basis:5vw\"><\/div>\n\n\n\n<div class=\"wp-block-column is-layout-flow wp-block-column-is-layout-flow\">\n<div style=\"height:70px\" aria-hidden=\"true\" class=\"wp-block-spacer\"><\/div>\n\n\n\n<h2 class=\"wp-block-heading has-text-align-center\">Selvf\u00f8lgelig kan vi hj\u00e6lpe dig.<\/h2>\n\n\n\n<h6 class=\"wp-block-heading has-text-align-center\">Vi er ikke bare en leverand\u00f8r - vi er din partner. Vi er stolte af at v\u00e6re kendt for vores im\u00f8dekommenhed og servicemindedhed. Hos os m\u00f8der du vores dygtige fagfolk og vores venlige medarbejdere, som g\u00f8r, hvad de kan, for at g\u00f8re din hverdag lettere og mere effektiv.<\/h6>\n\n\n\n<h6 class=\"wp-block-heading has-text-align-center\">Uanset om du har brug for leje af specialiseret udstyr, er interesseret i vores kvalitetskurser eller har brug for vedligeholdelse og service, s\u00e5 er vi her for at hj\u00e6lpe. Vi tror p\u00e5 at levere mere end bare service; vi leverer ro i sindet, ekspertise og de bedste l\u00f8sninger i klassen.<\/h6>\n\n\n\n<div style=\"height:70px\" aria-hidden=\"true\" class=\"wp-block-spacer\"><\/div>\n<\/div>\n\n\n\n<div class=\"wp-block-column is-layout-flow wp-block-column-is-layout-flow\" style=\"flex-basis:5vw\"><\/div>\n<\/div>\n\n\n\n<div class=\"wp-block-columns is-layout-flex wp-container-core-columns-is-layout-28f84493 wp-block-columns-is-layout-flex\">\n<div class=\"wp-block-column is-layout-flow wp-block-column-is-layout-flow\" style=\"padding-top:0;padding-bottom:0\">\n<div class=\"wp-block-cover has-aspect-ratio wp-duotone-unset-1\" style=\"border-radius:15px;aspect-ratio:1;min-height:unset;\"><img loading=\"lazy\" decoding=\"async\" width=\"1920\" height=\"1080\" class=\"wp-block-cover__image-background wp-image-146\" alt=\"\" src=\"https:\/\/momenta.no\/wp-content\/uploads\/\/2024\/05\/Momenta_April_2024_7.jpg\" style=\"object-position:74% 54%\" data-object-fit=\"cover\" data-object-position=\"74% 54%\" srcset=\"https:\/\/momenta.no\/wp-content\/uploads\/2024\/05\/Momenta_April_2024_7.jpg 1920w, https:\/\/momenta.no\/wp-content\/uploads\/2024\/05\/Momenta_April_2024_7-300x169.jpg 300w, https:\/\/momenta.no\/wp-content\/uploads\/2024\/05\/Momenta_April_2024_7-1024x576.jpg 1024w, https:\/\/momenta.no\/wp-content\/uploads\/2024\/05\/Momenta_April_2024_7-768x432.jpg 768w, https:\/\/momenta.no\/wp-content\/uploads\/2024\/05\/Momenta_April_2024_7-1536x864.jpg 1536w, https:\/\/momenta.no\/wp-content\/uploads\/2024\/05\/Momenta_April_2024_7-600x338.jpg 600w\" sizes=\"auto, (max-width: 1920px) 100vw, 1920px\" \/><span aria-hidden=\"true\" class=\"wp-block-cover__background has-palette-color-2-background-color has-background-dim-30 has-background-dim\"><\/span><div class=\"wp-block-cover__inner-container is-layout-constrained wp-block-cover-is-layout-constrained\">\n<h2 class=\"wp-block-heading has-text-align-center has-palette-color-8-color has-text-color has-link-color has-large-font-size wp-elements-8c075673774b75359e9fe0f8b899639f\"><a href=\"https:\/\/momenta.no\/tjenester\/#utleie\" data-type=\"page\" data-id=\"20\">UDLEJNING<\/a><\/h2>\n<\/div><\/div>\n<\/div>\n\n\n\n<div class=\"wp-block-column is-layout-flow wp-block-column-is-layout-flow\">\n<div class=\"wp-block-cover has-aspect-ratio\" style=\"border-radius:15px;aspect-ratio:1;min-height:unset;\"><img loading=\"lazy\" decoding=\"async\" width=\"1920\" height=\"1080\" class=\"wp-block-cover__image-background wp-image-169\" alt=\"\" src=\"https:\/\/momenta.no\/wp-content\/uploads\/\/2024\/05\/Momenta_April_2024_140.jpg\" style=\"object-position:71% 35%\" data-object-fit=\"cover\" data-object-position=\"71% 35%\" srcset=\"https:\/\/momenta.no\/wp-content\/uploads\/2024\/05\/Momenta_April_2024_140.jpg 1920w, https:\/\/momenta.no\/wp-content\/uploads\/2024\/05\/Momenta_April_2024_140-300x169.jpg 300w, https:\/\/momenta.no\/wp-content\/uploads\/2024\/05\/Momenta_April_2024_140-1024x576.jpg 1024w, https:\/\/momenta.no\/wp-content\/uploads\/2024\/05\/Momenta_April_2024_140-768x432.jpg 768w, https:\/\/momenta.no\/wp-content\/uploads\/2024\/05\/Momenta_April_2024_140-1536x864.jpg 1536w, https:\/\/momenta.no\/wp-content\/uploads\/2024\/05\/Momenta_April_2024_140-600x338.jpg 600w\" sizes=\"auto, (max-width: 1920px) 100vw, 1920px\" \/><span aria-hidden=\"true\" class=\"wp-block-cover__background has-palette-color-2-background-color has-background-dim-30 has-background-dim\"><\/span><div class=\"wp-block-cover__inner-container is-layout-constrained wp-block-cover-is-layout-constrained\">\n<h2 class=\"wp-block-heading has-text-align-center has-palette-color-8-color has-text-color has-link-color has-large-font-size wp-elements-b1c12e4b8072982c95e8991818abdd71\"><a href=\"https:\/\/momenta.no\/tjenester\/#kurs\" data-type=\"link\" data-id=\"https:\/\/momenta.no\/tjenester\/#kurs\">KURSUS<\/a><\/h2>\n<\/div><\/div>\n<\/div>\n\n\n\n<div class=\"wp-block-column is-layout-flow wp-block-column-is-layout-flow\">\n<div class=\"wp-block-cover has-aspect-ratio\" style=\"border-radius:15px;aspect-ratio:1;min-height:unset;\"><img loading=\"lazy\" decoding=\"async\" width=\"1920\" height=\"1080\" class=\"wp-block-cover__image-background wp-image-152\" alt=\"\" src=\"https:\/\/momenta.no\/wp-content\/uploads\/\/2024\/05\/Momenta_April_2024_46.jpg\" style=\"object-position:75% 54%\" data-object-fit=\"cover\" data-object-position=\"75% 54%\" srcset=\"https:\/\/momenta.no\/wp-content\/uploads\/2024\/05\/Momenta_April_2024_46.jpg 1920w, https:\/\/momenta.no\/wp-content\/uploads\/2024\/05\/Momenta_April_2024_46-300x169.jpg 300w, https:\/\/momenta.no\/wp-content\/uploads\/2024\/05\/Momenta_April_2024_46-1024x576.jpg 1024w, https:\/\/momenta.no\/wp-content\/uploads\/2024\/05\/Momenta_April_2024_46-768x432.jpg 768w, https:\/\/momenta.no\/wp-content\/uploads\/2024\/05\/Momenta_April_2024_46-1536x864.jpg 1536w, https:\/\/momenta.no\/wp-content\/uploads\/2024\/05\/Momenta_April_2024_46-600x338.jpg 600w\" sizes=\"auto, (max-width: 1920px) 100vw, 1920px\" \/><span aria-hidden=\"true\" class=\"wp-block-cover__background has-palette-color-2-background-color has-background-dim-30 has-background-dim\"><\/span><div class=\"wp-block-cover__inner-container is-layout-constrained wp-block-cover-is-layout-constrained\">\n<h2 class=\"wp-block-heading has-text-align-center has-palette-color-8-color has-text-color has-link-color has-large-font-size wp-elements-926d30924bb82d08854fbd2f2f3fb4ee\"><a href=\"https:\/\/momenta.no\/tjenester\/#service\" data-type=\"link\" data-id=\"https:\/\/momenta.no\/tjenester\/#service\">VEDLIGEHOLDELSE<br>OG SERVICE<\/a><\/h2>\n<\/div><\/div>\n<\/div>\n<\/div>\n\n\n\n<div class=\"wp-block-columns is-layout-flex wp-container-core-columns-is-layout-28f84493 wp-block-columns-is-layout-flex\">\n<div class=\"wp-block-column is-layout-flow wp-block-column-is-layout-flow\" style=\"flex-basis:5vw\"><\/div>\n\n\n\n<div class=\"wp-block-column is-layout-flow wp-block-column-is-layout-flow\">\n<div style=\"height:40px\" aria-hidden=\"true\" class=\"wp-block-spacer\"><\/div>\n\n\n\n<h3 class=\"wp-block-heading has-text-align-center\">Service og uddannelse<\/h3>\n\n\n\n<h6 class=\"wp-block-heading has-text-align-center\">Vi tilbyder servicekoncepter, der er skr\u00e6ddersyet til kundens behov inden for b\u00e5de produkter og systeml\u00f8sninger. Vi udf\u00f8rer standardservice og eftersyn inden for alle vores produktomr\u00e5der. Momenta AS er certificeret som b\u00e5de LEWA Service Center og Discflo Service Center og kan derfor tilbyde et unikt serviceprogram for disse produkter.<\/h6>\n\n\n\n<h6 class=\"wp-block-heading has-text-align-center\">Momenta AS afholder kurser i instrumentering og pumper, enten p\u00e5 vores eget kursuscenter eller ude hos kunden.<\/h6>\n\n\n\n<div style=\"height:42px\" aria-hidden=\"true\" class=\"wp-block-spacer\"><\/div>\n<\/div>\n\n\n\n<div class=\"wp-block-column is-layout-flow wp-block-column-is-layout-flow\" style=\"flex-basis:5vw\"><\/div>\n<\/div>\n<\/div>\n<\/div>\n\n\n\n<div class=\"wp-block-columns alignwide has-palette-color-5-background-color has-background is-layout-flex wp-container-core-columns-is-layout-172e7097 wp-block-columns-is-layout-flex\" style=\"border-radius:20px;margin-top:0;margin-bottom:0;padding-top:var(--wp--preset--spacing--30);padding-right:var(--wp--preset--spacing--30);padding-bottom:var(--wp--preset--spacing--30);padding-left:var(--wp--preset--spacing--30)\">\n<div class=\"wp-block-column is-layout-constrained wp-container-core-column-is-layout-520232fb wp-block-column-is-layout-constrained\" style=\"padding-right:0;padding-left:0;flex-basis:42%\">\n<figure class=\"wp-block-image size-full is-resized has-custom-border\"><img loading=\"lazy\" decoding=\"async\" width=\"1920\" height=\"1080\" src=\"https:\/\/momenta.no\/wp-content\/uploads\/2024\/05\/Momenta_April_2024_37.jpg\" alt=\"\" class=\"wp-image-151\" style=\"border-radius:15px;aspect-ratio:1;object-fit:cover;width:635px;height:auto\" srcset=\"https:\/\/momenta.no\/wp-content\/uploads\/2024\/05\/Momenta_April_2024_37.jpg 1920w, https:\/\/momenta.no\/wp-content\/uploads\/2024\/05\/Momenta_April_2024_37-300x169.jpg 300w, https:\/\/momenta.no\/wp-content\/uploads\/2024\/05\/Momenta_April_2024_37-1024x576.jpg 1024w, https:\/\/momenta.no\/wp-content\/uploads\/2024\/05\/Momenta_April_2024_37-768x432.jpg 768w, https:\/\/momenta.no\/wp-content\/uploads\/2024\/05\/Momenta_April_2024_37-1536x864.jpg 1536w, https:\/\/momenta.no\/wp-content\/uploads\/2024\/05\/Momenta_April_2024_37-600x338.jpg 600w\" sizes=\"auto, (max-width: 1920px) 100vw, 1920px\" \/><\/figure>\n<\/div>\n\n\n\n<div class=\"wp-block-column is-layout-flow wp-container-core-column-is-layout-c43c6636 wp-block-column-is-layout-flow\" style=\"padding-right:0;padding-left:0;flex-basis:3%\"><\/div>\n\n\n\n<div class=\"wp-block-column is-vertically-aligned-center is-layout-flow wp-block-column-is-layout-flow\" style=\"padding-top:var(--wp--preset--spacing--60);padding-right:0;padding-bottom:var(--wp--preset--spacing--60);padding-left:0\">\n<h2 class=\"wp-block-heading\" id=\"utleie\">Udlejningstjenester<\/h2>\n\n\n\n<h6 class=\"wp-block-heading\"><strong>Momenta AS tilbyder komplet udlejning af pumper, systemer og tilh\u00f8rende udstyr til kemisk injektion, hydraulik og tryktestning.<\/strong><\/h6>\n\n\n\n<p>Som markedsleder inden for produkter, tjenester og pakker til kemiske injektioner kan Momenta AS levere udlejningsudstyr til permanent eller midlertidig drift hos kunderne. Vi har en bred vifte af forskelligt udstyr, og i alt best\u00e5r vores udlejningsfl\u00e5de af 80 enheder og systemer. Vi tilbyder b\u00e5de individuelle udlejningskomponenter og udstyr, der betjenes af vores serviceteknikere.<\/p>\n\n\n\n<p><strong>Vores udlejningsfl\u00e5de best\u00e5r af:<\/strong><\/p>\n\n\n\n<ul class=\"wp-block-list\">\n<li>Luftdrevne kemiske indspr\u00f8jtningspumper<\/li>\n\n\n\n<li>Klorinjektionssystemer (titanium)<\/li>\n\n\n\n<li>Luftdrevne boosterpumpeskinner<\/li>\n\n\n\n<li>Gasforst\u00e6rkere<\/li>\n\n\n\n<li>Trykpr\u00f8vningssystemer<\/li>\n\n\n\n<li>Skyllende enheder<\/li>\n\n\n\n<li>Filtersystemer<\/li>\n\n\n\n<li>Modtryksregulatorer<\/li>\n\n\n\n<li>Reguleringsventiler<\/li>\n\n\n\n<li>Tanke og drypbakker, <\/li>\n\n\n\n<li>Slanger og andet tilh\u00f8rende udstyr<\/li>\n<\/ul>\n<\/div>\n<\/div>\n\n\n\n<div style=\"height:40px\" aria-hidden=\"true\" class=\"wp-block-spacer\"><\/div>\n\n\n\n<div class=\"wp-block-columns alignwide is-layout-flex wp-container-core-columns-is-layout-b032a6dd wp-block-columns-is-layout-flex\" style=\"border-radius:20px;margin-top:0;margin-bottom:0;padding-top:var(--wp--preset--spacing--30);padding-right:0;padding-bottom:var(--wp--preset--spacing--30);padding-left:0\">\n<div class=\"wp-block-column is-vertically-aligned-center is-layout-flow wp-block-column-is-layout-flow\" style=\"padding-top:var(--wp--preset--spacing--60);padding-right:var(--wp--preset--spacing--50);padding-bottom:var(--wp--preset--spacing--50);padding-left:var(--wp--preset--spacing--40)\">\n<h2 class=\"wp-block-heading\" id=\"kurs\">Kursusaktiviteter<\/h2>\n\n\n\n<h6 class=\"wp-block-heading\"><strong>Momenta AS tilbyder kurser i fitting og sm\u00e5borede slangesystemer i overensstemmelse med NOG 143-standarden.<\/strong><\/h6>\n\n\n\n<p>Kurserne giver dybdeg\u00e5ende tr\u00e6ning i fittings, gevind, r\u00f8rb\u00f8jning og trykpr\u00f8vning. Desuden f\u00e5r deltagerne praktisk erfaring med brug af tilh\u00f8rende v\u00e6rkt\u00f8jer. Alle deltagere skal best\u00e5 b\u00e5de en teoretisk og en praktisk eksamen. Kurset l\u00f8ber over 2 dage, men kan tilpasses, hvis det \u00f8nskes.<\/p>\n\n\n\n<p>Konus- og gevindkursus (h\u00f8jtryk): Dette kursus er specielt designet til installation af h\u00f8jtryksr\u00f8r og tilh\u00f8rende fittings. Kurset d\u00e6kker koning og gevindsk\u00e6ring til h\u00f8jtryksr\u00f8r (autoklave, Butech, HIP) og giver praktisk erfaring i brugen af v\u00e6rkt\u00f8jer og teknikker, der er afg\u00f8rende for en sikker og korrekt installation. Kurset l\u00f8ber over en dag og fokuserer p\u00e5 praktisk tr\u00e6ning.<\/p>\n\n\n\n<p>Kurset d\u00e6kker en r\u00e6kke forskellige fittings og koblinger, der typisk bruges i mindre laboratoriemilj\u00f8er. Det er et endagskursus, der giver grundig tr\u00e6ning i h\u00e5ndtering af sm\u00e5 og sarte komponenter.<\/p>\n\n\n\n<p>Vores strategi er at v\u00e6re de bedste til de kurser, vi tilbyder, og det afspejler sig i vores moderne faciliteter og udstyr. Tidligere deltagere giver os meget god feedback p\u00e5 b\u00e5de indhold og udf\u00f8relse.<\/p>\n\n\n\n<p>Kursusplanen kan findes nedenfor, men hvis du \u00f8nsker en kursusdato ud over dette, bedes du kontakte os via e-mail: logistics@momenta.no eller tlf. 51 41 90 53.<\/p>\n\n\n\n<div class=\"wp-block-buttons is-layout-flex wp-block-buttons-is-layout-flex\">\n<div class=\"wp-block-button\"><a class=\"wp-block-button__link wp-element-button\" href=\"https:\/\/momenta.vignita.com\/no\/community\/momenta-kurs-id-35d9e549-39ee-4057-7735-08de10f0e7b6\/resources\" target=\"_blank\" rel=\"noreferrer noopener\">Se vores kurser<\/a><\/div>\n<\/div>\n<\/div>\n\n\n\n<div class=\"wp-block-column is-layout-constrained wp-block-column-is-layout-constrained\" style=\"flex-basis:42%\">\n<div class=\"wp-block-cover is-light\" style=\"min-height:650px;aspect-ratio:unset;\"><span aria-hidden=\"true\" class=\"wp-block-cover__background has-palette-color-8-background-color has-background-dim-0 has-background-dim\"><\/span><div class=\"wp-block-cover__inner-container is-layout-constrained wp-block-cover-is-layout-constrained\">\n<div style=\"padding:48.54% 0 0 0;position:relative;\"><iframe src=\"https:\/\/player.vimeo.com\/video\/1170236848?badge=0&amp;autopause=0&amp;player_id=0&amp;app_id=58479\" frameborder=\"0\" allow=\"autoplay; fullscreen; picture-in-picture; clipboard-write; encrypted-media; web-share\" referrerpolicy=\"strict-origin-when-cross-origin\" style=\"position:absolute;top:0;left:0;width:100%;height:100%;\" title=\"Bestilling af procesmomenter\"><\/iframe><\/div><script src=\"https:\/\/player.vimeo.com\/api\/player.js\"><\/script>\n\n\n\n<p class=\"has-text-align-center\">Videoguide - Bestillingsproces<\/p>\n<\/div><\/div>\n<\/div>\n<\/div>\n\n\n\n<div style=\"height:40px\" aria-hidden=\"true\" class=\"wp-block-spacer\"><\/div>\n\n\n\n<div class=\"wp-block-columns alignwide has-palette-color-5-background-color has-background is-layout-flex wp-container-core-columns-is-layout-172e7097 wp-block-columns-is-layout-flex\" style=\"border-radius:20px;margin-top:0;margin-bottom:0;padding-top:var(--wp--preset--spacing--30);padding-right:var(--wp--preset--spacing--30);padding-bottom:var(--wp--preset--spacing--30);padding-left:var(--wp--preset--spacing--30)\">\n<div class=\"wp-block-column is-layout-constrained wp-block-column-is-layout-constrained\" style=\"flex-basis:42%\">\n<figure class=\"wp-block-image size-large is-resized has-custom-border\"><img loading=\"lazy\" decoding=\"async\" width=\"1024\" height=\"576\" src=\"https:\/\/momenta.no\/wp-content\/uploads\/\/2024\/05\/Momenta_April_2024_46-1024x576.jpg\" alt=\"\" class=\"wp-image-152\" style=\"border-radius:15px;aspect-ratio:1;object-fit:cover;width:635px;height:auto\" srcset=\"https:\/\/momenta.no\/wp-content\/uploads\/2024\/05\/Momenta_April_2024_46-1024x576.jpg 1024w, https:\/\/momenta.no\/wp-content\/uploads\/2024\/05\/Momenta_April_2024_46-300x169.jpg 300w, https:\/\/momenta.no\/wp-content\/uploads\/2024\/05\/Momenta_April_2024_46-768x432.jpg 768w, https:\/\/momenta.no\/wp-content\/uploads\/2024\/05\/Momenta_April_2024_46-1536x864.jpg 1536w, https:\/\/momenta.no\/wp-content\/uploads\/2024\/05\/Momenta_April_2024_46-600x338.jpg 600w, https:\/\/momenta.no\/wp-content\/uploads\/2024\/05\/Momenta_April_2024_46.jpg 1920w\" sizes=\"auto, (max-width: 1024px) 100vw, 1024px\" \/><\/figure>\n<\/div>\n\n\n\n<div class=\"wp-block-column is-layout-flow wp-block-column-is-layout-flow\" style=\"flex-basis:3%\"><\/div>\n\n\n\n<div class=\"wp-block-column is-vertically-aligned-center is-layout-flow wp-block-column-is-layout-flow\" style=\"padding-top:var(--wp--preset--spacing--60);padding-right:0;padding-bottom:var(--wp--preset--spacing--60);padding-left:0\">\n<h2 class=\"wp-block-heading\" id=\"service\">Vedligeholdelse og service<\/h2>\n\n\n\n<h6 class=\"wp-block-heading\"><strong>Momenta AS tilbyder skr\u00e6ddersyede servicekoncepter ud over standard eftersyn og opgraderinger. Vores ekspertise g\u00f8r os i stand til at levere p\u00e5lidelig service og vedligeholdelse til selv de mest kr\u00e6vende applikationer og udstyr.<\/strong><\/h6>\n\n\n\n<p>Vi udf\u00f8rer service, vedligeholdelse og opgraderinger af udstyr inden for kemisk injektion, hydraulik og instrumentering. Vores viden og erfaring med drift og systemer vil \u00f8ge vores kunders rentabilitet og sikre en sikker drift.<\/p>\n<\/div>\n<\/div>\n\n\n\n<div style=\"height:150px\" aria-hidden=\"true\" class=\"wp-block-spacer\"><\/div>","protected":false},"excerpt":{"rendered":"<p>Klart vi kan hjelpe deg. Vi er ikke bare en leverand\u00f8r \u2013 vi er din samarbeidspartner. Vi er stolte av \u00e5 v\u00e6re kjent for v\u00e5r im\u00f8tekommende og serviceinnstilte holdning. Hos oss treffer du v\u00e5re dyktige fagfolk og v\u00e5re trivelige medarbeidere som gj\u00f8r det de kan for \u00e5 gj\u00f8re din hverdag enklere og mer effektiv. Uansett [&hellip;]<\/p>\n","protected":false},"author":4,"featured_media":0,"parent":0,"menu_order":0,"comment_status":"closed","ping_status":"closed","template":"","meta":{"_eb_attr":"","footnotes":""},"class_list":["post-20","page","type-page","status-publish","hentry"],"blocksy_meta":[],"_links":{"self":[{"href":"https:\/\/momenta.no\/da\/wp-json\/wp\/v2\/pages\/20","targetHints":{"allow":["GET"]}}],"collection":[{"href":"https:\/\/momenta.no\/da\/wp-json\/wp\/v2\/pages"}],"about":[{"href":"https:\/\/momenta.no\/da\/wp-json\/wp\/v2\/types\/page"}],"author":[{"embeddable":true,"href":"https:\/\/momenta.no\/da\/wp-json\/wp\/v2\/users\/4"}],"replies":[{"embeddable":true,"href":"https:\/\/momenta.no\/da\/wp-json\/wp\/v2\/comments?post=20"}],"version-history":[{"count":70,"href":"https:\/\/momenta.no\/da\/wp-json\/wp\/v2\/pages\/20\/revisions"}],"predecessor-version":[{"id":2721,"href":"https:\/\/momenta.no\/da\/wp-json\/wp\/v2\/pages\/20\/revisions\/2721"}],"wp:attachment":[{"href":"https:\/\/momenta.no\/da\/wp-json\/wp\/v2\/media?parent=20"}],"curies":[{"name":"wp","href":"https:\/\/api.w.org\/{rel}","templated":true}]}}