{"id":1618,"date":"2024-06-10T14:31:12","date_gmt":"2024-06-10T12:31:12","guid":{"rendered":"https:\/\/momenta.no\/?page_id=1618"},"modified":"2024-06-24T15:05:15","modified_gmt":"2024-06-24T13:05:15","slug":"membranpumper-til-pulver","status":"publish","type":"page","link":"https:\/\/momenta.no\/da\/powder-diaphragm-pumps\/","title":{"rendered":"Membranpumper til pulver"},"content":{"rendered":"<div class=\"wp-block-columns alignfull is-layout-flex wp-container-core-columns-is-layout-665c0c14 wp-block-columns-is-layout-flex\" style=\"border-radius:20px;margin-top:0;margin-bottom:0;padding-top:0;padding-right:var(--wp--preset--spacing--40);padding-bottom:0;padding-left:var(--wp--preset--spacing--40)\">\n<div class=\"wp-block-column is-vertically-aligned-center is-layout-constrained wp-container-core-column-is-layout-19e250f3 wp-block-column-is-layout-constrained\">\n<div class=\"wp-block-cover alignfull\" style=\"border-radius:20px;min-height:50vh;aspect-ratio:unset;\"><span aria-hidden=\"true\" class=\"wp-block-cover__background has-palette-color-2-background-color has-background-dim-10 has-background-dim\"><\/span><img loading=\"lazy\" decoding=\"async\" width=\"1867\" height=\"1004\" class=\"wp-block-cover__image-background wp-image-1835\" alt=\"\" src=\"https:\/\/momenta.no\/wp-content\/uploads\/\/2024\/06\/aro-electric-diaphragm-pump-ft.jpg\" style=\"object-position:50% 61%\" data-object-fit=\"cover\" data-object-position=\"50% 61%\" srcset=\"https:\/\/momenta.no\/wp-content\/uploads\/2024\/06\/aro-electric-diaphragm-pump-ft.jpg 1867w, https:\/\/momenta.no\/wp-content\/uploads\/2024\/06\/aro-electric-diaphragm-pump-ft-300x161.jpg 300w, https:\/\/momenta.no\/wp-content\/uploads\/2024\/06\/aro-electric-diaphragm-pump-ft-1024x551.jpg 1024w, https:\/\/momenta.no\/wp-content\/uploads\/2024\/06\/aro-electric-diaphragm-pump-ft-768x413.jpg 768w, https:\/\/momenta.no\/wp-content\/uploads\/2024\/06\/aro-electric-diaphragm-pump-ft-1536x826.jpg 1536w, https:\/\/momenta.no\/wp-content\/uploads\/2024\/06\/aro-electric-diaphragm-pump-ft-600x323.jpg 600w\" sizes=\"auto, (max-width: 1867px) 100vw, 1867px\" \/><div class=\"wp-block-cover__inner-container is-layout-constrained wp-block-cover-is-layout-constrained\">\n<div class=\"wp-block-essential-blocks-row alignfull  root-eb-row-p7seu\"><div class=\"eb-parent-wrapper eb-parent-eb-row-p7seu\"><div class=\"eb-row-root-container eb-row-p7seu\" data-id=\"eb-row-p7seu\"><div class=\"eb-row-wrapper\"><div class=\"eb-row-inner\">\n<div class=\"wp-block-essential-blocks-column  root-eb-column-bcp26\"><div class=\"eb-parent-wrapper eb-parent-eb-column-bcp26\"><div class=\"eb-column-wrapper eb-column-bcp26\"><div class=\"eb-column-inner\">\n<div style=\"height:127px\" aria-hidden=\"true\" class=\"wp-block-spacer\"><\/div>\n<\/div><\/div><\/div><\/div>\n\n\n\n<div class=\"wp-block-essential-blocks-column  root-eb-column-k5l7a\"><div class=\"eb-parent-wrapper eb-parent-eb-column-k5l7a\"><div class=\"eb-column-wrapper eb-column-k5l7a\"><div class=\"eb-column-inner\">\n<h1 class=\"wp-block-heading has-palette-color-8-color has-text-color has-link-color wp-elements-446662c679e6d7c358d3faa4bde48c02\">ARO-pumper<\/h1>\n<\/div><\/div><\/div><\/div>\n\n\n\n<div class=\"wp-block-essential-blocks-column  root-eb-column-f58wr\"><div class=\"eb-parent-wrapper eb-parent-eb-column-f58wr\"><div class=\"eb-column-wrapper eb-column-f58wr\"><div class=\"eb-column-inner\"><\/div><\/div><\/div><\/div>\n<\/div><\/div><\/div><\/div><\/div>\n<\/div><\/div>\n\n\n\n<div style=\"height:115px\" aria-hidden=\"true\" class=\"wp-block-spacer\"><\/div>\n<\/div>\n<\/div>\n\n\n\n<div class=\"wp-block-columns is-layout-flex wp-container-core-columns-is-layout-28f84493 wp-block-columns-is-layout-flex\">\n<div class=\"wp-block-column is-layout-flow wp-block-column-is-layout-flow\">\n<div class=\"wp-block-columns is-layout-flex wp-container-core-columns-is-layout-28f84493 wp-block-columns-is-layout-flex\">\n<div class=\"wp-block-column is-layout-flow wp-block-column-is-layout-flow\" style=\"flex-basis:5vw\"><\/div>\n\n\n\n<div class=\"wp-block-column is-layout-flow wp-block-column-is-layout-flow\">\n<h2 class=\"wp-block-heading has-text-align-center has-x-large-font-size\">Omkostningseffektive l\u00f8sninger<\/h2>\n\n\n\n<h6 class=\"wp-block-heading has-text-align-center\">ARO-pumper tilbyder effektive og omkostningseffektive l\u00f8sninger til at overf\u00f8re v\u00e6ske fra et opbevaringssted til et andet ved at udnytte en ressource, som de fleste industrivirksomheder allerede har installeret som udgangspunkt - trykluft.<\/h6>\n\n\n\n<div style=\"height:70px\" aria-hidden=\"true\" class=\"wp-block-spacer\"><\/div>\n<\/div>\n\n\n\n<div class=\"wp-block-column is-layout-flow wp-block-column-is-layout-flow\" style=\"flex-basis:5vw\"><\/div>\n<\/div>\n\n\n\n<div class=\"wp-block-columns alignwide is-layout-flex wp-container-core-columns-is-layout-28f84493 wp-block-columns-is-layout-flex\">\n<div class=\"wp-block-column is-layout-flow wp-block-column-is-layout-flow\" style=\"flex-basis:10%\"><\/div>\n\n\n\n<div class=\"wp-block-column is-layout-constrained wp-block-column-is-layout-constrained\">\n<div class=\"wp-block-columns alignwide has-palette-color-5-background-color has-background is-layout-flex wp-container-core-columns-is-layout-9c0ec117 wp-block-columns-is-layout-flex\" style=\"border-radius:20px;margin-top:0;margin-bottom:0;padding-top:var(--wp--preset--spacing--30);padding-right:var(--wp--preset--spacing--60);padding-bottom:var(--wp--preset--spacing--30);padding-left:var(--wp--preset--spacing--60)\">\n<div class=\"wp-block-column is-layout-constrained wp-block-column-is-layout-constrained\">\n<div class=\"wp-block-cover is-light has-aspect-ratio\" style=\"min-height:450px;aspect-ratio:1;min-height:unset;\"><span aria-hidden=\"true\" class=\"wp-block-cover__background has-palette-color-6-background-color has-background-dim-0 has-background-dim\"><\/span><div class=\"wp-block-cover__inner-container is-layout-constrained wp-block-cover-is-layout-constrained\">\n<div class=\"wp-block-essential-blocks-advanced-image  root-eb-advanced-image-ahr3m\"><div class=\"eb-parent-wrapper eb-parent-eb-advanced-image-ahr3m\"><figure class=\"eb-advanced-image-wrapper eb-advanced-image-ahr3m img-style-rounded caption-style-2 caption-horizontal-center caption-vertical-bottom bottom zoom-in\" data-id=\"eb-advanced-image-ahr3m\"><div class=\"image-wrapper\"><a class=\"eb-advimg-link\" href=\"https:\/\/momenta.no\/diaphragm-pumps\/#atex\"><\/a><img decoding=\"async\" src=\"https:\/\/momenta.no\/wp-content\/uploads\/\/2024\/06\/Atex-DP-38-300x294-1.png\" alt=\"\"\/><\/div><figcaption>Membranpumper<\/figcaption><\/figure><\/div><\/div>\n<\/div><\/div>\n<\/div>\n<\/div>\n<\/div>\n\n\n\n<div class=\"wp-block-column is-layout-flow wp-block-column-is-layout-flow\" style=\"flex-basis:3%\"><\/div>\n\n\n\n<div class=\"wp-block-column is-layout-flow wp-block-column-is-layout-flow\">\n<div class=\"wp-block-columns alignwide has-palette-color-5-background-color has-background is-layout-flex wp-container-core-columns-is-layout-9c0ec117 wp-block-columns-is-layout-flex\" id=\"power\" style=\"border-radius:20px;margin-top:0;margin-bottom:0;padding-top:var(--wp--preset--spacing--30);padding-right:var(--wp--preset--spacing--60);padding-bottom:var(--wp--preset--spacing--30);padding-left:var(--wp--preset--spacing--60)\">\n<div class=\"wp-block-column is-layout-constrained wp-block-column-is-layout-constrained\">\n<div class=\"wp-block-cover is-light has-aspect-ratio\" style=\"min-height:450px;aspect-ratio:1;min-height:unset;\"><span aria-hidden=\"true\" class=\"wp-block-cover__background has-palette-color-6-background-color has-background-dim-0 has-background-dim\"><\/span><div class=\"wp-block-cover__inner-container is-layout-constrained wp-block-cover-is-layout-constrained\">\n<div class=\"wp-block-essential-blocks-advanced-image  root-eb-advanced-image-3b9i8\"><div class=\"eb-parent-wrapper eb-parent-eb-advanced-image-3b9i8\"><figure class=\"eb-advanced-image-wrapper eb-advanced-image-3b9i8 img-style-rounded caption-style-2 caption-horizontal-center caption-vertical-bottom bottom zoom-in\" data-id=\"eb-advanced-image-3b9i8\"><div class=\"image-wrapper\"><a class=\"eb-advimg-link\" href=\"#\"><\/a><img decoding=\"async\" src=\"https:\/\/momenta.no\/wp-content\/uploads\/\/2024\/06\/Powder-DP-3.png\" alt=\"\"\/><\/div><figcaption>Membranpumper til pulver<\/figcaption><\/figure><\/div><\/div>\n<\/div><\/div>\n<\/div>\n<\/div>\n<\/div>\n\n\n\n<div class=\"wp-block-column is-layout-flow wp-block-column-is-layout-flow\" style=\"flex-basis:10%\"><\/div>\n<\/div>\n\n\n\n<div style=\"height:100px\" aria-hidden=\"true\" class=\"wp-block-spacer\"><\/div>\n<\/div>\n<\/div>\n\n\n\n<div class=\"wp-block-columns alignwide is-layout-flex wp-container-core-columns-is-layout-9c0ec117 wp-block-columns-is-layout-flex\" style=\"border-radius:20px;margin-top:0;margin-bottom:0;padding-top:var(--wp--preset--spacing--30);padding-right:var(--wp--preset--spacing--60);padding-bottom:var(--wp--preset--spacing--30);padding-left:var(--wp--preset--spacing--60)\">\n<div class=\"wp-block-column is-layout-flow wp-block-column-is-layout-flow\" style=\"flex-basis:5%\"><\/div>\n\n\n\n<div class=\"wp-block-column is-layout-constrained wp-block-column-is-layout-constrained\">\n<figure class=\"wp-block-image size-full is-resized\" id=\"glass\"><img loading=\"lazy\" decoding=\"async\" width=\"1000\" height=\"1000\" src=\"https:\/\/momenta.no\/wp-content\/uploads\/\/2024\/06\/ingersoll-rand-aro-powder-pump.png\" alt=\"\" class=\"wp-image-1621\" style=\"aspect-ratio:1;object-fit:contain;width:500px\" srcset=\"https:\/\/momenta.no\/wp-content\/uploads\/2024\/06\/ingersoll-rand-aro-powder-pump.png 1000w, https:\/\/momenta.no\/wp-content\/uploads\/2024\/06\/ingersoll-rand-aro-powder-pump-300x300.png 300w, https:\/\/momenta.no\/wp-content\/uploads\/2024\/06\/ingersoll-rand-aro-powder-pump-150x150.png 150w, https:\/\/momenta.no\/wp-content\/uploads\/2024\/06\/ingersoll-rand-aro-powder-pump-768x768.png 768w, https:\/\/momenta.no\/wp-content\/uploads\/2024\/06\/ingersoll-rand-aro-powder-pump-500x500.png 500w, https:\/\/momenta.no\/wp-content\/uploads\/2024\/06\/ingersoll-rand-aro-powder-pump-600x600.png 600w, https:\/\/momenta.no\/wp-content\/uploads\/2024\/06\/ingersoll-rand-aro-powder-pump-100x100.png 100w\" sizes=\"auto, (max-width: 1000px) 100vw, 1000px\" \/><\/figure>\n<\/div>\n\n\n\n<div class=\"wp-block-column is-layout-flow wp-block-column-is-layout-flow\" style=\"flex-basis:2%\"><\/div>\n\n\n\n<div class=\"wp-block-column is-vertically-aligned-center is-layout-flow wp-block-column-is-layout-flow\" style=\"padding-top:var(--wp--preset--spacing--40);padding-right:0;padding-bottom:var(--wp--preset--spacing--40);padding-left:0\">\n<h3 class=\"wp-block-heading\" id=\"nikkiso\">Pulvermembranpumpe 2\u201d<\/h3>\n\n\n\n<p>Maks. t\u00e6thed: 800 kg \/ m\u00b3. Maks. tryk: 3,4 bar. F\u00e5s i aluminium og syrefast rustfrit st\u00e5l.<\/p>\n\n\n\n<ul class=\"wp-block-list\">\n<li>Nyudviklet EXP-luftmotor med us\u00e6dvanligt lavt energiforbrug.<\/li>\n\n\n\n<li>Nyudviklede membraner med lang levetid.<\/li>\n\n\n\n<li>H\u00e6nger aldrig i nogen endeposition p\u00e5 grund af ubalanceret luftudskiftningsventil.<\/li>\n\n\n\n<li>Frysefri takket v\u00e6re Quick dump-teknologi.<\/li>\n\n\n\n<li>Boltet pumpe for at undg\u00e5 l\u00e6kage.<\/li>\n\n\n\n<li>Atex-godkendt.<\/li>\n<\/ul>\n\n\n\n<div class=\"wp-block-buttons is-vertical is-content-justification-left is-layout-flex wp-container-core-buttons-is-layout-dd225191 wp-block-buttons-is-layout-flex\">\n<div class=\"wp-block-button\"><a class=\"wp-block-button__link wp-element-button\" href=\"https:\/\/momenta.no\/wp-content\/uploads\/\/2024\/06\/Catalog.pdf\">Download dokumenter<\/a><\/div>\n<\/div>\n<\/div>\n<\/div>\n\n\n\n<div style=\"height:200px\" aria-hidden=\"true\" class=\"wp-block-spacer\"><\/div>\n\n\n\n<div class=\"wp-block-columns alignwide has-palette-color-6-background-color has-background is-layout-flex wp-container-core-columns-is-layout-9c0ec117 wp-block-columns-is-layout-flex\" style=\"border-radius:20px;margin-top:0;margin-bottom:0;padding-top:var(--wp--preset--spacing--30);padding-right:var(--wp--preset--spacing--60);padding-bottom:var(--wp--preset--spacing--30);padding-left:var(--wp--preset--spacing--60)\">\n<div class=\"wp-block-column is-layout-flow wp-block-column-is-layout-flow\" style=\"flex-basis:5%\"><\/div>\n\n\n\n<div class=\"wp-block-column is-layout-constrained wp-block-column-is-layout-constrained\">\n<figure class=\"wp-block-image size-full is-resized\" id=\"nedsenkbar\"><img loading=\"lazy\" decoding=\"async\" width=\"1000\" height=\"1000\" src=\"https:\/\/momenta.no\/wp-content\/uploads\/\/2024\/06\/ingersoll-rand-aro-powder-pump.png\" alt=\"\" class=\"wp-image-1621\" style=\"aspect-ratio:1;object-fit:contain;width:500px\" srcset=\"https:\/\/momenta.no\/wp-content\/uploads\/2024\/06\/ingersoll-rand-aro-powder-pump.png 1000w, https:\/\/momenta.no\/wp-content\/uploads\/2024\/06\/ingersoll-rand-aro-powder-pump-300x300.png 300w, https:\/\/momenta.no\/wp-content\/uploads\/2024\/06\/ingersoll-rand-aro-powder-pump-150x150.png 150w, https:\/\/momenta.no\/wp-content\/uploads\/2024\/06\/ingersoll-rand-aro-powder-pump-768x768.png 768w, https:\/\/momenta.no\/wp-content\/uploads\/2024\/06\/ingersoll-rand-aro-powder-pump-500x500.png 500w, https:\/\/momenta.no\/wp-content\/uploads\/2024\/06\/ingersoll-rand-aro-powder-pump-600x600.png 600w, https:\/\/momenta.no\/wp-content\/uploads\/2024\/06\/ingersoll-rand-aro-powder-pump-100x100.png 100w\" sizes=\"auto, (max-width: 1000px) 100vw, 1000px\" \/><\/figure>\n<\/div>\n\n\n\n<div class=\"wp-block-column is-layout-flow wp-block-column-is-layout-flow\" style=\"flex-basis:2%\"><\/div>\n\n\n\n<div class=\"wp-block-column is-vertically-aligned-center is-layout-flow wp-block-column-is-layout-flow\" style=\"padding-top:var(--wp--preset--spacing--40);padding-right:0;padding-bottom:var(--wp--preset--spacing--40);padding-left:0\">\n<h3 class=\"wp-block-heading\" id=\"metering\">Pulvermembranpumpe 2 3\u201d<\/h3>\n\n\n\n<p>Maks. t\u00e6thed: 800 kg \/ m\u00b3. Maks. tryk: 3,4 bar. F\u00e5s i aluminium og syrefast rustfrit st\u00e5l.<\/p>\n\n\n\n<ul class=\"wp-block-list\">\n<li>Nyudviklet EXP-luftmotor med us\u00e6dvanligt lavt energiforbrug.<\/li>\n\n\n\n<li>Nyudviklede membraner med lang levetid.<\/li>\n\n\n\n<li>H\u00e6nger aldrig i nogen endeposition p\u00e5 grund af ubalanceret luftudskiftningsventil.<\/li>\n\n\n\n<li>Frysefri takket v\u00e6re Quick dump-teknologi.<\/li>\n\n\n\n<li>Boltet pumpe for at undg\u00e5 l\u00e6kage.<\/li>\n\n\n\n<li>Atex-godkendt.<\/li>\n<\/ul>\n\n\n\n<div class=\"wp-block-columns is-layout-flex wp-container-core-columns-is-layout-28f84493 wp-block-columns-is-layout-flex\">\n<div class=\"wp-block-column is-layout-flow wp-block-column-is-layout-flow\" style=\"flex-basis:100%\"><\/div>\n<\/div>\n<\/div>\n<\/div>\n\n\n\n<div style=\"height:200px\" aria-hidden=\"true\" class=\"wp-block-spacer\"><\/div>","protected":false},"excerpt":{"rendered":"<p>Kostnadseffektive l\u00f8sninger ARO pumper tilbyr effektive og kostnadseffektive l\u00f8sninger for overf\u00f8ring av v\u00e6ske fra ett lagringssted til et annet, ved \u00e5 bruke en ressurs de fleste industrielle operasjoner allerede har installert som en grunnleggende \u2013 trykkluft. Pulver membranpumpe 2\u201d Maks tetthet: 800 kg \/ m\u00b3. Maks trykk: 3,4 bar. Tilgjengelig i aluminium og syrefast rustfritt [&hellip;]<\/p>\n","protected":false},"author":25,"featured_media":0,"parent":0,"menu_order":0,"comment_status":"closed","ping_status":"closed","template":"","meta":{"_eb_attr":"","footnotes":""},"class_list":["post-1618","page","type-page","status-publish","hentry"],"blocksy_meta":[],"_links":{"self":[{"href":"https:\/\/momenta.no\/da\/wp-json\/wp\/v2\/pages\/1618","targetHints":{"allow":["GET"]}}],"collection":[{"href":"https:\/\/momenta.no\/da\/wp-json\/wp\/v2\/pages"}],"about":[{"href":"https:\/\/momenta.no\/da\/wp-json\/wp\/v2\/types\/page"}],"author":[{"embeddable":true,"href":"https:\/\/momenta.no\/da\/wp-json\/wp\/v2\/users\/25"}],"replies":[{"embeddable":true,"href":"https:\/\/momenta.no\/da\/wp-json\/wp\/v2\/comments?post=1618"}],"version-history":[{"count":6,"href":"https:\/\/momenta.no\/da\/wp-json\/wp\/v2\/pages\/1618\/revisions"}],"predecessor-version":[{"id":1923,"href":"https:\/\/momenta.no\/da\/wp-json\/wp\/v2\/pages\/1618\/revisions\/1923"}],"wp:attachment":[{"href":"https:\/\/momenta.no\/da\/wp-json\/wp\/v2\/media?parent=1618"}],"curies":[{"name":"wp","href":"https:\/\/api.w.org\/{rel}","templated":true}]}}