{"id":1612,"date":"2024-06-10T12:58:24","date_gmt":"2024-06-10T10:58:24","guid":{"rendered":"https:\/\/momenta.no\/?page_id=1612"},"modified":"2024-11-05T13:01:52","modified_gmt":"2024-11-05T12:01:52","slug":"graco-pumper","status":"publish","type":"page","link":"https:\/\/momenta.no\/da\/graco-pumper\/","title":{"rendered":"Graco Pumper"},"content":{"rendered":"<div class=\"wp-block-columns alignfull is-layout-flex wp-container-core-columns-is-layout-665c0c14 wp-block-columns-is-layout-flex\" style=\"border-radius:20px;margin-top:0;margin-bottom:0;padding-top:0;padding-right:var(--wp--preset--spacing--40);padding-bottom:0;padding-left:var(--wp--preset--spacing--40)\">\n<div class=\"wp-block-column is-vertically-aligned-center is-layout-constrained wp-container-core-column-is-layout-19e250f3 wp-block-column-is-layout-constrained\">\n<div class=\"wp-block-cover alignfull\" style=\"border-radius:20px;min-height:50vh;aspect-ratio:unset;\"><span aria-hidden=\"true\" class=\"wp-block-cover__background has-palette-color-2-background-color has-background-dim-40 has-background-dim\"><\/span><img decoding=\"async\" class=\"wp-block-cover__image-background wp-image-2427\" alt=\"\" src=\"https:\/\/en.momenta.no\/wp-content\/uploads\/sites\/2\/2024\/11\/graco.jpg\" data-object-fit=\"cover\"\/><div class=\"wp-block-cover__inner-container is-layout-constrained wp-block-cover-is-layout-constrained\">\n<div class=\"wp-block-essential-blocks-row alignfull  root-eb-row-p7seu\"><div class=\"eb-parent-wrapper eb-parent-eb-row-p7seu\"><div class=\"eb-row-root-container eb-row-p7seu\" data-id=\"eb-row-p7seu\"><div class=\"eb-row-wrapper\"><div class=\"eb-row-inner\">\n<div class=\"wp-block-essential-blocks-column  root-eb-column-bcp26\"><div class=\"eb-parent-wrapper eb-parent-eb-column-bcp26\"><div class=\"eb-column-wrapper eb-column-bcp26\"><div class=\"eb-column-inner\">\n<div style=\"height:127px\" aria-hidden=\"true\" class=\"wp-block-spacer\"><\/div>\n<\/div><\/div><\/div><\/div>\n\n\n\n<div class=\"wp-block-essential-blocks-column  root-eb-column-k5l7a\"><div class=\"eb-parent-wrapper eb-parent-eb-column-k5l7a\"><div class=\"eb-column-wrapper eb-column-k5l7a\"><div class=\"eb-column-inner\">\n<h1 class=\"wp-block-heading has-palette-color-8-color has-text-color has-link-color wp-elements-e76e484c8e80a56a3f1f6d2f4e2fd3de\">Graco Pumper<\/h1>\n<\/div><\/div><\/div><\/div>\n\n\n\n<div class=\"wp-block-essential-blocks-column  root-eb-column-f58wr\"><div class=\"eb-parent-wrapper eb-parent-eb-column-f58wr\"><div class=\"eb-column-wrapper eb-column-f58wr\"><div class=\"eb-column-inner\"><\/div><\/div><\/div><\/div>\n<\/div><\/div><\/div><\/div><\/div>\n<\/div><\/div>\n\n\n\n<div style=\"height:115px\" aria-hidden=\"true\" class=\"wp-block-spacer\"><\/div>\n<\/div>\n<\/div>\n\n\n\n<div class=\"wp-block-columns is-layout-flex wp-container-core-columns-is-layout-28f84493 wp-block-columns-is-layout-flex\" id=\"graco-innovation\">\n<div class=\"wp-block-column is-layout-flow wp-block-column-is-layout-flow\" style=\"flex-basis:5vw\"><\/div>\n\n\n\n<div class=\"wp-block-column is-layout-flow wp-block-column-is-layout-flow\">\n<div style=\"height:4px\" aria-hidden=\"true\" class=\"wp-block-spacer\"><\/div>\n\n\n\n<h3 class=\"wp-block-heading has-text-align-center has-x-large-font-size\">Oplev Gracos innovation<\/h3>\n\n\n\n<h6 class=\"wp-block-heading has-text-align-center\">Siden Graco blev grundlagt af Grey-br\u00f8drene Russell og Leil for over 90 \u00e5r siden, har vi bygget virksomheden p\u00e5 et st\u00e6rkt fundament af v\u00e6rdier, som fortsat definerer og styrer alt, hvad vi g\u00f8r for alle vores interessenter i dag. Man kan endda sige, at disse tidl\u00f8se v\u00e6rdier er Gracos \u00abmursten og m\u00f8rtel\u00bb.<\/h6>\n\n\n\n<div style=\"height:70px\" aria-hidden=\"true\" class=\"wp-block-spacer\"><\/div>\n<\/div>\n\n\n\n<div class=\"wp-block-column is-layout-flow wp-block-column-is-layout-flow\" style=\"flex-basis:5vw\"><\/div>\n<\/div>\n\n\n\n<div style=\"height:89px\" aria-hidden=\"true\" class=\"wp-block-spacer\"><\/div>\n\n\n\n<div class=\"wp-block-columns alignwide is-layout-flex wp-container-core-columns-is-layout-9c0ec117 wp-block-columns-is-layout-flex\" id=\"gracopumps\" style=\"border-radius:20px;margin-top:0;margin-bottom:0;padding-top:var(--wp--preset--spacing--30);padding-right:var(--wp--preset--spacing--60);padding-bottom:var(--wp--preset--spacing--30);padding-left:var(--wp--preset--spacing--60)\">\n<div class=\"wp-block-column is-layout-flow wp-block-column-is-layout-flow\" style=\"flex-basis:5%\"><\/div>\n\n\n\n<div class=\"wp-block-column is-layout-constrained wp-block-column-is-layout-constrained\">\n<figure class=\"wp-block-image size-full is-resized\" id=\"glass\"><img loading=\"lazy\" decoding=\"async\" width=\"602\" height=\"800\" src=\"https:\/\/momenta.no\/wp-content\/uploads\/\/2024\/05\/wolverine-pumps.png\" alt=\"\" class=\"wp-image-351\" style=\"aspect-ratio:1;object-fit:contain;width:500px\" srcset=\"https:\/\/momenta.no\/wp-content\/uploads\/2024\/05\/wolverine-pumps.png 602w, https:\/\/momenta.no\/wp-content\/uploads\/2024\/05\/wolverine-pumps-226x300.png 226w, https:\/\/momenta.no\/wp-content\/uploads\/2024\/05\/wolverine-pumps-600x797.png 600w\" sizes=\"auto, (max-width: 602px) 100vw, 602px\" \/><\/figure>\n<\/div>\n\n\n\n<div class=\"wp-block-column is-layout-flow wp-block-column-is-layout-flow\" style=\"flex-basis:2%\"><\/div>\n\n\n\n<div class=\"wp-block-column is-vertically-aligned-center is-layout-flow wp-block-column-is-layout-flow\" style=\"padding-top:var(--wp--preset--spacing--40);padding-right:0;padding-bottom:var(--wp--preset--spacing--40);padding-left:0\">\n<h3 class=\"wp-block-heading\" id=\"nikkiso\">Graco kemipumper<\/h3>\n\n\n\n<p>Gracos kemipumper er designet til at give p\u00e5lidelig ydelse under kr\u00e6vende forhold. Elektriske eller pneumatiske stempelpumper med digital styring til justering af pumpen.<\/p>\n\n\n\n<p><strong>Pumpemodeller:<br><\/strong>- Wolvering-pumpe<\/p>\n\n\n\n<div class=\"wp-block-buttons is-vertical is-content-justification-left is-layout-flex wp-container-core-buttons-is-layout-dd225191 wp-block-buttons-is-layout-flex\">\n<div class=\"wp-block-button\"><a class=\"wp-block-button__link wp-element-button\" href=\"https:\/\/momenta.no\/wp-content\/uploads\/\/2024\/06\/342664EN-B.pdf\">Download dokumenter<\/a><\/div>\n<\/div>\n<\/div>\n<\/div>\n\n\n\n<div style=\"height:200px\" aria-hidden=\"true\" class=\"wp-block-spacer\"><\/div>","protected":false},"excerpt":{"rendered":"<p>Opplev Graco innovasjon Siden Graco ble grunnlagt av Grey-br\u00f8drene Russell og Leil for over 90 \u00e5r siden, har vi bygget selskapet p\u00e5 et sterkt grunnlag av verdier som fortsetter \u00e5 definere og veilede alt vi gj\u00f8r for alle v\u00e5re interessenter i dag. Du kan til og med si at disse tidl\u00f8se verdiene er &laquo;murstein og [&hellip;]<\/p>\n","protected":false},"author":25,"featured_media":0,"parent":0,"menu_order":0,"comment_status":"closed","ping_status":"closed","template":"","meta":{"_eb_attr":"","footnotes":""},"class_list":["post-1612","page","type-page","status-publish","hentry"],"blocksy_meta":[],"_links":{"self":[{"href":"https:\/\/momenta.no\/da\/wp-json\/wp\/v2\/pages\/1612","targetHints":{"allow":["GET"]}}],"collection":[{"href":"https:\/\/momenta.no\/da\/wp-json\/wp\/v2\/pages"}],"about":[{"href":"https:\/\/momenta.no\/da\/wp-json\/wp\/v2\/types\/page"}],"author":[{"embeddable":true,"href":"https:\/\/momenta.no\/da\/wp-json\/wp\/v2\/users\/25"}],"replies":[{"embeddable":true,"href":"https:\/\/momenta.no\/da\/wp-json\/wp\/v2\/comments?post=1612"}],"version-history":[{"count":8,"href":"https:\/\/momenta.no\/da\/wp-json\/wp\/v2\/pages\/1612\/revisions"}],"predecessor-version":[{"id":2335,"href":"https:\/\/momenta.no\/da\/wp-json\/wp\/v2\/pages\/1612\/revisions\/2335"}],"wp:attachment":[{"href":"https:\/\/momenta.no\/da\/wp-json\/wp\/v2\/media?parent=1612"}],"curies":[{"name":"wp","href":"https:\/\/api.w.org\/{rel}","templated":true}]}}