{"id":1605,"date":"2024-06-10T12:50:43","date_gmt":"2024-06-10T10:50:43","guid":{"rendered":"https:\/\/momenta.no\/?page_id=1605"},"modified":"2024-11-05T12:34:33","modified_gmt":"2024-11-05T11:34:33","slug":"williams-pumer","status":"publish","type":"page","link":"https:\/\/momenta.no\/da\/williams-pumer\/","title":{"rendered":"Williams pumer"},"content":{"rendered":"<div class=\"wp-block-columns alignfull is-layout-flex wp-container-core-columns-is-layout-665c0c14 wp-block-columns-is-layout-flex\" style=\"border-radius:20px;margin-top:0;margin-bottom:0;padding-top:0;padding-right:var(--wp--preset--spacing--40);padding-bottom:0;padding-left:var(--wp--preset--spacing--40)\">\n<div class=\"wp-block-column is-vertically-aligned-center is-layout-constrained wp-container-core-column-is-layout-19e250f3 wp-block-column-is-layout-constrained\">\n<div class=\"wp-block-cover alignfull\" style=\"border-radius:20px;min-height:50vh;aspect-ratio:unset;\"><span aria-hidden=\"true\" class=\"wp-block-cover__background has-palette-color-2-background-color has-background-dim\"><\/span><img loading=\"lazy\" decoding=\"async\" width=\"1920\" height=\"802\" class=\"wp-block-cover__image-background wp-image-2327\" alt=\"\" src=\"https:\/\/momenta.no\/wp-content\/uploads\/2024\/11\/williams.jpg\" data-object-fit=\"cover\" srcset=\"https:\/\/momenta.no\/wp-content\/uploads\/2024\/11\/williams.jpg 1920w, https:\/\/momenta.no\/wp-content\/uploads\/2024\/11\/williams-300x125.jpg 300w, https:\/\/momenta.no\/wp-content\/uploads\/2024\/11\/williams-1024x428.jpg 1024w, https:\/\/momenta.no\/wp-content\/uploads\/2024\/11\/williams-768x321.jpg 768w, https:\/\/momenta.no\/wp-content\/uploads\/2024\/11\/williams-1536x642.jpg 1536w\" sizes=\"auto, (max-width: 1920px) 100vw, 1920px\" \/><div class=\"wp-block-cover__inner-container is-layout-constrained wp-block-cover-is-layout-constrained\">\n<p class=\"has-text-align-center has-large-font-size\"><\/p>\n\n\n\n<div class=\"wp-block-essential-blocks-row alignfull  root-eb-row-p7seu\"><div class=\"eb-parent-wrapper eb-parent-eb-row-p7seu\"><div class=\"eb-row-root-container eb-row-p7seu\" data-id=\"eb-row-p7seu\"><div class=\"eb-row-wrapper\"><div class=\"eb-row-inner\">\n<div class=\"wp-block-essential-blocks-column  root-eb-column-bcp26\"><div class=\"eb-parent-wrapper eb-parent-eb-column-bcp26\"><div class=\"eb-column-wrapper eb-column-bcp26\"><div class=\"eb-column-inner\">\n<div style=\"height:127px\" aria-hidden=\"true\" class=\"wp-block-spacer\"><\/div>\n<\/div><\/div><\/div><\/div>\n\n\n\n<div class=\"wp-block-essential-blocks-column  root-eb-column-k5l7a\"><div class=\"eb-parent-wrapper eb-parent-eb-column-k5l7a\"><div class=\"eb-column-wrapper eb-column-k5l7a\"><div class=\"eb-column-inner\">\n<h1 class=\"wp-block-heading has-palette-color-8-color has-text-color has-link-color wp-elements-32176ce1610ee8cb98b8fedbc8844c4b\">Williams-pumper<\/h1>\n<\/div><\/div><\/div><\/div>\n\n\n\n<div class=\"wp-block-essential-blocks-column  root-eb-column-f58wr\"><div class=\"eb-parent-wrapper eb-parent-eb-column-f58wr\"><div class=\"eb-column-wrapper eb-column-f58wr\"><div class=\"eb-column-inner\"><\/div><\/div><\/div><\/div>\n<\/div><\/div><\/div><\/div><\/div>\n\n\n\n<p class=\"has-text-align-center has-large-font-size\"><\/p>\n<\/div><\/div>\n<\/div>\n<\/div>\n\n\n\n<div style=\"height:115px\" aria-hidden=\"true\" class=\"wp-block-spacer\"><\/div>\n\n\n\n<div class=\"wp-block-columns is-layout-flex wp-container-core-columns-is-layout-28f84493 wp-block-columns-is-layout-flex\" id=\"williams-standard\">\n<div class=\"wp-block-column is-layout-flow wp-block-column-is-layout-flow\" style=\"flex-basis:5vw\"><\/div>\n\n\n\n<div class=\"wp-block-column is-layout-flow wp-block-column-is-layout-flow\">\n<div style=\"height:4px\" aria-hidden=\"true\" class=\"wp-block-spacer\"><\/div>\n\n\n\n<h3 class=\"wp-block-heading has-text-align-center has-x-large-font-size\">Williams Pumps - en standard i de fleste af verdens olie- og gasselskaber.<\/h3>\n\n\n\n<h6 class=\"wp-block-heading has-text-align-center\">Williams kemikalieindspr\u00f8jtningspumper tilbyder overlegen kemisk kompatibilitet og modstandsdygtighed, til lave m\u00e6ngder eller h\u00f8je tryk<\/h6>\n\n\n\n<div style=\"height:70px\" aria-hidden=\"true\" class=\"wp-block-spacer\"><\/div>\n<\/div>\n\n\n\n<div class=\"wp-block-column is-layout-flow wp-block-column-is-layout-flow\" style=\"flex-basis:5vw\"><\/div>\n<\/div>\n\n\n\n<div style=\"height:89px\" aria-hidden=\"true\" class=\"wp-block-spacer\"><\/div>\n\n\n\n<div class=\"wp-block-columns alignwide is-layout-flex wp-container-core-columns-is-layout-9c0ec117 wp-block-columns-is-layout-flex\" style=\"border-radius:20px;margin-top:0;margin-bottom:0;padding-top:var(--wp--preset--spacing--30);padding-right:var(--wp--preset--spacing--60);padding-bottom:var(--wp--preset--spacing--30);padding-left:var(--wp--preset--spacing--60)\">\n<div class=\"wp-block-column is-layout-flow wp-block-column-is-layout-flow\" style=\"flex-basis:5%\"><\/div>\n\n\n\n<div class=\"wp-block-column is-layout-constrained wp-block-column-is-layout-constrained\">\n<figure class=\"wp-block-image size-full is-resized\" id=\"glass\"><img loading=\"lazy\" decoding=\"async\" width=\"800\" height=\"640\" src=\"https:\/\/momenta.no\/wp-content\/uploads\/\/2024\/05\/Williams-CLD.png\" alt=\"\" class=\"wp-image-349\" style=\"aspect-ratio:1;object-fit:contain;width:500px\" srcset=\"https:\/\/momenta.no\/wp-content\/uploads\/2024\/05\/Williams-CLD.png 800w, https:\/\/momenta.no\/wp-content\/uploads\/2024\/05\/Williams-CLD-300x240.png 300w, https:\/\/momenta.no\/wp-content\/uploads\/2024\/05\/Williams-CLD-768x614.png 768w, https:\/\/momenta.no\/wp-content\/uploads\/2024\/05\/Williams-CLD-600x480.png 600w\" sizes=\"auto, (max-width: 800px) 100vw, 800px\" \/><\/figure>\n<\/div>\n\n\n\n<div class=\"wp-block-column is-layout-flow wp-block-column-is-layout-flow\" style=\"flex-basis:2%\"><\/div>\n\n\n\n<div class=\"wp-block-column is-vertically-aligned-center is-layout-flow wp-block-column-is-layout-flow\" style=\"padding-top:var(--wp--preset--spacing--40);padding-right:0;padding-bottom:var(--wp--preset--spacing--40);padding-left:0\">\n<h3 class=\"wp-block-heading\" id=\"nikkiso\">Williams-pumper<\/h3>\n\n\n\n<p>WilliamsPumps er pneumatiske doseringspumper, der er velegnede til pr\u00e6cis indspr\u00f8jtning af kemikalier til specifikke krav. SS316-materialer giver overlegen kemisk kompatibilitet og modstandsdygtighed. Stempel, membran eller hydraulisk membran f\u00e5s, inklusive MK-styring.<\/p>\n\n\n\n<p>Pumpemodeller:<br>- V-serien<br>- W-serien<br>- Wilroy-serien<br>- CLD-serien<\/p>\n\n\n\n<div class=\"wp-block-buttons is-vertical is-content-justification-left is-layout-flex wp-container-core-buttons-is-layout-dd225191 wp-block-buttons-is-layout-flex\">\n<div class=\"wp-block-button\"><a class=\"wp-block-button__link wp-element-button\" href=\"https:\/\/momenta.no\/wp-content\/uploads\/\/2024\/06\/30950-Williams-V-Dual-Seal-Plunger-12-2012.pdf\">Download dokumenter<\/a><\/div>\n<\/div>\n<\/div>\n<\/div>\n\n\n\n<div style=\"height:200px\" aria-hidden=\"true\" class=\"wp-block-spacer\"><\/div>","protected":false},"excerpt":{"rendered":"<p>Williams Pumps &#8211; en standard hos de fleste av verdens olje- og gasselskaper. Williams kjemiske injeksjonspumper tilbyr overlegen kjemisk kompatibilitet og motstand, for lave volum eller h\u00f8yt trykk Williams Pumps WilliamsPumps er pneumatiske doseringspumper som er egnet til \u00e5 injisere kjemikalier n\u00f8yaktig for spesifikke krav. SS316 materialer for overlegen kjemisk kompatibilitet og motstand. Stempel, membran [&hellip;]<\/p>\n","protected":false},"author":25,"featured_media":0,"parent":0,"menu_order":0,"comment_status":"closed","ping_status":"closed","template":"","meta":{"_eb_attr":"","footnotes":""},"class_list":["post-1605","page","type-page","status-publish","hentry"],"blocksy_meta":[],"_links":{"self":[{"href":"https:\/\/momenta.no\/da\/wp-json\/wp\/v2\/pages\/1605","targetHints":{"allow":["GET"]}}],"collection":[{"href":"https:\/\/momenta.no\/da\/wp-json\/wp\/v2\/pages"}],"about":[{"href":"https:\/\/momenta.no\/da\/wp-json\/wp\/v2\/types\/page"}],"author":[{"embeddable":true,"href":"https:\/\/momenta.no\/da\/wp-json\/wp\/v2\/users\/25"}],"replies":[{"embeddable":true,"href":"https:\/\/momenta.no\/da\/wp-json\/wp\/v2\/comments?post=1605"}],"version-history":[{"count":8,"href":"https:\/\/momenta.no\/da\/wp-json\/wp\/v2\/pages\/1605\/revisions"}],"predecessor-version":[{"id":2329,"href":"https:\/\/momenta.no\/da\/wp-json\/wp\/v2\/pages\/1605\/revisions\/2329"}],"wp:attachment":[{"href":"https:\/\/momenta.no\/da\/wp-json\/wp\/v2\/media?parent=1605"}],"curies":[{"name":"wp","href":"https:\/\/api.w.org\/{rel}","templated":true}]}}