{"id":1125,"date":"2024-06-04T10:08:08","date_gmt":"2024-06-04T08:08:08","guid":{"rendered":"https:\/\/momenta.no\/?page_id=1125"},"modified":"2024-06-24T14:58:24","modified_gmt":"2024-06-24T12:58:24","slug":"discflo-pumer","status":"publish","type":"page","link":"https:\/\/momenta.no\/da\/discflo-pumer\/","title":{"rendered":"Discflo pumer"},"content":{"rendered":"<div class=\"wp-block-columns alignfull is-layout-flex wp-container-core-columns-is-layout-665c0c14 wp-block-columns-is-layout-flex\" style=\"border-radius:20px;margin-top:0;margin-bottom:0;padding-top:0;padding-right:var(--wp--preset--spacing--40);padding-bottom:0;padding-left:var(--wp--preset--spacing--40)\">\n<div class=\"wp-block-column is-vertically-aligned-center is-layout-constrained wp-container-core-column-is-layout-19e250f3 wp-block-column-is-layout-constrained\">\n<div class=\"wp-block-cover alignfull\" style=\"border-radius:20px;min-height:50vh;aspect-ratio:unset;\"><span aria-hidden=\"true\" class=\"wp-block-cover__background has-background-dim-80 has-background-dim wp-block-cover__gradient-background has-background-gradient\" style=\"background:linear-gradient(34deg,rgb(10,90,173) 26%,rgba(0,143,252,0.18) 64%)\"><\/span><img loading=\"lazy\" decoding=\"async\" width=\"1920\" height=\"691\" class=\"wp-block-cover__image-background wp-image-1126\" alt=\"\" src=\"https:\/\/momenta.no\/wp-content\/uploads\/\/2024\/06\/discflo_diffrent-1.jpg\" style=\"object-position:61% 81%\" data-object-fit=\"cover\" data-object-position=\"61% 81%\" srcset=\"https:\/\/momenta.no\/wp-content\/uploads\/2024\/06\/discflo_diffrent-1.jpg 1920w, https:\/\/momenta.no\/wp-content\/uploads\/2024\/06\/discflo_diffrent-1-300x108.jpg 300w, https:\/\/momenta.no\/wp-content\/uploads\/2024\/06\/discflo_diffrent-1-1024x369.jpg 1024w, https:\/\/momenta.no\/wp-content\/uploads\/2024\/06\/discflo_diffrent-1-768x276.jpg 768w, https:\/\/momenta.no\/wp-content\/uploads\/2024\/06\/discflo_diffrent-1-1536x553.jpg 1536w, https:\/\/momenta.no\/wp-content\/uploads\/2024\/06\/discflo_diffrent-1-600x216.jpg 600w\" sizes=\"auto, (max-width: 1920px) 100vw, 1920px\" \/><div class=\"wp-block-cover__inner-container is-layout-constrained wp-block-cover-is-layout-constrained\">\n<div class=\"wp-block-essential-blocks-row alignfull  root-eb-row-p7seu\"><div class=\"eb-parent-wrapper eb-parent-eb-row-p7seu\"><div class=\"eb-row-root-container eb-row-p7seu\" data-id=\"eb-row-p7seu\"><div class=\"eb-row-wrapper\"><div class=\"eb-row-inner\">\n<div class=\"wp-block-essential-blocks-column  root-eb-column-bcp26\"><div class=\"eb-parent-wrapper eb-parent-eb-column-bcp26\"><div class=\"eb-column-wrapper eb-column-bcp26\"><div class=\"eb-column-inner\">\n<div style=\"height:127px\" aria-hidden=\"true\" class=\"wp-block-spacer\"><\/div>\n<\/div><\/div><\/div><\/div>\n\n\n\n<div class=\"wp-block-essential-blocks-column  root-eb-column-k5l7a\"><div class=\"eb-parent-wrapper eb-parent-eb-column-k5l7a\"><div class=\"eb-column-wrapper eb-column-k5l7a\"><div class=\"eb-column-inner\">\n<h1 class=\"wp-block-heading has-palette-color-8-color has-text-color has-link-color wp-elements-0482a5d5fca8fb2d1d48b2a966be28d4\">Discflo-pumper<\/h1>\n<\/div><\/div><\/div><\/div>\n\n\n\n<div class=\"wp-block-essential-blocks-column  root-eb-column-f58wr\"><div class=\"eb-parent-wrapper eb-parent-eb-column-f58wr\"><div class=\"eb-column-wrapper eb-column-f58wr\"><div class=\"eb-column-inner\"><\/div><\/div><\/div><\/div>\n<\/div><\/div><\/div><\/div><\/div>\n<\/div><\/div>\n\n\n\n<div style=\"height:115px\" aria-hidden=\"true\" class=\"wp-block-spacer\"><\/div>\n<\/div>\n<\/div>\n\n\n\n<div class=\"wp-block-columns is-layout-flex wp-container-core-columns-is-layout-28f84493 wp-block-columns-is-layout-flex\">\n<div class=\"wp-block-column is-layout-flow wp-block-column-is-layout-flow\">\n<div class=\"wp-block-columns is-layout-flex wp-container-core-columns-is-layout-28f84493 wp-block-columns-is-layout-flex\">\n<div class=\"wp-block-column is-layout-flow wp-block-column-is-layout-flow\" style=\"flex-basis:5vw\"><\/div>\n\n\n\n<div class=\"wp-block-column is-layout-flow wp-block-column-is-layout-flow\">\n<h2 class=\"wp-block-heading has-text-align-center has-x-large-font-size\">Discflo til de h\u00e5rde opgaver<\/h2>\n\n\n\n<h6 class=\"wp-block-heading has-text-align-center\">Discflo-pumper er robuste, s\u00e5 de kan klare de h\u00e5rdeste opgaver. Discflo-pumper er designet med en ekstra kraftig aksel og kuglelejer, udtr\u00e6kkelig konstruktion for lettere vedligeholdelse og centerlinjest\u00f8tte for stabilitet ved h\u00f8je temperaturer. Produkterne <strong>leveret i henhold til API-610<\/strong> hvis det \u00f8nskes.<\/h6>\n\n\n\n<div style=\"height:70px\" aria-hidden=\"true\" class=\"wp-block-spacer\"><\/div>\n<\/div>\n\n\n\n<div class=\"wp-block-column is-layout-flow wp-block-column-is-layout-flow\" style=\"flex-basis:5vw\"><\/div>\n<\/div>\n\n\n\n<div class=\"wp-block-columns alignwide is-layout-flex wp-container-core-columns-is-layout-28f84493 wp-block-columns-is-layout-flex\">\n<div class=\"wp-block-column is-layout-flow wp-block-column-is-layout-flow\">\n<div class=\"wp-block-columns alignwide has-palette-color-5-background-color has-background is-layout-flex wp-container-core-columns-is-layout-9c0ec117 wp-block-columns-is-layout-flex\" style=\"border-radius:20px;margin-top:0;margin-bottom:0;padding-top:var(--wp--preset--spacing--30);padding-right:var(--wp--preset--spacing--60);padding-bottom:var(--wp--preset--spacing--30);padding-left:var(--wp--preset--spacing--60)\">\n<div class=\"wp-block-column is-layout-constrained wp-block-column-is-layout-constrained\">\n<div class=\"wp-block-cover is-light has-aspect-ratio\" style=\"min-height:450px;aspect-ratio:1;min-height:unset;\"><span aria-hidden=\"true\" class=\"wp-block-cover__background has-palette-color-6-background-color has-background-dim-0 has-background-dim\"><\/span><div class=\"wp-block-cover__inner-container is-layout-constrained wp-block-cover-is-layout-constrained\">\n<div class=\"wp-block-essential-blocks-advanced-image  root-eb-advanced-image-ahr3m\"><div class=\"eb-parent-wrapper eb-parent-eb-advanced-image-ahr3m\"><figure class=\"eb-advanced-image-wrapper eb-advanced-image-ahr3m img-style-rounded caption-style-2 caption-horizontal-center caption-vertical-bottom bottom zoom-in\" data-id=\"eb-advanced-image-ahr3m\"><div class=\"image-wrapper\"><a class=\"eb-advimg-link\" href=\"https:\/\/momenta.no\/discflo-pumer\/#glass\"><\/a><img decoding=\"async\" src=\"https:\/\/momenta.no\/wp-content\/uploads\/\/2024\/05\/Glass-Lined-Pumps.png\" alt=\"\"\/><\/div><figcaption>Discflo glasforede pumper<\/figcaption><\/figure><\/div><\/div>\n<\/div><\/div>\n<\/div>\n<\/div>\n<\/div>\n\n\n\n<div class=\"wp-block-column is-layout-flow wp-block-column-is-layout-flow\">\n<div class=\"wp-block-columns alignwide has-palette-color-5-background-color has-background is-layout-flex wp-container-core-columns-is-layout-9c0ec117 wp-block-columns-is-layout-flex\" style=\"border-radius:20px;margin-top:0;margin-bottom:0;padding-top:var(--wp--preset--spacing--30);padding-right:var(--wp--preset--spacing--60);padding-bottom:var(--wp--preset--spacing--30);padding-left:var(--wp--preset--spacing--60)\">\n<div class=\"wp-block-column is-layout-constrained wp-block-column-is-layout-constrained\">\n<div class=\"wp-block-cover is-light has-aspect-ratio\" style=\"min-height:450px;aspect-ratio:1;min-height:unset;\"><span aria-hidden=\"true\" class=\"wp-block-cover__background has-palette-color-6-background-color has-background-dim-0 has-background-dim\"><\/span><div class=\"wp-block-cover__inner-container is-layout-constrained wp-block-cover-is-layout-constrained\">\n<div class=\"wp-block-essential-blocks-advanced-image  root-eb-advanced-image-470g1\"><div class=\"eb-parent-wrapper eb-parent-eb-advanced-image-470g1\"><figure class=\"eb-advanced-image-wrapper eb-advanced-image-470g1 img-style-rounded caption-style-2 caption-horizontal-center caption-vertical-bottom bottom zoom-in\" data-id=\"eb-advanced-image-470g1\"><div class=\"image-wrapper\"><a class=\"eb-advimg-link\" href=\"https:\/\/momenta.no\/discflo-pumer\/#horisontal\"><\/a><img decoding=\"async\" src=\"https:\/\/momenta.no\/wp-content\/uploads\/\/2024\/06\/In-Line.png\" alt=\"\"\/><\/div><figcaption>Discflo vandrette pumper<\/figcaption><\/figure><\/div><\/div>\n<\/div><\/div>\n<\/div>\n<\/div>\n<\/div>\n\n\n\n<div class=\"wp-block-column is-layout-flow wp-block-column-is-layout-flow\">\n<div class=\"wp-block-columns alignwide has-palette-color-5-background-color has-background is-layout-flex wp-container-core-columns-is-layout-9c0ec117 wp-block-columns-is-layout-flex\" style=\"border-radius:20px;margin-top:0;margin-bottom:0;padding-top:var(--wp--preset--spacing--30);padding-right:var(--wp--preset--spacing--60);padding-bottom:var(--wp--preset--spacing--30);padding-left:var(--wp--preset--spacing--60)\">\n<div class=\"wp-block-column is-layout-constrained wp-block-column-is-layout-constrained\">\n<div class=\"wp-block-cover is-light has-aspect-ratio\" style=\"min-height:450px;aspect-ratio:1;min-height:unset;\"><span aria-hidden=\"true\" class=\"wp-block-cover__background has-palette-color-6-background-color has-background-dim-0 has-background-dim\"><\/span><div class=\"wp-block-cover__inner-container is-layout-constrained wp-block-cover-is-layout-constrained\">\n<div class=\"wp-block-essential-blocks-advanced-image  root-eb-advanced-image-3b9i8\"><div class=\"eb-parent-wrapper eb-parent-eb-advanced-image-3b9i8\"><figure class=\"eb-advanced-image-wrapper eb-advanced-image-3b9i8 img-style-rounded caption-style-2 caption-horizontal-center caption-vertical-bottom bottom zoom-in\" data-id=\"eb-advanced-image-3b9i8\"><div class=\"image-wrapper\"><a class=\"eb-advimg-link\" href=\"https:\/\/momenta.no\/discflo-pumer\/#nedsenkbar\"><\/a><img decoding=\"async\" src=\"https:\/\/momenta.no\/wp-content\/uploads\/\/2024\/06\/Submersible-Pumps.png\" alt=\"\"\/><\/div><figcaption>Discflo dykpumper<\/figcaption><\/figure><\/div><\/div>\n<\/div><\/div>\n<\/div>\n<\/div>\n<\/div>\n<\/div>\n\n\n\n<div style=\"height:50px\" aria-hidden=\"true\" class=\"wp-block-spacer\"><\/div>\n<\/div>\n<\/div>\n\n\n\n<div class=\"wp-block-columns alignwide is-layout-flex wp-container-core-columns-is-layout-9c0ec117 wp-block-columns-is-layout-flex\" style=\"border-radius:20px;margin-top:0;margin-bottom:0;padding-top:var(--wp--preset--spacing--30);padding-right:var(--wp--preset--spacing--60);padding-bottom:var(--wp--preset--spacing--30);padding-left:var(--wp--preset--spacing--60)\">\n<div class=\"wp-block-column is-layout-flow wp-block-column-is-layout-flow\" style=\"flex-basis:5%\"><\/div>\n\n\n\n<div class=\"wp-block-column is-layout-constrained wp-block-column-is-layout-constrained\">\n<figure class=\"wp-block-image size-full is-resized\" id=\"glass\"><img loading=\"lazy\" decoding=\"async\" width=\"516\" height=\"369\" src=\"https:\/\/momenta.no\/wp-content\/uploads\/\/2024\/05\/Glass-Lined-Pumps.png\" alt=\"\" class=\"wp-image-333\" style=\"aspect-ratio:1;object-fit:contain;width:500px\" srcset=\"https:\/\/momenta.no\/wp-content\/uploads\/2024\/05\/Glass-Lined-Pumps.png 516w, https:\/\/momenta.no\/wp-content\/uploads\/2024\/05\/Glass-Lined-Pumps-300x215.png 300w\" sizes=\"auto, (max-width: 516px) 100vw, 516px\" \/><\/figure>\n<\/div>\n\n\n\n<div class=\"wp-block-column is-layout-flow wp-block-column-is-layout-flow\" style=\"flex-basis:2%\"><\/div>\n\n\n\n<div class=\"wp-block-column is-vertically-aligned-center is-layout-flow wp-block-column-is-layout-flow\" style=\"padding-top:0;padding-right:0;padding-bottom:0;padding-left:0\">\n<h3 class=\"wp-block-heading\" id=\"nikkiso\">Discflo glasforede pumper<\/h3>\n\n\n\n<p>Et specialiseret udvalg af pumper med overlegen slid- og korrosionsbestandighed, der f\u00e5s til alle standard Discflo-pumpemodeller. Forl\u00e6nger en pumpes levetid sammenlignet med andre typer pumper i branchen.<\/p>\n\n\n\n<div class=\"wp-block-columns is-layout-flex wp-container-core-columns-is-layout-28f84493 wp-block-columns-is-layout-flex\">\n<div class=\"wp-block-column is-layout-flow wp-block-column-is-layout-flow\" style=\"flex-basis:100%\"><\/div>\n<\/div>\n<\/div>\n<\/div>\n\n\n\n<div style=\"height:100px\" aria-hidden=\"true\" class=\"wp-block-spacer\"><\/div>\n\n\n\n<div class=\"wp-block-columns alignwide has-palette-color-6-background-color has-background is-layout-flex wp-container-core-columns-is-layout-9c0ec117 wp-block-columns-is-layout-flex\" style=\"border-radius:20px;margin-top:0;margin-bottom:0;padding-top:var(--wp--preset--spacing--30);padding-right:var(--wp--preset--spacing--60);padding-bottom:var(--wp--preset--spacing--30);padding-left:var(--wp--preset--spacing--60)\">\n<div class=\"wp-block-column is-layout-flow wp-block-column-is-layout-flow\" style=\"flex-basis:5%\"><\/div>\n\n\n\n<div class=\"wp-block-column is-layout-constrained wp-block-column-is-layout-constrained\">\n<figure class=\"wp-block-image size-full is-resized\" id=\"horisontal\"><img loading=\"lazy\" decoding=\"async\" width=\"516\" height=\"395\" src=\"https:\/\/momenta.no\/wp-content\/uploads\/\/2024\/06\/In-Line.png\" alt=\"\" class=\"wp-image-1130\" style=\"aspect-ratio:1;object-fit:contain;width:500px\" srcset=\"https:\/\/momenta.no\/wp-content\/uploads\/2024\/06\/In-Line.png 516w, https:\/\/momenta.no\/wp-content\/uploads\/2024\/06\/In-Line-300x230.png 300w\" sizes=\"auto, (max-width: 516px) 100vw, 516px\" \/><\/figure>\n<\/div>\n\n\n\n<div class=\"wp-block-column is-layout-flow wp-block-column-is-layout-flow\" style=\"flex-basis:2%\"><\/div>\n\n\n\n<div class=\"wp-block-column is-vertically-aligned-center is-layout-flow wp-block-column-is-layout-flow\" style=\"padding-top:0;padding-right:0;padding-bottom:0;padding-left:0\">\n<h3 class=\"wp-block-heading\">Discflo vandrette pumper<\/h3>\n\n\n\n<p>Discflos serie af vandrette, endesugende skivepumper bruger den unikke Discpac-teknologi til at tilbyde et overlegent alternativ til centrifugal- og pc-pumper i kr\u00e6vende applikationer. Disc-pumper har ingen sn\u00e6vre tolerancer og leverer et lamin\u00e6rt, pulseringsfrit flow. Disc-pumpens unikke, ikke-p\u00e5virkende Discpac-\u2018l\u00f8behjul\u2019 forhindrer nedbrydning, emulgering og beskadigelse af sarte og sk\u00e6ref\u00f8lsomme produkter.<\/p>\n\n\n\n<div class=\"wp-block-columns is-layout-flex wp-container-core-columns-is-layout-28f84493 wp-block-columns-is-layout-flex\">\n<div class=\"wp-block-column is-layout-flow wp-block-column-is-layout-flow\" style=\"flex-basis:100%\"><\/div>\n<\/div>\n<\/div>\n<\/div>\n\n\n\n<div style=\"height:100px\" aria-hidden=\"true\" class=\"wp-block-spacer\"><\/div>\n\n\n\n<div class=\"wp-block-columns alignwide is-layout-flex wp-container-core-columns-is-layout-9c0ec117 wp-block-columns-is-layout-flex\" style=\"border-radius:20px;margin-top:0;margin-bottom:0;padding-top:var(--wp--preset--spacing--30);padding-right:var(--wp--preset--spacing--60);padding-bottom:var(--wp--preset--spacing--30);padding-left:var(--wp--preset--spacing--60)\">\n<div class=\"wp-block-column is-layout-flow wp-block-column-is-layout-flow\" style=\"flex-basis:5%\"><\/div>\n\n\n\n<div class=\"wp-block-column is-layout-constrained wp-block-column-is-layout-constrained\">\n<figure class=\"wp-block-image size-full is-resized\" id=\"nedsenkbar\"><img loading=\"lazy\" decoding=\"async\" width=\"516\" height=\"516\" src=\"https:\/\/momenta.no\/wp-content\/uploads\/\/2024\/06\/Submersible-Pumps.png\" alt=\"\" class=\"wp-image-1129\" style=\"aspect-ratio:1;object-fit:contain;width:500px\" srcset=\"https:\/\/momenta.no\/wp-content\/uploads\/2024\/06\/Submersible-Pumps.png 516w, https:\/\/momenta.no\/wp-content\/uploads\/2024\/06\/Submersible-Pumps-300x300.png 300w, https:\/\/momenta.no\/wp-content\/uploads\/2024\/06\/Submersible-Pumps-150x150.png 150w, https:\/\/momenta.no\/wp-content\/uploads\/2024\/06\/Submersible-Pumps-500x500.png 500w, https:\/\/momenta.no\/wp-content\/uploads\/2024\/06\/Submersible-Pumps-100x100.png 100w\" sizes=\"auto, (max-width: 516px) 100vw, 516px\" \/><\/figure>\n<\/div>\n\n\n\n<div class=\"wp-block-column is-layout-flow wp-block-column-is-layout-flow\" style=\"flex-basis:2%\"><\/div>\n\n\n\n<div class=\"wp-block-column is-vertically-aligned-center is-layout-flow wp-block-column-is-layout-flow\" style=\"padding-top:0;padding-right:0;padding-bottom:0;padding-left:0\">\n<h3 class=\"wp-block-heading\" id=\"metering\">Discflo dykpumper<\/h3>\n\n\n\n<p>Discflos dykpumper er den perfekte l\u00f8sning til tyktflydende, slibende og\/eller meget faste stoffer. Pumperne er med succes blevet brugt i nogle af de h\u00e5rdeste installationer, herunder slam, giftigt slam, atomaffald, overf\u00f8rsel af afl\u00f8bstanke, boring, opmudring og milj\u00f8sanering. I mange tilf\u00e6lde bliver pumperne eftermonteret som erstatning for andre og mindre egnede pumper.<\/p>\n\n\n\n<div class=\"wp-block-columns is-layout-flex wp-container-core-columns-is-layout-28f84493 wp-block-columns-is-layout-flex\">\n<div class=\"wp-block-column is-layout-flow wp-block-column-is-layout-flow\" style=\"flex-basis:100%\"><\/div>\n<\/div>\n<\/div>\n<\/div>\n\n\n\n<div style=\"height:200px\" aria-hidden=\"true\" class=\"wp-block-spacer\"><\/div>","protected":false},"excerpt":{"rendered":"<p>Discflo for de t\u00f8ffe jobbene Discflo-pumper er robuste, slik at de kan h\u00e5ndtere de t\u00f8ffeste jobbene. Discflo pumpene er designet med ekstra kraftig aksel og kulelagre, uttrekkbar konstruksjon for enklere vedlikehold og senterlinjest\u00f8tte for stabilitet ved h\u00f8y temperatur. Produktene leveres iht API-610 om \u00f8nskelig. Discflo glassforede pumper En spesialserie med pumper som tilbyr overlegen slitasje- [&hellip;]<\/p>\n","protected":false},"author":25,"featured_media":0,"parent":0,"menu_order":0,"comment_status":"closed","ping_status":"closed","template":"","meta":{"_eb_attr":"","footnotes":""},"class_list":["post-1125","page","type-page","status-publish","hentry"],"blocksy_meta":[],"_links":{"self":[{"href":"https:\/\/momenta.no\/da\/wp-json\/wp\/v2\/pages\/1125","targetHints":{"allow":["GET"]}}],"collection":[{"href":"https:\/\/momenta.no\/da\/wp-json\/wp\/v2\/pages"}],"about":[{"href":"https:\/\/momenta.no\/da\/wp-json\/wp\/v2\/types\/page"}],"author":[{"embeddable":true,"href":"https:\/\/momenta.no\/da\/wp-json\/wp\/v2\/users\/25"}],"replies":[{"embeddable":true,"href":"https:\/\/momenta.no\/da\/wp-json\/wp\/v2\/comments?post=1125"}],"version-history":[{"count":10,"href":"https:\/\/momenta.no\/da\/wp-json\/wp\/v2\/pages\/1125\/revisions"}],"predecessor-version":[{"id":1909,"href":"https:\/\/momenta.no\/da\/wp-json\/wp\/v2\/pages\/1125\/revisions\/1909"}],"wp:attachment":[{"href":"https:\/\/momenta.no\/da\/wp-json\/wp\/v2\/media?parent=1125"}],"curies":[{"name":"wp","href":"https:\/\/api.w.org\/{rel}","templated":true}]}}